{"id":461164,"date":"2025-06-15T06:53:59","date_gmt":"2025-06-15T04:53:59","guid":{"rendered":"https:\/\/lucacastelli.com\/prodotto\/bandsaege\/"},"modified":"2026-04-16T02:31:42","modified_gmt":"2026-04-16T00:31:42","slug":"bandsaege-7","status":"publish","type":"product","link":"https:\/\/lucacastelli.com\/de\/produkt\/bandsaege-7\/","title":{"rendered":"MILWAUKEE Bands\u00e4ge"},"content":{"rendered":"<p>Komfortable Einhandbedienung \u2013 nur 3,2 kg Gewicht&lt;br&gt; REDLINK\u2122-Elektronik sch\u00fctzt Ger\u00e4t und Akku vor \u00dcberlastung&lt;br&gt; Vielseitigkeit: schneidet zahlreiche Materialien wie Stahl, Edelstahl, Kupfer, Kunststoff, Aluminium&lt;br&gt; Vollst\u00e4ndig integriertes S\u00e4geblatt f\u00fcr erh\u00f6hten Anwenderschutz und bequeme Entriegelung f\u00fcr schnellen Blattwechsel&lt;br&gt; Kaltschnitt \u2013 funkenfrei&lt;br&gt; Sauberer Schnitt \u2013 die optimale Ger\u00e4tebalance und spezielle Kugellager garantieren Stabilit\u00e4t sowie eine perfekte, gratfreie Schnittqualit\u00e4t&lt;br&gt; Einzelzellen\u00fcberwachung f\u00fcr gleichm\u00e4\u00dfige Entladung des Akkupacks sowie l\u00e4ngere Laufzeit und Lebensdauer&lt;br&gt; Ladestandsanzeige und LED-Licht zur Beleuchtung des Arbeitsbereichs&lt;br&gt; Der REDLITHIUM\u2122-Akku bietet eine \u00fcberlegene Konstruktion, Elektronik und konstante Leistung f\u00fcr mehr Laufzeit und Produktivit\u00e4t w\u00e4hrend der gesamten Lebensdauer&lt;br&gt; 12V-Plattform: kompatibel mit allen Milwaukee\u00ae M12\u2122 Akkus<\/p>\n<p>BARCODE: 4002395242092<\/p>\n<p>Technische Daten<br \/>\nKeine Tasche oder Box im Lieferumfang enthalten<\/p>\n<p>Lieferung ohne Akkus, ohne Ladeger\u00e4t, ohne Kitbox oder Tasche, S\u00e4geblatt 18 Tpi<\/p>\n","protected":false},"excerpt":{"rendered":"<p>Komfortable Einhandbedienung \u2013 nur 3,2 kg Gewicht&lt;br&gt; REDLINK\u2122-Elektronik sch\u00fctzt Ger\u00e4t und Akku vor \u00dcberlastung&lt;br&gt; Vielseitigkeit: schneidet zahlreiche Materialien wie Stahl,<\/p>\n","protected":false},"featured_media":459069,"template":"","meta":{"_seopress_robots_primary_cat":"none","_seopress_titles_title":"","_seopress_titles_desc":"","_seopress_robots_index":""},"product_brand":[3407],"product_cat":[29,514],"product_tag":[3270],"class_list":{"0":"post-461164","1":"product","2":"type-product","3":"status-publish","4":"has-post-thumbnail","6":"product_brand-milwaukee","7":"product_cat-macchinari","8":"product_cat-altri-dispositivi","9":"product_tag-import-milwau","10":"sws-gruppo-macchinari-de","11":"sws-conto-ricavi-merci-rivendita-macchinari-de","12":"sws-gruppo-iva-iva81-de","14":"first","15":"onbackorder","16":"sale","17":"purchasable","18":"product-type-simple"},"_links":{"self":[{"href":"https:\/\/lucacastelli.com\/de\/wp-json\/wp\/v2\/product\/461164","targetHints":{"allow":["GET"]}}],"collection":[{"href":"https:\/\/lucacastelli.com\/de\/wp-json\/wp\/v2\/product"}],"about":[{"href":"https:\/\/lucacastelli.com\/de\/wp-json\/wp\/v2\/types\/product"}],"wp:featuredmedia":[{"embeddable":true,"href":"https:\/\/lucacastelli.com\/de\/wp-json\/wp\/v2\/media\/459069"}],"wp:attachment":[{"href":"https:\/\/lucacastelli.com\/de\/wp-json\/wp\/v2\/media?parent=461164"}],"wp:term":[{"taxonomy":"product_brand","embeddable":true,"href":"https:\/\/lucacastelli.com\/de\/wp-json\/wp\/v2\/product_brand?post=461164"},{"taxonomy":"product_cat","embeddable":true,"href":"https:\/\/lucacastelli.com\/de\/wp-json\/wp\/v2\/product_cat?post=461164"},{"taxonomy":"product_tag","embeddable":true,"href":"https:\/\/lucacastelli.com\/de\/wp-json\/wp\/v2\/product_tag?post=461164"}],"curies":[{"name":"wp","href":"https:\/\/api.w.org\/{rel}","templated":true}]}}