{"id":461156,"date":"2025-06-15T07:11:31","date_gmt":"2025-06-15T05:11:31","guid":{"rendered":"https:\/\/lucacastelli.com\/prodotto\/bandschleifer\/"},"modified":"2025-06-29T07:33:48","modified_gmt":"2025-06-29T05:33:48","slug":"bandschleifer-2","status":"publish","type":"product","link":"https:\/\/lucacastelli.com\/de\/produkt\/bandschleifer-2\/","title":{"rendered":"MILWAUKEE Bandschleifer"},"content":{"rendered":"<p>Der leichteste Bandschleifer auf dem Markt, nur 1 kg mit 2 Ah Akku&lt;Br&gt;  Bessere Balance und Leistung im Vergleich zu pneumatischen Maschinen&lt;Br&gt;  Zwei Geschwindigkeiten k\u00f6nnen f\u00fcr maximale Kontrolle bei allen Anwendungen gew\u00e4hlt werden, vom Entfernen von Schwei\u00dfpunkten bis hin zu Edelstahl, Aluminium und Holz.&lt;Br&gt;  M\u00f6glichkeit, die Bandrichtung einzustellen, um Funken\/Sp\u00e4ne zu lenken&lt;Br&gt;  Einh\u00e4ndige Bedienung: perfekt f\u00fcr Anwendungen in engen R\u00e4umen oder \u00fcber Kopf&lt;Br&gt;  Der Kopf kann um 360\u00b0 gedreht werden.&lt;Br&gt;  Das Werkzeug erm\u00f6glicht die Arretierung des Ausl\u00f6sers, so dass Sie auch \u00fcber einen l\u00e4ngeren Zeitraum hinweg m\u00fchelos arbeiten k\u00f6nnen&lt;Br&gt;  Der Riemen kann ohne Werkzeug gewechselt werden&lt;Br&gt;  LED-Leuchten beleuchten den Arbeitsbereich effektiv&lt;Br&gt;  Funktioniert mit allen MILWAUKEE\u00ae M12\u2122Akkus<\/p>\n<p>BARCODE: 4058546412449<\/p>\n<p>Technische Daten<br \/>\n10<\/p>\n<p>2 x M12 B4 Akkupack, C12 C Ladeger\u00e4t, Tasche, 2 B\u00e4nder \u00e0 60<\/p>\n","protected":false},"excerpt":{"rendered":"<p>Der leichteste Bandschleifer auf dem Markt, nur 1 kg mit 2 Ah Akku&lt;Br&gt; Bessere Balance und Leistung im Vergleich zu<\/p>\n","protected":false},"featured_media":459177,"template":"","meta":{"_seopress_robots_primary_cat":"","_seopress_titles_title":"","_seopress_titles_desc":"","_seopress_robots_index":""},"product_brand":[3656],"product_cat":[1454,169],"product_tag":[3272],"class_list":{"0":"post-461156","1":"product","2":"type-product","3":"status-publish","4":"has-post-thumbnail","6":"product_brand-milwaukee-de","7":"product_cat-andere-gerate","8":"product_cat-maschinen","9":"product_tag-import-milwau-de","10":"sws-gruppo-macchinari-de","11":"sws-conto-ricavi-merci-rivendita-macchinari-de","12":"sws-gruppo-iva-iva81-de","14":"first","15":"onbackorder","16":"sale","17":"purchasable","18":"product-type-simple"},"_links":{"self":[{"href":"https:\/\/lucacastelli.com\/de\/wp-json\/wp\/v2\/product\/461156","targetHints":{"allow":["GET"]}}],"collection":[{"href":"https:\/\/lucacastelli.com\/de\/wp-json\/wp\/v2\/product"}],"about":[{"href":"https:\/\/lucacastelli.com\/de\/wp-json\/wp\/v2\/types\/product"}],"wp:featuredmedia":[{"embeddable":true,"href":"https:\/\/lucacastelli.com\/de\/wp-json\/wp\/v2\/media\/459177"}],"wp:attachment":[{"href":"https:\/\/lucacastelli.com\/de\/wp-json\/wp\/v2\/media?parent=461156"}],"wp:term":[{"taxonomy":"product_brand","embeddable":true,"href":"https:\/\/lucacastelli.com\/de\/wp-json\/wp\/v2\/product_brand?post=461156"},{"taxonomy":"product_cat","embeddable":true,"href":"https:\/\/lucacastelli.com\/de\/wp-json\/wp\/v2\/product_cat?post=461156"},{"taxonomy":"product_tag","embeddable":true,"href":"https:\/\/lucacastelli.com\/de\/wp-json\/wp\/v2\/product_tag?post=461156"}],"curies":[{"name":"wp","href":"https:\/\/api.w.org\/{rel}","templated":true}]}}