{"id":461128,"date":"2025-06-20T14:59:20","date_gmt":"2025-06-20T12:59:20","guid":{"rendered":"https:\/\/lucacastelli.com\/prodotto\/forstkoppel-schultertragesystem-mit-smartphonetasche-neonorange\/"},"modified":"2025-06-29T00:53:16","modified_gmt":"2025-06-28T22:53:16","slug":"forstkoppel-schultertragesystem-mit-smartphonetasche-neonorange","status":"publish","type":"product","link":"https:\/\/lucacastelli.com\/de\/produkt\/forstkoppel-schultertragesystem-mit-smartphonetasche-neonorange\/","title":{"rendered":"Forstkoppel Schultertragesystem mit Smartphonepockets neonorange"},"content":{"rendered":"<p>Das Forest Belt Shoulder Carrying System ist eine ergonomische Erg\u00e4nzung zum Werkzeugg\u00fcrtel. Er verteilt einen Teil des Gewichts der mitgef\u00fchrten Werkzeuge auf die Schultern. Selbstverst\u00e4ndlich ist das Schultertragesystem individuell einstellbar.  <\/p>\n<p>Die Smartphone-Halterung hat folgende Ma\u00dfe: Au\u00dfenma\u00dfe 165 x 100 x 25 mm, Innenma\u00dfe 150 x 90 x 20 mm (L x B x H).<\/p>\n<ul>\n<li>Schultertragesystem f\u00fcr Forstgeschirr<\/li>\n<li>Individuell einstellbar<\/li>\n<li>breite Zurrgurte<\/li>\n<li>Signalfarben und reflektierende Streifen<\/li>\n<li>Frontverstellung auch fixierbar<\/li>\n<li>Gewicht 470 g<\/li>\n<\/ul>\n","protected":false},"excerpt":{"rendered":"<p>Das Forest Belt Shoulder Carrying System ist eine ergonomische Erg\u00e4nzung zum Werkzeugg\u00fcrtel. Er verteilt einen Teil des Gewichts der mitgef\u00fchrten<\/p>\n","protected":false},"featured_media":460968,"template":"","meta":{"_seopress_robots_primary_cat":"","_seopress_titles_title":"","_seopress_titles_desc":"","_seopress_robots_index":""},"product_brand":[3633],"product_cat":[1700,169],"product_tag":[],"class_list":{"0":"post-461128","1":"product","2":"type-product","3":"status-publish","4":"has-post-thumbnail","6":"product_brand-forstkoppel-de","7":"product_cat-forstwirtschaftliche-werkzeuge-und-zubehor","8":"product_cat-maschinen","9":"sws-gruppo-abb-libero-de","10":"sws-conto-ricavi-merci-rivendita-abbigliamento-de","11":"sws-gruppo-iva-iva81-de","13":"first","14":"instock","15":"shipping-taxable","16":"purchasable","17":"product-type-simple"},"_links":{"self":[{"href":"https:\/\/lucacastelli.com\/de\/wp-json\/wp\/v2\/product\/461128","targetHints":{"allow":["GET"]}}],"collection":[{"href":"https:\/\/lucacastelli.com\/de\/wp-json\/wp\/v2\/product"}],"about":[{"href":"https:\/\/lucacastelli.com\/de\/wp-json\/wp\/v2\/types\/product"}],"wp:featuredmedia":[{"embeddable":true,"href":"https:\/\/lucacastelli.com\/de\/wp-json\/wp\/v2\/media\/460968"}],"wp:attachment":[{"href":"https:\/\/lucacastelli.com\/de\/wp-json\/wp\/v2\/media?parent=461128"}],"wp:term":[{"taxonomy":"product_brand","embeddable":true,"href":"https:\/\/lucacastelli.com\/de\/wp-json\/wp\/v2\/product_brand?post=461128"},{"taxonomy":"product_cat","embeddable":true,"href":"https:\/\/lucacastelli.com\/de\/wp-json\/wp\/v2\/product_cat?post=461128"},{"taxonomy":"product_tag","embeddable":true,"href":"https:\/\/lucacastelli.com\/de\/wp-json\/wp\/v2\/product_tag?post=461128"}],"curies":[{"name":"wp","href":"https:\/\/api.w.org\/{rel}","templated":true}]}}