{"id":460913,"date":"2025-06-18T14:58:04","date_gmt":"2025-06-18T12:58:04","guid":{"rendered":"https:\/\/lucacastelli.com\/prodotto\/stihl-ms-391-2\/"},"modified":"2025-06-24T13:18:46","modified_gmt":"2025-06-24T11:18:46","slug":"stihl-ms-391-2","status":"publish","type":"product","link":"https:\/\/lucacastelli.com\/de\/produkt\/stihl-ms-391-2\/","title":{"rendered":"STIHL MS 391"},"content":{"rendered":"<p>Die neue, robuste Kettens\u00e4ge STIHL MS 391 ist f\u00fcr alle Landwirte, Landschaftsg\u00e4rtner und Handwerker erh\u00e4ltlich. Dank des innovativen Designs von Motor und Filtersystem ist sie besonders leistungsstark, wirtschaftlich, sauber und wartungsarm. All dies macht ihn zu einem wertvollen Werkzeug bei der Brennholzaufbereitung, bei Baumpflanzungen sowie bei Holzarbeiten. Au\u00dferdem erf\u00fcllt er die EU II-Abgasnorm, die 2012 in Kraft treten wird.   <\/p>\n<table class=\"technical_data\">\n<thead>\n<tr>\n<th class=\"col1\">Technische Daten<\/th>\n<th class=\"col2\">Wert<\/th>\n<\/tr>\n<\/thead>\n<tbody>\n<tr class=\"\">\n<td class=\"col1\">Zylinder cm\u00b3<\/td>\n<td class=\"col2\">64,1<\/td>\n<\/tr>\n<tr class=\"odd\">\n<td class=\"col1\"><span style=\"font-weight: normal;\">Leistung kW\/HP<\/span><\/td>\n<td class=\"col2\"><span style=\"font-weight: bold;\">3,<\/span><span style=\"font-weight: normal;\">3\/4,5<\/span><\/td>\n<\/tr>\n<tr class=\"\">\n<td class=\"col1\">Pesokg<br \/>\n 1<sup>)<\/sup><\/td>\n<td class=\"col2\">6,2<\/td>\n<\/tr>\n<tr class=\"odd\">\n<td class=\"col1\">Gewicht\/Leistungsverh\u00e4ltnis kg\/kW<\/td>\n<td class=\"col2\">1,9<\/td>\n<\/tr>\n<tr class=\"\">\n<td class=\"col1\">Volles Gewicht kg<br \/>\n 2<sup>)<\/sup><\/td>\n<td class=\"col2\">7,2 \/ 7,33<\/td>\n<\/tr>\n<tr class=\"odd\">\n<td class=\"col1\">CO2g\/kWh<\/td>\n<td class=\"col2\">755<\/td>\n<\/tr>\n<tr class=\"\">\n<td class=\"col1\">SchalldruckpegeladB(A)<br \/>\n 3<sup>)<\/sup><\/td>\n<td class=\"col2\">105<\/td>\n<\/tr>\n<tr class=\"odd\">\n<td class=\"col1\">SchallleistungspegeladB(A)<br \/>\n 3<sup>)<\/sup><\/td>\n<td class=\"col2\">117<\/td>\n<\/tr>\n<tr class=\"\">\n<td class=\"col1\">Vibrationswert links\/rechtsram\/s\u00b2<br \/>\n 4<sup>)<\/sup><\/td>\n<td class=\"col2\">4\/4<\/td>\n<\/tr>\n<tr class=\"odd\">\n<td class=\"col1\">Kettenteilung<\/td>\n<td class=\"col2\">3\/8 &#8220;<\/td>\n<\/tr>\n<\/tbody>\n<\/table>\n","protected":false},"excerpt":{"rendered":"<p>Die neue, robuste Kettens\u00e4ge STIHL MS 391 ist f\u00fcr alle Landwirte, Landschaftsg\u00e4rtner und Handwerker erh\u00e4ltlich. Dank des innovativen Designs von<\/p>\n","protected":false},"featured_media":460902,"template":"","meta":{"_seopress_robots_primary_cat":"none","_seopress_titles_title":"","_seopress_titles_desc":"","_seopress_robots_index":""},"product_brand":[3554],"product_cat":[169],"product_tag":[],"class_list":{"0":"post-460913","1":"product","2":"type-product","3":"status-publish","4":"has-post-thumbnail","6":"product_brand-stihl-de","7":"product_cat-maschinen","9":"first","10":"instock","11":"shipping-taxable","12":"purchasable","13":"product-type-simple"},"_links":{"self":[{"href":"https:\/\/lucacastelli.com\/de\/wp-json\/wp\/v2\/product\/460913","targetHints":{"allow":["GET"]}}],"collection":[{"href":"https:\/\/lucacastelli.com\/de\/wp-json\/wp\/v2\/product"}],"about":[{"href":"https:\/\/lucacastelli.com\/de\/wp-json\/wp\/v2\/types\/product"}],"wp:featuredmedia":[{"embeddable":true,"href":"https:\/\/lucacastelli.com\/de\/wp-json\/wp\/v2\/media\/460902"}],"wp:attachment":[{"href":"https:\/\/lucacastelli.com\/de\/wp-json\/wp\/v2\/media?parent=460913"}],"wp:term":[{"taxonomy":"product_brand","embeddable":true,"href":"https:\/\/lucacastelli.com\/de\/wp-json\/wp\/v2\/product_brand?post=460913"},{"taxonomy":"product_cat","embeddable":true,"href":"https:\/\/lucacastelli.com\/de\/wp-json\/wp\/v2\/product_cat?post=460913"},{"taxonomy":"product_tag","embeddable":true,"href":"https:\/\/lucacastelli.com\/de\/wp-json\/wp\/v2\/product_tag?post=460913"}],"curies":[{"name":"wp","href":"https:\/\/api.w.org\/{rel}","templated":true}]}}