{"id":460759,"date":"2025-06-16T07:38:22","date_gmt":"2025-06-16T05:38:22","guid":{"rendered":"https:\/\/lucacastelli.com\/prodotto\/hsa-130-t-75-cm-ohne-akku-und-lader\/"},"modified":"2025-07-07T13:00:56","modified_gmt":"2025-07-07T11:00:56","slug":"hsa-130-t-75-cm-ohne-akku-und-lader","status":"publish","type":"product","link":"https:\/\/lucacastelli.com\/de\/produkt\/hsa-130-t-75-cm-ohne-akku-und-lader\/","title":{"rendered":"STIHL HSA 130 T 75 cm ohne Akku und Ladeger\u00e4t"},"content":{"rendered":"<p>Leistungsstarke Profi-Heckenschere<br \/>\nDie leistungsstarke STIHL Heckenschere HSA 130 T unterst\u00fctzt Sie im professionellen Landschaftsbau und in Kommunen mit ihrem doppelseitigen scharfen Messer in der Trimmversion, das pr\u00e4zise Schnitte beim Beschneiden von Str\u00e4uchern und Hecken erm\u00f6glicht. Die Schneidmesser arbeiten mit hoher Geschwindigkeit, so dass Bl\u00e4tter und \u00c4ste sauber geschnitten werden. Sie k\u00f6nnen die Geschwindigkeit in 3 Stufen, von 4.400 H\u00fcben\/Minute bis 5.000 H\u00fcben\/Minute, am multifunktionalen Drehgriff einstellen. Die Geschwindigkeit bleibt auch bei hoher Belastung konstant.   <\/p>\n<p>Die STIHL HSA 130 T ist eine sehr leistungsstarke und robuste Akku-Heckenschere. Sie l\u00e4uft mit den Lithium-Ionen-Akkus des STIHL AP-Systems sehr leise, so dass Sie auch in l\u00e4rmempfindlichen Bereichen Hecken schneiden k\u00f6nnen. Der Multifunktionsgriff kann um 90\u00b0 nach rechts oder links gedreht werden. Auf diese Weise wird jeder Schnitt in verschiedene Richtungen stets durch eine ergonomisch g\u00fcnstige Arbeitsposition unterst\u00fctzt. F\u00fcr einen erm\u00fcdungsfreien Einsatz der Heckenschere STIHL HSA 130 T in jeder Arbeitsrichtung ist sie zus\u00e4tzlich mit einem gebogenen Griff ausgestattet. Der angeschraubte Schneid- und F\u00fchrungsschutz sch\u00fctzt Ihre Sicherheit und den Schneidaufsatz.     <\/p>\n<p>Zur Akku\u00fcbertragung k\u00f6nnen Sie flexibel die G\u00fcrteltasche STIHL AP mit Verbindungskabel, das Tragesystem STIHL oder den Rucksackakku STIHL AR 2000 verwenden.<\/p>\n<p>Die Akku-Heckenschere STIHL HSA 130 T ist in 2 Schnittl\u00e4ngen erh\u00e4ltlich: 60 cm und 75 cm.<\/p>\n","protected":false},"excerpt":{"rendered":"<p>Leistungsstarke Profi-Heckenschere Die leistungsstarke STIHL Heckenschere HSA 130 T unterst\u00fctzt Sie im professionellen Landschaftsbau und in Kommunen mit ihrem doppelseitigen<\/p>\n","protected":false},"featured_media":424508,"template":"","meta":{"_seopress_robots_primary_cat":"none","_seopress_titles_title":"","_seopress_titles_desc":"","_seopress_robots_index":""},"product_brand":[3366],"product_cat":[29,282,267],"product_tag":[3265],"class_list":{"0":"post-460759","1":"product","2":"type-product","3":"status-publish","4":"has-post-thumbnail","6":"product_brand-stihl","7":"product_cat-macchinari","8":"product_cat-tosasiepi-e-potatori-a-batteria","9":"product_cat-tosasiepi-e-potatori","10":"product_tag-import-stihl","11":"sws-gruppo-macchinari","12":"sws-marca-stihl-vertriebs-ag","13":"sws-conto-ricavi-merci-rivendita-macchinari","14":"sws-gruppo-iva-iva81","16":"first","17":"onbackorder","18":"purchasable","19":"product-type-simple"},"_links":{"self":[{"href":"https:\/\/lucacastelli.com\/de\/wp-json\/wp\/v2\/product\/460759","targetHints":{"allow":["GET"]}}],"collection":[{"href":"https:\/\/lucacastelli.com\/de\/wp-json\/wp\/v2\/product"}],"about":[{"href":"https:\/\/lucacastelli.com\/de\/wp-json\/wp\/v2\/types\/product"}],"wp:featuredmedia":[{"embeddable":true,"href":"https:\/\/lucacastelli.com\/de\/wp-json\/wp\/v2\/media\/424508"}],"wp:attachment":[{"href":"https:\/\/lucacastelli.com\/de\/wp-json\/wp\/v2\/media?parent=460759"}],"wp:term":[{"taxonomy":"product_brand","embeddable":true,"href":"https:\/\/lucacastelli.com\/de\/wp-json\/wp\/v2\/product_brand?post=460759"},{"taxonomy":"product_cat","embeddable":true,"href":"https:\/\/lucacastelli.com\/de\/wp-json\/wp\/v2\/product_cat?post=460759"},{"taxonomy":"product_tag","embeddable":true,"href":"https:\/\/lucacastelli.com\/de\/wp-json\/wp\/v2\/product_tag?post=460759"}],"curies":[{"name":"wp","href":"https:\/\/api.w.org\/{rel}","templated":true}]}}