{"id":455979,"date":"2025-06-13T20:20:16","date_gmt":"2025-06-13T18:20:16","guid":{"rendered":"https:\/\/lucacastelli.com\/prodotto\/stihl-caricatore-multiplo-al-301-4-2\/"},"modified":"2026-03-19T18:45:30","modified_gmt":"2026-03-19T17:45:30","slug":"stihl-caricatore-multiplo-al-301-4-2","status":"publish","type":"product","link":"https:\/\/lucacastelli.com\/de\/produkt\/stihl-caricatore-multiplo-al-301-4-2\/","title":{"rendered":"STIHL Mehrfachladeger\u00e4t AL 301-4"},"content":{"rendered":"<p>230 V. Mehrfachladeger\u00e4t zum sequenziellen Laden von bis zu vier AP Akkus bzw. AR L Akkus mit AR L Anschlussleitung und AP Adapter. Kann an der Wand und im Regal befestigt sowie fest im Fahrzeug installiert werden. Energieversorgung \u00fcber externe Einspeisung. Mit LED-Betriebszustandsanzeige und aktiver Akkuk\u00fchlung. AR L Anschlussleitung und AP Adapter zum Laden von r\u00fcckentragbaren AR L Akkus nicht im Lieferumfang enthalten.     <\/p>\n","protected":false},"excerpt":{"rendered":"<p>230 V. Mehrfachladeger\u00e4t zum sequenziellen Laden von bis zu vier AP Akkus bzw. AR L Akkus mit AR L Anschlussleitung<\/p>\n","protected":false},"featured_media":455972,"template":"","meta":{"_seopress_robots_primary_cat":"none","_seopress_titles_title":"","_seopress_titles_desc":"","_seopress_robots_index":""},"product_brand":[3366],"product_cat":[29,491],"product_tag":[],"class_list":{"0":"post-455979","1":"product","2":"type-product","3":"status-publish","4":"has-post-thumbnail","6":"product_brand-stihl","7":"product_cat-macchinari","8":"product_cat-accessori-sistemi-a-batteria","10":"first","11":"onbackorder","12":"shipping-taxable","13":"purchasable","14":"product-type-simple"},"_links":{"self":[{"href":"https:\/\/lucacastelli.com\/de\/wp-json\/wp\/v2\/product\/455979","targetHints":{"allow":["GET"]}}],"collection":[{"href":"https:\/\/lucacastelli.com\/de\/wp-json\/wp\/v2\/product"}],"about":[{"href":"https:\/\/lucacastelli.com\/de\/wp-json\/wp\/v2\/types\/product"}],"wp:featuredmedia":[{"embeddable":true,"href":"https:\/\/lucacastelli.com\/de\/wp-json\/wp\/v2\/media\/455972"}],"wp:attachment":[{"href":"https:\/\/lucacastelli.com\/de\/wp-json\/wp\/v2\/media?parent=455979"}],"wp:term":[{"taxonomy":"product_brand","embeddable":true,"href":"https:\/\/lucacastelli.com\/de\/wp-json\/wp\/v2\/product_brand?post=455979"},{"taxonomy":"product_cat","embeddable":true,"href":"https:\/\/lucacastelli.com\/de\/wp-json\/wp\/v2\/product_cat?post=455979"},{"taxonomy":"product_tag","embeddable":true,"href":"https:\/\/lucacastelli.com\/de\/wp-json\/wp\/v2\/product_tag?post=455979"}],"curies":[{"name":"wp","href":"https:\/\/api.w.org\/{rel}","templated":true}]}}