{"id":453446,"date":"2025-06-06T17:41:26","date_gmt":"2025-06-06T15:41:26","guid":{"rendered":"https:\/\/lucacastelli.com\/prodotto\/petzl-top\/"},"modified":"2025-06-29T02:03:58","modified_gmt":"2025-06-29T00:03:58","slug":"petzl-top","status":"publish","type":"product","link":"https:\/\/lucacastelli.com\/de\/produkt\/petzl-top\/","title":{"rendered":"PETZL TOP"},"content":{"rendered":"<p class=\"productSubtitle\">Brustgurt f\u00fcr Sitzgurt<\/p>\n<div class=\"productCaracteristiquesPosition inlineblock\">\n<p class=\"productCaracteristiques inlineblock\">Mit dem Brustgurt TOP k\u00f6nnen Sie die Sitzgurte AVAO SIT, AVAO SIT FAST, FALCON, FALCON MOUNTAIN und SEQUOIA SRT in Auffanggurte verwandeln. Die gepolsterten Hosentr\u00e4ger sind vom Hals getrennt, um Scheuern zu begrenzen. Im Falle einer Belastung des Gurtes \u00fcbernimmt der TOP Brustgurt diese Last und verteilt sie auf die Schultern.  <\/p>\n<\/div>\n<p>&nbsp;<\/p>\n<h3>Detaillierte Beschreibung<\/h3>\n<div class=\"list\">\n<ul>\n<li>Verwandeln Sie die Sitzgurte AVAO SIT, AVAO SIT FAST, FALCON, FALCON MOUNTAIN und SEQUOIA SRT in Auffanggurte.<\/li>\n<li>Komfortable Konstruktion:<br \/>\n&#8211; die vom Hals getrennten Gurte begrenzen das Scheuern,<br \/>\n&#8211; die d\u00fcnnen und gleitenden Gurte erm\u00f6glichen mehr Freiheit und Bewegungsfreiheit,<br \/>\n&#8211; die gesamte Kontaktfl\u00e4che ist mit vorgeformter Polsterung versehen, mit atmungsaktivem Stoff \u00fcberzogen und erm\u00f6glicht es dem Benutzer, sich bequem zu bewegen und zu arbeiten.<\/li>\n<li>Vereinfachte Installation:<br \/>\n&#8211; Es wird an der R\u00fcckseite des Gurtes mit Hilfe eines Wolfsmaulknotens an der speziellen Schnalle installiert,<br \/>\n&#8211; Die Verbindung zur Vorderseite des Gurtes erfolgt einfach \u00fcber den an dem TOP-Brustgurt installierten Verbindungsst\u00fcck,<br \/>\n&#8211; Die Einstellung ist einfach und bequem, dank der selbstverriegelnden DOUBLEBACK-Schnallen, die mit Anti-Rutsch-Elementen ausgestattet sind,<br \/>\n&#8211; H\u00f6henverstellbares Velcro-Gurtband, das rechts oder links positioniert werden kann, um den ASAP&#8217;SORBER Falld\u00e4mpfer aufzunehmen.<\/li>\n<\/ul>\n<\/div>\n<h3>Spezifisch<\/h3>\n<div class=\"list\">\n<ul>\n<li>Sternale Anschlag\u00f6se: Anschluss eines Auffangsystems.<\/li>\n<li>Zertifizierungen: CE EN 361 (mit AVAO SIT, AVAO SIT FAST, FALCON, FALCON MOUNTAIN, SEQUOIA SRT Sitzgurt)<\/li>\n<li>Materialien: Polyamid, Polyester, Aluminium, Stahl<\/li>\n<\/ul>\n<\/div>\n<p>&nbsp;<\/p>\n","protected":false},"excerpt":{"rendered":"<p>Brustgurt f\u00fcr Sitzgurt Mit dem Brustgurt TOP k\u00f6nnen Sie die Sitzgurte AVAO SIT, AVAO SIT FAST, FALCON, FALCON MOUNTAIN und<\/p>\n","protected":false},"featured_media":453290,"template":"","meta":{"_seopress_robots_primary_cat":"","_seopress_titles_title":"","_seopress_titles_desc":"","_seopress_robots_index":""},"product_brand":[3446],"product_cat":[33,537,814],"product_tag":[],"class_list":{"0":"post-453446","1":"product","2":"type-product","3":"status-publish","4":"has-post-thumbnail","6":"product_brand-petzl","7":"product_cat-attrezzature","8":"product_cat-attrezzatura-da-lavoro","9":"product_cat-imbraghi-e-materiale-di-sicurezza","10":"sws-gruppo-abb-libero-de","11":"sws-conto-ricavi-merci-rivendita-abbigliamento-de","12":"sws-gruppo-iva-iva81-de","14":"first","15":"instock","16":"shipping-taxable","17":"purchasable","18":"product-type-variable"},"_links":{"self":[{"href":"https:\/\/lucacastelli.com\/de\/wp-json\/wp\/v2\/product\/453446","targetHints":{"allow":["GET"]}}],"collection":[{"href":"https:\/\/lucacastelli.com\/de\/wp-json\/wp\/v2\/product"}],"about":[{"href":"https:\/\/lucacastelli.com\/de\/wp-json\/wp\/v2\/types\/product"}],"wp:featuredmedia":[{"embeddable":true,"href":"https:\/\/lucacastelli.com\/de\/wp-json\/wp\/v2\/media\/453290"}],"wp:attachment":[{"href":"https:\/\/lucacastelli.com\/de\/wp-json\/wp\/v2\/media?parent=453446"}],"wp:term":[{"taxonomy":"product_brand","embeddable":true,"href":"https:\/\/lucacastelli.com\/de\/wp-json\/wp\/v2\/product_brand?post=453446"},{"taxonomy":"product_cat","embeddable":true,"href":"https:\/\/lucacastelli.com\/de\/wp-json\/wp\/v2\/product_cat?post=453446"},{"taxonomy":"product_tag","embeddable":true,"href":"https:\/\/lucacastelli.com\/de\/wp-json\/wp\/v2\/product_tag?post=453446"}],"curies":[{"name":"wp","href":"https:\/\/api.w.org\/{rel}","templated":true}]}}