{"id":453438,"date":"2025-06-08T09:47:27","date_gmt":"2025-06-08T07:47:27","guid":{"rendered":"https:\/\/lucacastelli.com\/prodotto\/stihl-rollomatic-e-3-8-16mm-50-cm\/"},"modified":"2025-06-10T10:35:48","modified_gmt":"2025-06-10T08:35:48","slug":"stihl-rollomatic-e-3-8-16mm-50-cm","status":"publish","type":"product","link":"https:\/\/lucacastelli.com\/de\/produkt\/stihl-rollomatic-e-3-8-16mm-50-cm\/","title":{"rendered":"STIHL Rollomatic E, 3\/8&#8243;, 1,6mm 50 cm"},"content":{"rendered":"<p>Der K\u00f6rper der STIHL Rollomatic E besteht aus drei elektrogeschwei\u00dften Metallst\u00e4ben, von denen der mittlere weitgehend hohl ist. Der Vorteil: gro\u00dfe Stabilit\u00e4t bei geringem Gewicht. Um die vielf\u00e4ltigen Anwendungsanforderungen abzudecken, werden die Stangen STIHL Rollomatic E mit zwei verschiedenen Kopfgr\u00f6\u00dfen (Umlenksternen) hergestellt.  <\/p>\n<p>&nbsp;<\/p>\n<p>Details zum Produkt:<\/p>\n<p>Katalognummer: 3003 000 5221<\/p>\n<p>Dicke des Antriebselements: 1,6 mm<\/p>\n<p>Teilung: 3\/8&#8243;<\/p>\n<p>Schnittl\u00e4nge: 50 cm<\/p>\n<p>Anzahl der Z\u00e4hne: 11<\/p>\n<p>Antriebselemente: 72 St\u00fcck<\/p>\n<p>&nbsp;<\/p>\n<p>Geeignet f\u00fcr Modelle:<\/p>\n<p>&nbsp;<\/p>\n<p>029, 034, 036, 036 QS, 038, 039, 044, 046, 064, 066, LOGOSOL, MS 290, MS 310, MS 311, MS 340, MS 341, MS 360, MS 360 CQ, MS 361, MS 361 CQ, MS 362, MS 362 C, MS 362 CQ, MS 380, MS 381, MS 382, MS 390, MS 391, MS 400, MS 440, MS 441, MS 441 C-Q, MS 460, MS 460 R, MS 461, MS 461 R, MS 462, MS 462 R, MS 500i, MS 640, MS 650, MS 651, MS 660, MS 661, MS 661 C<\/p>\n","protected":false},"excerpt":{"rendered":"<p>Der K\u00f6rper der STIHL Rollomatic E besteht aus drei elektrogeschwei\u00dften Metallst\u00e4ben, von denen der mittlere weitgehend hohl ist. Der Vorteil:<\/p>\n","protected":false},"featured_media":453417,"template":"","meta":{"_seopress_robots_primary_cat":"none","_seopress_titles_title":"","_seopress_titles_desc":"","_seopress_robots_index":""},"product_brand":[3366],"product_cat":[29,268,524],"product_tag":[],"class_list":{"0":"post-453438","1":"product","2":"type-product","3":"status-publish","4":"has-post-thumbnail","6":"product_brand-stihl","7":"product_cat-macchinari","8":"product_cat-motoseghe","9":"product_cat-spranghe-guida","10":"sws-gruppo-macchinari-de","11":"sws-conto-ricavi-merci-rivendita-macchinari-de","12":"sws-gruppo-iva-iva81-de","14":"first","15":"instock","16":"shipping-taxable","17":"purchasable","18":"product-type-simple"},"_links":{"self":[{"href":"https:\/\/lucacastelli.com\/de\/wp-json\/wp\/v2\/product\/453438","targetHints":{"allow":["GET"]}}],"collection":[{"href":"https:\/\/lucacastelli.com\/de\/wp-json\/wp\/v2\/product"}],"about":[{"href":"https:\/\/lucacastelli.com\/de\/wp-json\/wp\/v2\/types\/product"}],"wp:featuredmedia":[{"embeddable":true,"href":"https:\/\/lucacastelli.com\/de\/wp-json\/wp\/v2\/media\/453417"}],"wp:attachment":[{"href":"https:\/\/lucacastelli.com\/de\/wp-json\/wp\/v2\/media?parent=453438"}],"wp:term":[{"taxonomy":"product_brand","embeddable":true,"href":"https:\/\/lucacastelli.com\/de\/wp-json\/wp\/v2\/product_brand?post=453438"},{"taxonomy":"product_cat","embeddable":true,"href":"https:\/\/lucacastelli.com\/de\/wp-json\/wp\/v2\/product_cat?post=453438"},{"taxonomy":"product_tag","embeddable":true,"href":"https:\/\/lucacastelli.com\/de\/wp-json\/wp\/v2\/product_tag?post=453438"}],"curies":[{"name":"wp","href":"https:\/\/api.w.org\/{rel}","templated":true}]}}