{"id":453434,"date":"2025-06-08T09:12:54","date_gmt":"2025-06-08T07:12:54","guid":{"rendered":"https:\/\/lucacastelli.com\/prodotto\/stihl-rollenkette-rapid-super-rs-3-8-16-mm\/"},"modified":"2025-07-19T17:35:26","modified_gmt":"2025-07-19T15:35:26","slug":"stihl-rollenkette-rapid-super-rs-3-8-16-mm","status":"publish","type":"product","link":"https:\/\/lucacastelli.com\/de\/produkt\/stihl-rollenkette-rapid-super-rs-3-8-16-mm\/","title":{"rendered":"STIHL Rapid Super (RS) Kettenrolle 3\/8 1,6 mm"},"content":{"rendered":"<h2><b>Beschreibung<\/b><\/h2>\n<p>Die Kette STIHL 3\/8\u2033 Rapid Super (RS) ist f\u00fcr die <b>professionelle Forstwirtschaft und Holzernte<\/b> geeignet. Die<b>hohe Durchschlagskraft und Schnittleistung<\/b> sorgt f\u00fcr einen effizienten und schnellen Schnitt selbst des dicksten Holzes. Die <b>geringen Vibrationen<\/b> erm\u00f6glichen es Ihnen, die Kettens\u00e4ge, z.B. die <a href=\"https:\/\/www.stihl.de\/de\/p\/kettensaegen-motorsaegen-ms-462-79876\"><b>STIHL MS 462<\/b><\/a>sicher und einfach durch das Holz zu f\u00fchren.  <\/p>\n<p>Gleichzeitig zeichnet sich die 3\/8\u2033 Rapid Super (RS) Profikette mit einem 1,6 mm Kettenblatt durch ihre<b>hohe Schnittqualit\u00e4t<\/b> und <b>geringe Vibrationstendenz<\/b> aus, so dass Sie sauber und pr\u00e4zise mit Ihrer Kettens\u00e4ge arbeiten k\u00f6nnen.<\/p>\n<p>Dank ihrer <b>vollgeschnittenen Z\u00e4hne und ihres geringen Schneidwiderstands<\/b> bieten die 3\/8-Zoll Rapid Super Ketten die beste Schneidleistung aller <a href=\"https:\/\/www.stihl.de\/de\/technologie\/kettensysteme-schienensysteme#praezision-ab-werk\"><b>Ketten STIHL<\/b><\/a>.<\/p>\n<p>&nbsp;<\/p>\n<h2><b>Technische Details<\/b><\/h2>\n<p>Dicke des Antriebselements 1,6 mm<\/p>\n<p>Vollmei\u00dfel-Kettenz\u00e4hne<\/p>\n<p>3\/8&#8243; Kettenteilung<\/p>\n<p>Anzahl der Maschen: 1640<\/p>\n<p>&nbsp;<\/p>\n","protected":false},"excerpt":{"rendered":"<p>Beschreibung Die Kette STIHL 3\/8\u2033 Rapid Super (RS) ist f\u00fcr die professionelle Forstwirtschaft und Holzernte geeignet. Diehohe Durchschlagskraft und Schnittleistung<\/p>\n","protected":false},"featured_media":453410,"template":"","meta":{"_seopress_robots_primary_cat":"none","_seopress_titles_title":"","_seopress_titles_desc":"","_seopress_robots_index":""},"product_brand":[3366],"product_cat":[29,268,504],"product_tag":[],"class_list":{"0":"post-453434","1":"product","2":"type-product","3":"status-publish","4":"has-post-thumbnail","6":"product_brand-stihl","7":"product_cat-macchinari","8":"product_cat-motoseghe","9":"product_cat-catene-e-rotoli","10":"sws-gruppo-macchinari-de","11":"sws-conto-ricavi-merci-rivendita-macchinari-de","12":"sws-gruppo-iva-iva81-de","14":"first","15":"instock","16":"shipping-taxable","17":"purchasable","18":"product-type-simple"},"_links":{"self":[{"href":"https:\/\/lucacastelli.com\/de\/wp-json\/wp\/v2\/product\/453434","targetHints":{"allow":["GET"]}}],"collection":[{"href":"https:\/\/lucacastelli.com\/de\/wp-json\/wp\/v2\/product"}],"about":[{"href":"https:\/\/lucacastelli.com\/de\/wp-json\/wp\/v2\/types\/product"}],"wp:featuredmedia":[{"embeddable":true,"href":"https:\/\/lucacastelli.com\/de\/wp-json\/wp\/v2\/media\/453410"}],"wp:attachment":[{"href":"https:\/\/lucacastelli.com\/de\/wp-json\/wp\/v2\/media?parent=453434"}],"wp:term":[{"taxonomy":"product_brand","embeddable":true,"href":"https:\/\/lucacastelli.com\/de\/wp-json\/wp\/v2\/product_brand?post=453434"},{"taxonomy":"product_cat","embeddable":true,"href":"https:\/\/lucacastelli.com\/de\/wp-json\/wp\/v2\/product_cat?post=453434"},{"taxonomy":"product_tag","embeddable":true,"href":"https:\/\/lucacastelli.com\/de\/wp-json\/wp\/v2\/product_tag?post=453434"}],"curies":[{"name":"wp","href":"https:\/\/api.w.org\/{rel}","templated":true}]}}