{"id":453380,"date":"2025-06-06T17:53:39","date_gmt":"2025-06-06T15:53:39","guid":{"rendered":"https:\/\/lucacastelli.com\/prodotto\/petzl-avao-sit-fast\/"},"modified":"2025-06-29T02:03:55","modified_gmt":"2025-06-29T00:03:55","slug":"petzl-avao-sit-fast","status":"publish","type":"product","link":"https:\/\/lucacastelli.com\/de\/produkt\/petzl-avao-sit-fast\/","title":{"rendered":"PETZL AVAO SIT FAST"},"content":{"rendered":"<p class=\"productSubtitle\">Komfortabler und vielseitiger Sitzgurt f\u00fcr Arbeiten in der H\u00f6he<\/p>\n<div class=\"productCaracteristiquesPosition inlineblock\">\n<p class=\"productCaracteristiques inlineblock\">Der AVAO SIT FAST Sitzgurt wurde speziell f\u00fcr Arbeiter in der H\u00f6he entwickelt, die eine leichte und modulare L\u00f6sung suchen. Er kann durch Anbringen eines TOP- oder TOP CROLL-Brustgurts in einen vollst\u00e4ndigen Auffanggurt umgewandelt werden. Seine Konstruktion ist an die spezifischen Anforderungen der Arbeitspositionierung und des Seilabstiegs angepasst. Die vorgeformte Polsterung und die halbstarre Struktur des Bunds und der Beinschlaufen garantieren einen hohen Tragekomfort. Der G\u00fcrtel mit den seitlichen Befestigungspunkten aus Metall, den Ger\u00e4teschlaufen und den Werkzeugschlaufen erm\u00f6glicht die Organisation des gesamten Materials, das f\u00fcr die Arbeit eines Tages erforderlich ist. Auch die Einstellung ist schnell und einfach, dank der selbstverriegelnden DOUBLEBACK-Schnallen am H\u00fcftgurt und der zu \u00f6ffnenden FAST-Schnallen an den Beinschlaufen.     <\/p>\n<\/div>\n<h3>Detaillierte Beschreibung<\/h3>\n<div class=\"list\">\n<ul>\n<li>Komfortable Konstruktion:<br \/>\n &#8211; Alle Kontaktbereiche, G\u00fcrtel- und Beinschlaufen, mit vorgeformter Polsterung und mit atmungsaktivem Stoff bezogen, erm\u00f6glichen es dem Benutzer, sich bequem zu bewegen und zu arbeiten.<br \/>\n &#8211; Die halbstarren Gurt- und Beinschlaufen garantieren eine perfekte Passform und Dichtheit des Gurts am K\u00f6rper des Benutzers.<br \/>\n &#8211; Die seitlichen Befestigungspunkte aus Metall sind klappbar, um zu verhindern, dass sie bei Nichtgebrauch unbeabsichtigt befestigt werden.<br \/>\n&#8211; Die R\u00fcckseite der Beinschlaufen ist mit elastischen Riemen (austauschbar &#8211; als Zubeh\u00f6r erh\u00e4ltlich) ausgestattet, um sowohl beim Fahren als auch beim Schweben die richtige Passform zu gew\u00e4hrleisten.<\/li>\n<li>Ein Sitzgurt, der sich leicht in einen vollst\u00e4ndigen Auffanggurt verwandeln l\u00e4sst, indem ein TOP- oder TOP CROLL-Brustgurt direkt mit einem RING OPEN oder einem Schnellverschluss befestigt wird.<\/li>\n<li>Komfortable und schnelle Einstellung:<br \/>\n&#8211; Die Einstellung ist bequem und schnell, dank der selbstverriegelnden DOUBLEBACK-Schnallen des Gurtes und der FAST-\u00d6ffnungsschnallen der Beinschlaufen,<br \/>\n&#8211; Die rutschfesten Elemente, die an den DOUBLEBACK-Schnallen installiert sind, erm\u00f6glichen es Ihnen, die korrekte Einstellung in allen Arbeitsphasen beizubehalten.<\/li>\n<li>Design, das den Transport und die Organisation des Materials erleichtert:<br \/>\n&#8211; der Metall-Ventral D ist mit Verbindungspunkten f\u00fcr die Installation eines PODIUM- oder LITEPOD-Sitzes ausgestattet,<br \/>\n&#8211; Der ventrale Verbindungspunkt ist mit einer speziellen Textilschlaufe ausgestattet, die die Installation eines Verbindungsmittels mittels eines RING OPEN-Verbindungsrings erm\u00f6glicht,<br \/>\n&#8211; zwei seitliche Befestigungspunkte aus Metall f\u00fcr die Verbindung eines Doppelpositionierungs-Verbindungsmittels,<br \/>\n&#8211; f\u00fcnf vorgeformte Ger\u00e4teschlaufen mit Schutzmantel,<br \/>\n &#8211; zwei Schlaufen f\u00fcr CARITOOL-Ger\u00e4teschlaufen oder INTERFAST-Verbindungselement.<\/li>\n<\/ul>\n<\/div>\n","protected":false},"excerpt":{"rendered":"<p>Komfortabler und vielseitiger Sitzgurt f\u00fcr Arbeiten in der H\u00f6he Der AVAO SIT FAST Sitzgurt wurde speziell f\u00fcr Arbeiter in der<\/p>\n","protected":false},"featured_media":453328,"template":"","meta":{"_seopress_robots_primary_cat":"none","_seopress_titles_title":"","_seopress_titles_desc":"","_seopress_robots_index":""},"product_brand":[3666],"product_cat":[150,1396,1403],"product_tag":[],"class_list":{"0":"post-453380","1":"product","2":"type-product","3":"status-publish","4":"has-post-thumbnail","6":"product_brand-petzl-de","7":"product_cat-ausrustung","8":"product_cat-arbeitsausrustung","9":"product_cat-auffanggurte-und-sicherheitsausrustung","10":"sws-gruppo-abb-libero-de","11":"sws-conto-ricavi-merci-rivendita-abbigliamento-de","12":"sws-gruppo-iva-iva81-de","14":"first","15":"instock","16":"shipping-taxable","17":"purchasable","18":"product-type-variable"},"_links":{"self":[{"href":"https:\/\/lucacastelli.com\/de\/wp-json\/wp\/v2\/product\/453380","targetHints":{"allow":["GET"]}}],"collection":[{"href":"https:\/\/lucacastelli.com\/de\/wp-json\/wp\/v2\/product"}],"about":[{"href":"https:\/\/lucacastelli.com\/de\/wp-json\/wp\/v2\/types\/product"}],"wp:featuredmedia":[{"embeddable":true,"href":"https:\/\/lucacastelli.com\/de\/wp-json\/wp\/v2\/media\/453328"}],"wp:attachment":[{"href":"https:\/\/lucacastelli.com\/de\/wp-json\/wp\/v2\/media?parent=453380"}],"wp:term":[{"taxonomy":"product_brand","embeddable":true,"href":"https:\/\/lucacastelli.com\/de\/wp-json\/wp\/v2\/product_brand?post=453380"},{"taxonomy":"product_cat","embeddable":true,"href":"https:\/\/lucacastelli.com\/de\/wp-json\/wp\/v2\/product_cat?post=453380"},{"taxonomy":"product_tag","embeddable":true,"href":"https:\/\/lucacastelli.com\/de\/wp-json\/wp\/v2\/product_tag?post=453380"}],"curies":[{"name":"wp","href":"https:\/\/api.w.org\/{rel}","templated":true}]}}