{"id":445046,"date":"2025-06-02T21:12:35","date_gmt":"2025-06-02T19:12:35","guid":{"rendered":"https:\/\/lucacastelli.com\/prodotto\/stihl-ms-881-con-90-cm-2\/"},"modified":"2026-03-02T09:33:39","modified_gmt":"2026-03-02T08:33:39","slug":"stihl-ms-881-con-90-cm-2","status":"publish","type":"product","link":"https:\/\/lucacastelli.com\/de\/produkt\/stihl-ms-881-con-90-cm-2\/","title":{"rendered":"STIHL MS 881 mit 90 cm"},"content":{"rendered":"<p>Superstark f\u00fcr h\u00f6chste Anforderungen<\/p>\n<p>Top-Modell f\u00fcr h\u00f6chste Anforderungen und Belastungen. Konzipiert f\u00fcr Eins\u00e4tze unter h\u00e4rtesten Bedingungen. Optimales Leistungsgewicht. Serienm\u00e4\u00dfig ausgestattet mit Hochleistungskette sowie werkzeuglosen Tankverschl\u00fcssen f\u00fcr \u00d6l und Kraftstoff. Optimale Technik f\u00fcr das S\u00e4gen von Hartholz.    <\/p>\n<p>Technische Daten<\/p>\n<p>Hubraum cm\u00b3 121,6<br \/>\nLeistung kW\/PS 6,4\/8,7<br \/>\nGewicht kg 1) 10<br \/>\nLeistungsgewicht kg\/kW 1,5<br \/>\nSystemgewicht kg 2) 12,29 \/ 12,67<br \/>\nS\u00e4gekettenteilung 0.404&#8243;<\/p>\n<p>1) ohne Kraftstoff, Schiene und Kette<br \/>\n2) ohne Kraftstoff, mit Schiene und Kette<\/p>\n","protected":false},"excerpt":{"rendered":"<p>Superstark f\u00fcr h\u00f6chste Anforderungen Top-Modell f\u00fcr h\u00f6chste Anforderungen und Belastungen. Konzipiert f\u00fcr Eins\u00e4tze unter h\u00e4rtesten Bedingungen. Optimales Leistungsgewicht. Serienm\u00e4\u00dfig ausgestattet<\/p>\n","protected":false},"featured_media":693333,"template":"","meta":{"_seopress_robots_primary_cat":"none","_seopress_titles_title":"","_seopress_titles_desc":"","_seopress_robots_index":""},"product_brand":[3366],"product_cat":[29,268,494],"product_tag":[],"class_list":{"0":"post-445046","1":"product","2":"type-product","3":"status-publish","4":"has-post-thumbnail","6":"product_brand-stihl","7":"product_cat-macchinari","8":"product_cat-motoseghe","9":"product_cat-motoseghe-a-motore","10":"sws-gruppo-macchinari-de","11":"sws-conto-ricavi-merci-rivendita-macchinari-de","12":"sws-gruppo-iva-iva81-de","14":"first","15":"instock","16":"shipping-taxable","17":"purchasable","18":"product-type-simple"},"_links":{"self":[{"href":"https:\/\/lucacastelli.com\/de\/wp-json\/wp\/v2\/product\/445046","targetHints":{"allow":["GET"]}}],"collection":[{"href":"https:\/\/lucacastelli.com\/de\/wp-json\/wp\/v2\/product"}],"about":[{"href":"https:\/\/lucacastelli.com\/de\/wp-json\/wp\/v2\/types\/product"}],"wp:featuredmedia":[{"embeddable":true,"href":"https:\/\/lucacastelli.com\/de\/wp-json\/wp\/v2\/media\/693333"}],"wp:attachment":[{"href":"https:\/\/lucacastelli.com\/de\/wp-json\/wp\/v2\/media?parent=445046"}],"wp:term":[{"taxonomy":"product_brand","embeddable":true,"href":"https:\/\/lucacastelli.com\/de\/wp-json\/wp\/v2\/product_brand?post=445046"},{"taxonomy":"product_cat","embeddable":true,"href":"https:\/\/lucacastelli.com\/de\/wp-json\/wp\/v2\/product_cat?post=445046"},{"taxonomy":"product_tag","embeddable":true,"href":"https:\/\/lucacastelli.com\/de\/wp-json\/wp\/v2\/product_tag?post=445046"}],"curies":[{"name":"wp","href":"https:\/\/api.w.org\/{rel}","templated":true}]}}