{"id":444534,"date":"2025-06-02T08:52:26","date_gmt":"2025-06-02T06:52:26","guid":{"rendered":"https:\/\/lucacastelli.com\/prodotto\/stihl-ms-171-2\/"},"modified":"2025-12-01T18:30:40","modified_gmt":"2025-12-01T17:30:40","slug":"stihl-ms-171-2","status":"publish","type":"product","link":"https:\/\/lucacastelli.com\/de\/produkt\/stihl-ms-171-2\/","title":{"rendered":"STIHL MS 171"},"content":{"rendered":"<p>Kleine, moderne Benzin-Kettens\u00e4ge <\/p>\n<p>Moderne, vibrationsarme Benzin-Kettens\u00e4ge f\u00fcr die Bodenpflege. Breite Rotation. Filtersystem mit Vorreinigung. Erf\u00fcllt die strengen Abgasnormen EU II und EPA II. Hervorragend geeignet zum F\u00e4llen von B\u00e4umen mit einem Durchmesser von bis zu 30 cm.<\/p>\n<p>Technische Daten<\/p>\n<p>Verdr\u00e4ngung cm\u00b3 31.8<br \/>\nLeistung kW\/HP 1,3\/1,8<br \/>\nGewicht kg 1) 4,3<br \/>\nVerh\u00e4ltnis Gewicht\/Leistung kg\/kW 3,3<br \/>\nVolles Gewicht kg 2) 4,77 \/ 4,85<br \/>\nSchalldruckpegel dB(A) 3) 99<br \/>\nSchallleistungspegel dB(A) 3) 112<br \/>\nSchwingungswert links\/rechts m\/s\u00b2 4) 4\/4.5<br \/>\nCO2 g\/kWh 1,072<br \/>\nKettenteilung 3\/8&#8243; P<\/p>\n<p>1) ohne Kraftstoff, F\u00fchrungsschiene und Kette<br \/>\n2) ohne Kraftstoff, mit F\u00fchrungsschiene und Kette<br \/>\n3) K-Faktor nach RL 2006\/42\/EG = 2,5 dB(A)<br \/>\n4) K-Faktor nach RL 2006\/42\/EG = 2 m\/s\u00b2<\/p>\n","protected":false},"excerpt":{"rendered":"<p>Kleine, moderne Benzin-Kettens\u00e4ge Moderne, vibrationsarme Benzin-Kettens\u00e4ge f\u00fcr die Bodenpflege. Breite Rotation. Filtersystem mit Vorreinigung. Erf\u00fcllt die strengen Abgasnormen EU II<\/p>\n","protected":false},"featured_media":444528,"template":"","meta":{"_seopress_robots_primary_cat":"","_seopress_titles_title":"","_seopress_titles_desc":"","_seopress_robots_index":""},"product_brand":[3366],"product_cat":[29],"product_tag":[],"class_list":{"0":"post-444534","1":"product","2":"type-product","3":"status-publish","4":"has-post-thumbnail","6":"product_brand-stihl","7":"product_cat-macchinari","9":"first","10":"onbackorder","11":"shipping-taxable","12":"purchasable","13":"product-type-variable"},"_links":{"self":[{"href":"https:\/\/lucacastelli.com\/de\/wp-json\/wp\/v2\/product\/444534","targetHints":{"allow":["GET"]}}],"collection":[{"href":"https:\/\/lucacastelli.com\/de\/wp-json\/wp\/v2\/product"}],"about":[{"href":"https:\/\/lucacastelli.com\/de\/wp-json\/wp\/v2\/types\/product"}],"wp:featuredmedia":[{"embeddable":true,"href":"https:\/\/lucacastelli.com\/de\/wp-json\/wp\/v2\/media\/444528"}],"wp:attachment":[{"href":"https:\/\/lucacastelli.com\/de\/wp-json\/wp\/v2\/media?parent=444534"}],"wp:term":[{"taxonomy":"product_brand","embeddable":true,"href":"https:\/\/lucacastelli.com\/de\/wp-json\/wp\/v2\/product_brand?post=444534"},{"taxonomy":"product_cat","embeddable":true,"href":"https:\/\/lucacastelli.com\/de\/wp-json\/wp\/v2\/product_cat?post=444534"},{"taxonomy":"product_tag","embeddable":true,"href":"https:\/\/lucacastelli.com\/de\/wp-json\/wp\/v2\/product_tag?post=444534"}],"curies":[{"name":"wp","href":"https:\/\/api.w.org\/{rel}","templated":true}]}}