{"id":444492,"date":"2025-06-02T08:40:40","date_gmt":"2025-06-02T06:40:40","guid":{"rendered":"https:\/\/lucacastelli.com\/prodotto\/stihl-sr-200-2\/"},"modified":"2026-03-09T12:24:21","modified_gmt":"2026-03-09T11:24:21","slug":"stihl-sr-200-2","status":"publish","type":"product","link":"https:\/\/lucacastelli.com\/de\/produkt\/stihl-sr-200-2\/","title":{"rendered":"STIHL SR 200"},"content":{"rendered":"<p>Besonders leichter Zerst\u00e4uber (7,9 kg) mit hervorragendem Bedienkomfort dank des k\u00f6rpernahen Schwerpunkts. Ideal f\u00fcr niedrige und mittelhohe Ernten bis zu einem Maximum von 2,5 Metern. <\/p>\n<table class=\"technical_data\">\n<thead>\n<tr>\n<th class=\"col1\">Technische Daten<\/th>\n<th class=\"col2\">Wert<\/th>\n<\/tr>\n<\/thead>\n<tbody>\n<tr class=\"\">\n<td class=\"col1\">CO2g\/kWh<\/td>\n<td class=\"col2\">848<\/td>\n<\/tr>\n<tr class=\"odd\">\n<td class=\"col1\">Hubraumcm\u00b3<\/td>\n<td class=\"col2\">27,2<\/td>\n<p> kg<br \/>\n<\/tr>\n<tr class=\"\">\n<td class=\"col1\">Gewichtkg<br \/>\n<sup>1)<\/sup><\/td>\n<td class=\"col2\">7,8<\/td>\n<p> mm<br \/>\n<\/tr>\n<tr class=\"odd\">\n<td class=\"col1\">SchallleistungspegeladB(A)<br \/>\n 2<sup>)<\/sup><\/td>\n<td class=\"col2\">104<\/td>\n<\/tr>\n<tr class=\"\">\n<td class=\"col1\">SchalldruckpegeldB(A)<br \/>\n<sup>2)<\/sup><\/td>\n<td class=\"col2\">94<\/td>\n<\/tr>\n<tr class=\"odd\">\n<td class=\"col1\">Schwingungswert recht\/s\u00b2<br \/>\n<sup>3)<\/sup><\/td>\n<td class=\"col2\">1,5<\/td>\n<p> kg<br \/>\n<\/tr>\n<tr class=\"\">\n<td class=\"col1\">Fassungsverm\u00f6gen des Tanks f\u00fcr gespritztes<\/td>\n<p> Produkt<\/p>\n<td class=\"col2\">10<\/td>\n<\/tr>\n<tr class=\"odd\">\n<td class=\"col1\">Max. Luftdurchsatz m\u00b3\/h<br \/>\n<sup>4)<\/sup><\/td>\n<td class=\"col2\">780<\/td>\n<\/tr>\n<tr class=\"\">\n<td class=\"col1\">Horizontale Spr\u00fchbreite m<\/td>\n<td class=\"col2\">9<\/td>\n<\/tr>\n<\/tbody>\n<\/table>\n<p>1) ohne Brennstoff, komplett<br \/>\n2) K-Faktor nach RL 2006\/42\/EG = 2,5 dB(A)<br \/>\n3) K-Faktor nach RL 2006\/42\/EG = 2 m\/s\u00b2<br \/>\n4) ohne Einblaseinrichtung<\/p>\n","protected":false},"excerpt":{"rendered":"<p>Besonders leichter Zerst\u00e4uber (7,9 kg) mit hervorragendem Bedienkomfort dank des k\u00f6rpernahen Schwerpunkts. Ideal f\u00fcr niedrige und mittelhohe Ernten bis zu<\/p>\n","protected":false},"featured_media":444445,"template":"","meta":{"_seopress_robots_primary_cat":"","_seopress_titles_title":"","_seopress_titles_desc":"","_seopress_robots_index":""},"product_brand":[3554],"product_cat":[169,1572,1566],"product_tag":[],"class_list":{"0":"post-444492","1":"product","2":"type-product","3":"status-publish","4":"has-post-thumbnail","6":"product_brand-stihl-de","7":"product_cat-maschinen","8":"product_cat-motorbetriebene-spruhgerate","9":"product_cat-nebelgeblase-und-spruhgerate","11":"first","12":"onbackorder","13":"shipping-taxable","14":"purchasable","15":"product-type-simple"},"_links":{"self":[{"href":"https:\/\/lucacastelli.com\/de\/wp-json\/wp\/v2\/product\/444492","targetHints":{"allow":["GET"]}}],"collection":[{"href":"https:\/\/lucacastelli.com\/de\/wp-json\/wp\/v2\/product"}],"about":[{"href":"https:\/\/lucacastelli.com\/de\/wp-json\/wp\/v2\/types\/product"}],"wp:featuredmedia":[{"embeddable":true,"href":"https:\/\/lucacastelli.com\/de\/wp-json\/wp\/v2\/media\/444445"}],"wp:attachment":[{"href":"https:\/\/lucacastelli.com\/de\/wp-json\/wp\/v2\/media?parent=444492"}],"wp:term":[{"taxonomy":"product_brand","embeddable":true,"href":"https:\/\/lucacastelli.com\/de\/wp-json\/wp\/v2\/product_brand?post=444492"},{"taxonomy":"product_cat","embeddable":true,"href":"https:\/\/lucacastelli.com\/de\/wp-json\/wp\/v2\/product_cat?post=444492"},{"taxonomy":"product_tag","embeddable":true,"href":"https:\/\/lucacastelli.com\/de\/wp-json\/wp\/v2\/product_tag?post=444492"}],"curies":[{"name":"wp","href":"https:\/\/api.w.org\/{rel}","templated":true}]}}