{"id":443804,"date":"2025-06-01T19:02:12","date_gmt":"2025-06-01T17:02:12","guid":{"rendered":"https:\/\/lucacastelli.com\/prodotto\/stihl-moto4plus-2-x-200-l-2\/"},"modified":"2026-03-31T19:25:04","modified_gmt":"2026-03-31T17:25:04","slug":"stihl-moto4plus-2-x-200-l-2","status":"publish","type":"product","link":"https:\/\/lucacastelli.com\/de\/produkt\/stihl-moto4plus-2-x-200-l-2\/","title":{"rendered":"STIHL Moto4Plus 2 x 200 l"},"content":{"rendered":"<p>Leistungsstarkes Benzin f\u00fcr STIHL<br \/>\n4-Takt Motoren Speziell f\u00fcr STIHL 4-Takt Motoren entwickeltes Benzin. Es enth\u00e4lt kein Ethanol, praktisch keine Olefine und Aromaten und ist dank seiner geringen Emissionen einfach zu bedienen und zu bedienen. Lange Haltbarkeit von bis zu 5 Jahren. H\u00f6chste Zuverl\u00e4ssigkeit aus einer Hand: STIHL und STIHL Moto4Plus sind aufeinander abgestimmt und alle Einsatzm\u00f6glichkeiten auf Herz und Nieren gepr\u00fcft.   <\/p>\n<p>Stihl Motoplus ist ein Kraftstoff f\u00fcr separat geschmierte Motoren wie z.B. Viertaktmotoren. (nicht f\u00fcr STIHL 4-MIX-MOTOREN). Beh\u00e4lter nicht f\u00fcr das Betankungssystem geeignet.  <\/p>\n<p>geliefert mit:<\/p>\n<p>2 St\u00fcck Moto4Plus 200 Liter<\/p>\n","protected":false},"excerpt":{"rendered":"<p>Leistungsstarkes Benzin f\u00fcr STIHL 4-Takt Motoren Speziell f\u00fcr STIHL 4-Takt Motoren entwickeltes Benzin. Es enth\u00e4lt kein Ethanol, praktisch keine Olefine<\/p>\n","protected":false},"featured_media":443801,"template":"","meta":{"_seopress_robots_primary_cat":"","_seopress_titles_title":"","_seopress_titles_desc":"","_seopress_robots_index":""},"product_brand":[3554],"product_cat":[1436,1442],"product_tag":[],"class_list":{"0":"post-443804","1":"product","2":"type-product","3":"status-publish","4":"has-post-thumbnail","6":"product_brand-stihl-de","7":"product_cat-kraftstoffe-und-ole","8":"product_cat-kraftstoffe","10":"first","11":"instock","12":"shipping-taxable","13":"purchasable","14":"product-type-simple"},"_links":{"self":[{"href":"https:\/\/lucacastelli.com\/de\/wp-json\/wp\/v2\/product\/443804","targetHints":{"allow":["GET"]}}],"collection":[{"href":"https:\/\/lucacastelli.com\/de\/wp-json\/wp\/v2\/product"}],"about":[{"href":"https:\/\/lucacastelli.com\/de\/wp-json\/wp\/v2\/types\/product"}],"wp:featuredmedia":[{"embeddable":true,"href":"https:\/\/lucacastelli.com\/de\/wp-json\/wp\/v2\/media\/443801"}],"wp:attachment":[{"href":"https:\/\/lucacastelli.com\/de\/wp-json\/wp\/v2\/media?parent=443804"}],"wp:term":[{"taxonomy":"product_brand","embeddable":true,"href":"https:\/\/lucacastelli.com\/de\/wp-json\/wp\/v2\/product_brand?post=443804"},{"taxonomy":"product_cat","embeddable":true,"href":"https:\/\/lucacastelli.com\/de\/wp-json\/wp\/v2\/product_cat?post=443804"},{"taxonomy":"product_tag","embeddable":true,"href":"https:\/\/lucacastelli.com\/de\/wp-json\/wp\/v2\/product_tag?post=443804"}],"curies":[{"name":"wp","href":"https:\/\/api.w.org\/{rel}","templated":true}]}}