{"id":443617,"date":"2025-06-01T17:33:23","date_gmt":"2025-06-01T15:33:23","guid":{"rendered":"https:\/\/lucacastelli.com\/prodotto\/stihl-ms-462-c-m-con-50-cm-hexa-5-catene-2\/"},"modified":"2026-03-04T19:07:55","modified_gmt":"2026-03-04T18:07:55","slug":"stihl-ms-462-c-m-con-50-cm-hexa-5-catene-2","status":"publish","type":"product","link":"https:\/\/lucacastelli.com\/de\/produkt\/stihl-ms-462-c-m-con-50-cm-hexa-5-catene-2\/","title":{"rendered":"STIHL MS 462 C-M mit 50 cm HEXA + 5 Ketten"},"content":{"rendered":"<p>Die leichteste Hochleistungs-Kettens\u00e4ge in der Kategorie 70 cm3 Hubraum. Extrem wendig und mit brillanter Beschleunigung. Zum F\u00e4llen und Entasten in W\u00e4ldern mit mittelgro\u00dfen St\u00e4mmen. Serienm\u00e4\u00dfig bei STIHL M-Tronic, Hochleistungs-\u00d6lpumpe, einstellbarer F\u00f6rdermenge f\u00fcr hohen Schmierstoffeintrag und Filtersystem mit HD2-Filter f\u00fcr eine sehr effektive Filterung. Leckmuttern, die an der Ritzelabdeckung angebracht sind, erleichtern den Kettenwechsel, werkzeuglose Tankdeckel erm\u00f6glichen ein einfaches und sicheres Betanken von Schmier- und Kraftstoff.    <\/p>\n<p>Set bestehend aus:<\/p>\n<p>1 Kettens\u00e4ge MS 462 C-M 50 cm Light und HEXA Kette<br \/>\n5 HEXA Ketten<br \/>\n1 HEXA Feile<br \/>\n1 Vallorbe Feilengriff<\/p>\n<table class=\"technical_data\">\n<thead>\n<tr>\n<th class=\"col1\">Technische Daten<\/th>\n<th class=\"col2\">Wert<\/th>\n<\/tr>\n<\/thead>\n<tbody>\n<tr class=\"\">\n<td class=\"col1\">Zylinder cm\u00b3<\/td>\n<td class=\"col2\">72,2<\/td>\n<\/tr>\n<tr class=\"odd\">\n<td class=\"col1\">Leistung<span style=\"font-weight: bold;\">kW<\/span>\/<span style=\"font-weight: normal;\">PS<\/span><\/td>\n<td class=\"col2\"><span style=\"font-weight: bold;\">4,<\/span><span style=\"font-weight: normal;\">4\/6<\/span><\/td>\n<\/tr>\n<tr class=\"\">\n<td class=\"col1\">Pesokg<br \/>\n 1<sup>)<\/sup><\/td>\n<td class=\"col2\">6<\/td>\n<\/tr>\n<tr class=\"odd\">\n<td class=\"col1\">Gewicht\/Leistungsverh\u00e4ltnis kg\/kW<\/td>\n<td class=\"col2\">1,4<\/td>\n<\/tr>\n<tr class=\"\">\n<td class=\"col1\">Volles Gewicht kg<br \/>\n 2<sup>)<\/sup><\/td>\n<td class=\"col2\">7,27 \/ 7,33 \/ 7,58<\/td>\n<\/tr>\n<tr class=\"odd\">\n<td class=\"col1\">SchalldruckpegeladB(A)<br \/>\n 3<sup>)<\/sup><\/td>\n<td class=\"col2\">108<\/td>\n<\/tr>\n<tr class=\"\">\n<td class=\"col1\">SchallleistungspegeladB(A)<br \/>\n 3<sup>)<\/sup><\/td>\n<td class=\"col2\">119<\/td>\n<\/tr>\n<tr class=\"odd\">\n<td class=\"col1\">Linker\/rechter Schwingungswert\/s\u00b2<br \/>\n 4<sup>)<\/sup><\/td>\n<td class=\"col2\">4,8\/3,6<\/td>\n<\/tr>\n<tr class=\"\">\n<td class=\"col1\">Kettenteilung<\/td>\n<td class=\"col2\">3\/8 &#8220;<\/td>\n<\/tr>\n<tr class=\"odd\">\n<td class=\"col1\">CO2g\/kWh<\/td>\n<td class=\"col2\">697<\/td>\n<\/tr>\n<\/tbody>\n<\/table>\n","protected":false},"excerpt":{"rendered":"<p>Die leichteste Hochleistungs-Kettens\u00e4ge in der Kategorie 70 cm3 Hubraum. Extrem wendig und mit brillanter Beschleunigung. Zum F\u00e4llen und Entasten in<\/p>\n","protected":false},"featured_media":443614,"template":"","meta":{"_seopress_robots_primary_cat":"none","_seopress_titles_title":"","_seopress_titles_desc":"","_seopress_robots_index":""},"product_brand":[3554],"product_cat":[1612,169,1616],"product_tag":[],"class_list":{"0":"post-443617","1":"product","2":"type-product","3":"status-publish","4":"has-post-thumbnail","6":"product_brand-stihl-de","7":"product_cat-kettensagen","8":"product_cat-maschinen","9":"product_cat-motor-kettensagen","10":"sws-gruppo-macchinari-de","11":"sws-conto-ricavi-merci-rivendita-macchinari-de","12":"sws-gruppo-iva-iva81-de","14":"first","15":"onbackorder","16":"shipping-taxable","17":"purchasable","18":"product-type-simple"},"_links":{"self":[{"href":"https:\/\/lucacastelli.com\/de\/wp-json\/wp\/v2\/product\/443617","targetHints":{"allow":["GET"]}}],"collection":[{"href":"https:\/\/lucacastelli.com\/de\/wp-json\/wp\/v2\/product"}],"about":[{"href":"https:\/\/lucacastelli.com\/de\/wp-json\/wp\/v2\/types\/product"}],"wp:featuredmedia":[{"embeddable":true,"href":"https:\/\/lucacastelli.com\/de\/wp-json\/wp\/v2\/media\/443614"}],"wp:attachment":[{"href":"https:\/\/lucacastelli.com\/de\/wp-json\/wp\/v2\/media?parent=443617"}],"wp:term":[{"taxonomy":"product_brand","embeddable":true,"href":"https:\/\/lucacastelli.com\/de\/wp-json\/wp\/v2\/product_brand?post=443617"},{"taxonomy":"product_cat","embeddable":true,"href":"https:\/\/lucacastelli.com\/de\/wp-json\/wp\/v2\/product_cat?post=443617"},{"taxonomy":"product_tag","embeddable":true,"href":"https:\/\/lucacastelli.com\/de\/wp-json\/wp\/v2\/product_tag?post=443617"}],"curies":[{"name":"wp","href":"https:\/\/api.w.org\/{rel}","templated":true}]}}