{"id":443540,"date":"2025-06-01T16:55:11","date_gmt":"2025-06-01T14:55:11","guid":{"rendered":"https:\/\/lucacastelli.com\/prodotto\/stihl-motomix-4-x-200-l-2\/"},"modified":"2026-03-31T19:19:37","modified_gmt":"2026-03-31T17:19:37","slug":"stihl-motomix-4-x-200-l-2","status":"publish","type":"product","link":"https:\/\/lucacastelli.com\/de\/produkt\/stihl-motomix-4-x-200-l-2\/","title":{"rendered":"STIHL Motomix 4 x 200 l"},"content":{"rendered":"<p>Vorgemischter Kraftstoff (1:50) f\u00fcr alle STIHL Motoren, optimale Leistungsentfaltung, verbessertes Kaltstartverhalten, maximale Beschleunigung \u00fcber den gesamten Drehzahlbereich, perfektes Handling auch bei abrupten Gaswechseln. Mit STIHL HP Ultra f\u00fcr hervorragende Motorschmierung und maximale Sauberkeit, vollsynthetisch und biologisch abbaubar f\u00fcr optimale Leistung und lange Lebensdauer. Es enth\u00e4lt kein Ethanol, praktisch keine Olefine und Aromaten und ist aufgrund seiner geringen Emissionen f\u00fcr den Anwender und den Motor geeignet. Lange Haltbarkeit von bis zu 5 Jahren. H\u00f6chste Zuverl\u00e4ssigkeit aus einer Hand &#8211; STIHL und STIHL MotoMix Motoren sind aufeinander abgestimmt, alle Einsatzm\u00f6glichkeiten ausgiebig getestet.    <\/p>\n<p>Paket bestehend aus:<\/p>\n<p>4 St\u00fcck MotoMix 200 Liter<\/p>\n","protected":false},"excerpt":{"rendered":"<p>Vorgemischter Kraftstoff (1:50) f\u00fcr alle STIHL Motoren, optimale Leistungsentfaltung, verbessertes Kaltstartverhalten, maximale Beschleunigung \u00fcber den gesamten Drehzahlbereich, perfektes Handling auch<\/p>\n","protected":false},"featured_media":443537,"template":"","meta":{"_seopress_robots_primary_cat":"","_seopress_titles_title":"","_seopress_titles_desc":"","_seopress_robots_index":""},"product_brand":[3554],"product_cat":[1436,1442],"product_tag":[],"class_list":{"0":"post-443540","1":"product","2":"type-product","3":"status-publish","4":"has-post-thumbnail","6":"product_brand-stihl-de","7":"product_cat-kraftstoffe-und-ole","8":"product_cat-kraftstoffe","10":"first","11":"onbackorder","12":"shipping-taxable","13":"purchasable","14":"product-type-simple"},"_links":{"self":[{"href":"https:\/\/lucacastelli.com\/de\/wp-json\/wp\/v2\/product\/443540","targetHints":{"allow":["GET"]}}],"collection":[{"href":"https:\/\/lucacastelli.com\/de\/wp-json\/wp\/v2\/product"}],"about":[{"href":"https:\/\/lucacastelli.com\/de\/wp-json\/wp\/v2\/types\/product"}],"wp:featuredmedia":[{"embeddable":true,"href":"https:\/\/lucacastelli.com\/de\/wp-json\/wp\/v2\/media\/443537"}],"wp:attachment":[{"href":"https:\/\/lucacastelli.com\/de\/wp-json\/wp\/v2\/media?parent=443540"}],"wp:term":[{"taxonomy":"product_brand","embeddable":true,"href":"https:\/\/lucacastelli.com\/de\/wp-json\/wp\/v2\/product_brand?post=443540"},{"taxonomy":"product_cat","embeddable":true,"href":"https:\/\/lucacastelli.com\/de\/wp-json\/wp\/v2\/product_cat?post=443540"},{"taxonomy":"product_tag","embeddable":true,"href":"https:\/\/lucacastelli.com\/de\/wp-json\/wp\/v2\/product_tag?post=443540"}],"curies":[{"name":"wp","href":"https:\/\/api.w.org\/{rel}","templated":true}]}}