{"id":443484,"date":"2025-06-01T16:25:36","date_gmt":"2025-06-01T14:25:36","guid":{"rendered":"https:\/\/lucacastelli.com\/prodotto\/stihl-motomix-2-x-200-l-2\/"},"modified":"2026-03-31T19:22:14","modified_gmt":"2026-03-31T17:22:14","slug":"stihl-motomix-2-x-200-l-2","status":"publish","type":"product","link":"https:\/\/lucacastelli.com\/de\/produkt\/stihl-motomix-2-x-200-l-2\/","title":{"rendered":"STIHL Motomix 2 x 200 l"},"content":{"rendered":"<p>Fertiggemisch (1:50) f\u00fcr alle STIHL-Motoren, optimale Leistungsabgabe, verbesserte Kaltstarteigenschaften, maximale Beschleunigung \u00fcber den gesamten Drehzahlbereich, perfektes Laufverhalten auch bei abrupten Gaswechseln. Mit STIHL HP Ultra Premium-\u00d6l f\u00fcr hervorragende Motorschmierung und maximale Sauberkeit, vollsynthetisch und biologisch abbaubar f\u00fcr optimale Leistung und lange Lebensdauer. Enth\u00e4lt kein Ethanol, praktisch frei von Olefinen und Aromaten, anwender- und motorfreundlich dank niedriger Emissionen. Lange Lagerf\u00e4higkeit bis zu 5 Jahren. Maximale zuverl\u00e4ssige Leistung aus einer Hand \u2013 STIHL-Motoren und STIHL MotoMix sind aufeinander abgestimmt, alle m\u00f6glichen Anwendungen wurden umfassend getestet.    <\/p>\n<p>Packungsinhalt:<\/p>\n<p>2 St\u00fcck MotoMix 200 Liter<\/p>\n","protected":false},"excerpt":{"rendered":"<p>Fertiggemisch (1:50) f\u00fcr alle STIHL-Motoren, optimale Leistungsabgabe, verbesserte Kaltstarteigenschaften, maximale Beschleunigung \u00fcber den gesamten Drehzahlbereich, perfektes Laufverhalten auch bei abrupten<\/p>\n","protected":false},"featured_media":443481,"template":"","meta":{"_seopress_robots_primary_cat":"","_seopress_titles_title":"STIHL Motomix: Bester Preis und sofortige Verf\u00fcgbarkeit | Lucacastelli","_seopress_titles_desc":"","_seopress_robots_index":""},"product_brand":[3554],"product_cat":[1436,1442],"product_tag":[],"class_list":{"0":"post-443484","1":"product","2":"type-product","3":"status-publish","4":"has-post-thumbnail","6":"product_brand-stihl-de","7":"product_cat-kraftstoffe-und-ole","8":"product_cat-kraftstoffe","10":"first","11":"onbackorder","12":"shipping-taxable","13":"purchasable","14":"product-type-simple"},"_links":{"self":[{"href":"https:\/\/lucacastelli.com\/de\/wp-json\/wp\/v2\/product\/443484","targetHints":{"allow":["GET"]}}],"collection":[{"href":"https:\/\/lucacastelli.com\/de\/wp-json\/wp\/v2\/product"}],"about":[{"href":"https:\/\/lucacastelli.com\/de\/wp-json\/wp\/v2\/types\/product"}],"wp:featuredmedia":[{"embeddable":true,"href":"https:\/\/lucacastelli.com\/de\/wp-json\/wp\/v2\/media\/443481"}],"wp:attachment":[{"href":"https:\/\/lucacastelli.com\/de\/wp-json\/wp\/v2\/media?parent=443484"}],"wp:term":[{"taxonomy":"product_brand","embeddable":true,"href":"https:\/\/lucacastelli.com\/de\/wp-json\/wp\/v2\/product_brand?post=443484"},{"taxonomy":"product_cat","embeddable":true,"href":"https:\/\/lucacastelli.com\/de\/wp-json\/wp\/v2\/product_cat?post=443484"},{"taxonomy":"product_tag","embeddable":true,"href":"https:\/\/lucacastelli.com\/de\/wp-json\/wp\/v2\/product_tag?post=443484"}],"curies":[{"name":"wp","href":"https:\/\/api.w.org\/{rel}","templated":true}]}}