{"id":443210,"date":"2026-04-02T18:43:46","date_gmt":"2026-04-02T16:43:46","guid":{"rendered":"https:\/\/lucacastelli.com\/?post_type=product&#038;p=443210"},"modified":"2026-04-02T23:29:52","modified_gmt":"2026-04-02T21:29:52","slug":"br-700","status":"publish","type":"product","link":"https:\/\/lucacastelli.com\/de\/produkt\/br-700\/","title":{"rendered":"STIHL BR 700"},"content":{"rendered":"<p>Professionelles R\u00fcckentragegebl\u00e4se, extrem leistungsstark. Ausgestattet mit besonders wirksamem Antivibrationssystem und ergonomischem Tragegurt f\u00fcr maximalen Komfort w\u00e4hrend der Arbeit. Mit innovativem STIHL 4-MIX\u00ae 4-Takt-Motor mit niedrigen Abgasemissionen, hohem Drehmoment und angenehmerer Ger\u00e4uschentwicklung.  <\/p>\n<p>TECHNISCHE DATEN<br \/>\nHubraum cu-in 3.95<br \/>\nHubraum cm\u00b3 64.8<br \/>\nLeistung PS 3.8<br \/>\nLeistung kW 2.8<br \/>\nGewicht libbre\/pounds 1) 23.8<br \/>\nGewicht kg 1) 10.8<br \/>\nSchalldruckpegel dB(A) 2) 101<br \/>\nSchallleistungspegel dB(A) 2) 109<br \/>\nVibrationswert rechts m\/s\u00b2 3) 2.5<br \/>\nVibrationswert rechts m\/s\u00b2 3) 2.5<br \/>\nLuftdurchsatz m\u00b3\/h 4) 1.550<br \/>\nLuftdurchsatz cf\/min 4) 912<br \/>\nmax. Luftdurchsatz m\u00b3\/h 5) 1.860<br \/>\nmax. Luftdurchsatz cf\/min 5) 1.095<br \/>\nTankinhalt oz 47.3<br \/>\nTankinhalt l 1.40<br \/>\nDrehzahl bei Pmax U\/min 8.500<\/p>\n","protected":false},"excerpt":{"rendered":"<p>BR 700<\/p>\n","protected":false},"featured_media":827587,"template":"","meta":{"_seopress_robots_primary_cat":"none","_seopress_titles_title":"","_seopress_titles_desc":"","_seopress_robots_index":""},"product_brand":[3366],"product_cat":[29,485,486],"product_tag":[3265],"class_list":{"0":"post-443210","1":"product","2":"type-product","3":"status-publish","4":"has-post-thumbnail","6":"product_brand-stihl","7":"product_cat-macchinari","8":"product_cat-soffiatori-e-aspiratori","9":"product_cat-soffiatori-a-motore","10":"product_tag-import-stihl","11":"sws-gruppo-macchinari-de","12":"sws-conto-ricavi-merci-rivendita-macchinari-de","13":"sws-gruppo-iva-iva81-de","15":"first","16":"instock","17":"sale","18":"purchasable","19":"product-type-simple"},"_links":{"self":[{"href":"https:\/\/lucacastelli.com\/de\/wp-json\/wp\/v2\/product\/443210","targetHints":{"allow":["GET"]}}],"collection":[{"href":"https:\/\/lucacastelli.com\/de\/wp-json\/wp\/v2\/product"}],"about":[{"href":"https:\/\/lucacastelli.com\/de\/wp-json\/wp\/v2\/types\/product"}],"wp:featuredmedia":[{"embeddable":true,"href":"https:\/\/lucacastelli.com\/de\/wp-json\/wp\/v2\/media\/827587"}],"wp:attachment":[{"href":"https:\/\/lucacastelli.com\/de\/wp-json\/wp\/v2\/media?parent=443210"}],"wp:term":[{"taxonomy":"product_brand","embeddable":true,"href":"https:\/\/lucacastelli.com\/de\/wp-json\/wp\/v2\/product_brand?post=443210"},{"taxonomy":"product_cat","embeddable":true,"href":"https:\/\/lucacastelli.com\/de\/wp-json\/wp\/v2\/product_cat?post=443210"},{"taxonomy":"product_tag","embeddable":true,"href":"https:\/\/lucacastelli.com\/de\/wp-json\/wp\/v2\/product_tag?post=443210"}],"curies":[{"name":"wp","href":"https:\/\/api.w.org\/{rel}","templated":true}]}}