{"id":443055,"date":"2025-06-01T00:34:07","date_gmt":"2025-05-31T22:34:07","guid":{"rendered":"https:\/\/lucacastelli.com\/?post_type=product&#038;p=443055"},"modified":"2026-04-18T12:15:07","modified_gmt":"2026-04-18T10:15:07","slug":"fs-38","status":"publish","type":"product","link":"https:\/\/lucacastelli.com\/de\/produkt\/fs-38\/","title":{"rendered":"STIHL FS 38"},"content":{"rendered":"<p>Leichtes und ergonomisches Modell mit Profi-Ausstattung. Idealer Trimmer f\u00fcr Ausputzarbeiten unter B\u00e4umen, entlang von Wegen und zum M\u00e4hen kleiner Gr\u00fcnfl\u00e4chen in privaten G\u00e4rten.<br \/>\n886661909322 <\/p>\n<p>Hubraum 27,2 cm\u00b3<br \/>\nLeistung Leistung<\/p>\n<p>Leistung Leistung<br \/>\nLeistung 0,90 kW<br \/>\nCO2 857 g\/kWh<\/p>\n","protected":false},"excerpt":{"rendered":"<p>FS 38<\/p>\n","protected":false},"featured_media":430295,"template":"","meta":{"_seopress_robots_primary_cat":"none","_seopress_titles_title":"","_seopress_titles_desc":"","_seopress_robots_index":""},"product_brand":[3366],"product_cat":[29,270,280],"product_tag":[3265],"class_list":{"0":"post-443055","1":"product","2":"type-product","3":"status-publish","4":"has-post-thumbnail","6":"product_brand-stihl","7":"product_cat-macchinari","8":"product_cat-decespugliatori-e-tagliabordi","9":"product_cat-decespugliatori-e-tagliabordi-a-motore","10":"product_tag-import-stihl","11":"sws-gruppo-macchinari-de","12":"sws-conto-ricavi-merci-rivendita-macchinari-de","13":"sws-gruppo-iva-iva81-de","15":"first","16":"instock","17":"sale","18":"purchasable","19":"product-type-simple"},"_links":{"self":[{"href":"https:\/\/lucacastelli.com\/de\/wp-json\/wp\/v2\/product\/443055","targetHints":{"allow":["GET"]}}],"collection":[{"href":"https:\/\/lucacastelli.com\/de\/wp-json\/wp\/v2\/product"}],"about":[{"href":"https:\/\/lucacastelli.com\/de\/wp-json\/wp\/v2\/types\/product"}],"wp:featuredmedia":[{"embeddable":true,"href":"https:\/\/lucacastelli.com\/de\/wp-json\/wp\/v2\/media\/430295"}],"wp:attachment":[{"href":"https:\/\/lucacastelli.com\/de\/wp-json\/wp\/v2\/media?parent=443055"}],"wp:term":[{"taxonomy":"product_brand","embeddable":true,"href":"https:\/\/lucacastelli.com\/de\/wp-json\/wp\/v2\/product_brand?post=443055"},{"taxonomy":"product_cat","embeddable":true,"href":"https:\/\/lucacastelli.com\/de\/wp-json\/wp\/v2\/product_cat?post=443055"},{"taxonomy":"product_tag","embeddable":true,"href":"https:\/\/lucacastelli.com\/de\/wp-json\/wp\/v2\/product_tag?post=443055"}],"curies":[{"name":"wp","href":"https:\/\/api.w.org\/{rel}","templated":true}]}}