{"id":443023,"date":"2025-06-01T00:34:25","date_gmt":"2025-05-31T22:34:25","guid":{"rendered":"https:\/\/lucacastelli.com\/?post_type=product&#038;p=443023"},"modified":"2026-04-11T08:01:54","modified_gmt":"2026-04-11T06:01:54","slug":"fs-55-r","status":"publish","type":"product","link":"https:\/\/lucacastelli.com\/de\/produkt\/fs-55-r\/","title":{"rendered":"STIHL FS 55 R"},"content":{"rendered":"<p>Handlicher Freischneider mit rundem Griff. Hervorragend geeignet als Trimmer und zum Ausd\u00fcnnen in privaten G\u00e4rten. Ideal f\u00fcr kleine Arbeiten wie das Schneiden von hartn\u00e4ckigem Unkraut. Auch f\u00fcr den gelegentlichen Einsatz in der Landwirtschaft und in kommunalen Betrieben.<br \/>\n886661934522   <\/p>\n<p>Hubraum 27,2<br \/>\nLeistung Leistung<\/p>\n<p>Leistung Leistung<br \/>\nLeistung 1,00<br \/>\nCO2 857<\/p>\n","protected":false},"excerpt":{"rendered":"<p>FS 55 R<\/p>\n","protected":false},"featured_media":430303,"template":"","meta":{"_seopress_robots_primary_cat":"none","_seopress_titles_title":"","_seopress_titles_desc":"","_seopress_robots_index":""},"product_brand":[3554],"product_cat":[1581,169,1610],"product_tag":[3266],"class_list":{"0":"post-443023","1":"product","2":"type-product","3":"status-publish","4":"has-post-thumbnail","6":"product_brand-stihl-de","7":"product_cat-freischneider-und-trimmer","8":"product_cat-maschinen","9":"product_cat-motorsensen-und-trimmer","10":"product_tag-import-stihl-de","11":"sws-gruppo-macchinari-de","12":"sws-marca-stihl-vertriebs-ag-de","13":"sws-conto-ricavi-merci-rivendita-macchinari-de","14":"sws-gruppo-iva-iva81-de","16":"first","17":"onbackorder","18":"purchasable","19":"product-type-simple"},"_links":{"self":[{"href":"https:\/\/lucacastelli.com\/de\/wp-json\/wp\/v2\/product\/443023","targetHints":{"allow":["GET"]}}],"collection":[{"href":"https:\/\/lucacastelli.com\/de\/wp-json\/wp\/v2\/product"}],"about":[{"href":"https:\/\/lucacastelli.com\/de\/wp-json\/wp\/v2\/types\/product"}],"wp:featuredmedia":[{"embeddable":true,"href":"https:\/\/lucacastelli.com\/de\/wp-json\/wp\/v2\/media\/430303"}],"wp:attachment":[{"href":"https:\/\/lucacastelli.com\/de\/wp-json\/wp\/v2\/media?parent=443023"}],"wp:term":[{"taxonomy":"product_brand","embeddable":true,"href":"https:\/\/lucacastelli.com\/de\/wp-json\/wp\/v2\/product_brand?post=443023"},{"taxonomy":"product_cat","embeddable":true,"href":"https:\/\/lucacastelli.com\/de\/wp-json\/wp\/v2\/product_cat?post=443023"},{"taxonomy":"product_tag","embeddable":true,"href":"https:\/\/lucacastelli.com\/de\/wp-json\/wp\/v2\/product_tag?post=443023"}],"curies":[{"name":"wp","href":"https:\/\/api.w.org\/{rel}","templated":true}]}}