{"id":442984,"date":"2025-05-31T21:58:55","date_gmt":"2025-05-31T19:58:55","guid":{"rendered":"https:\/\/lucacastelli.com\/prodotto\/rm-248-t\/"},"modified":"2026-04-08T11:55:18","modified_gmt":"2026-04-08T09:55:18","slug":"rm-248-t","status":"publish","type":"product","link":"https:\/\/lucacastelli.com\/de\/produkt\/rm-248-t\/","title":{"rendered":"STIHL RM 248 T"},"content":{"rendered":"<p>Robuster Rasenm\u00e4her mit 1-Gang-Radantrieb<br \/>\nBenzin-Rasenm\u00e4her mit 46 cm Schnittbreite, 4-in-1-Funktion, Seitenauswurf, Mulchkeil und Multi-Messer f\u00fcr mittelgro\u00dfe Rasenfl\u00e4chen. Geh\u00e4use aus Stahlblech, zentrale Schnitth\u00f6henverstellung, klappbarer und zweifach h\u00f6henverstellbarer Komfortlenker sowie 1-Gang-Radantrieb f\u00fcr komfortables Arbeiten. Inklusive klappbarem 52-Liter-Grasfangkorb mit F\u00fcllstandsanzeige.  <\/p>\n<p>TECHNISCHE DATEN<\/p>\n<table data-test-id=\"pdp-spec-tech-table\">\n<tbody>\n<tr>\n<td>Schnittbreite<\/td>\n<td>46 cm<\/td>\n<\/tr>\n<tr>\n<td>Schnitth\u00f6he<\/td>\n<td>20 &#8211; 100 mm<\/td>\n<\/tr>\n<tr>\n<td>Einstellung der Schnitth\u00f6he<\/td>\n<td>7-fach (zentral)<\/td>\n<\/tr>\n<tr>\n<td>Fassungsverm\u00f6gen des Grasf\u00e4ngers<\/td>\n<td>52 l<\/td>\n<\/tr>\n<tr>\n<td>Ger\u00e4tel\u00e4nge mit Grasfangkorb<\/td>\n<td>158 cm<\/td>\n<\/tr>\n<tr>\n<td>Ger\u00e4tebreite<\/td>\n<td>51 cm<\/td>\n<\/tr>\n<tr>\n<td>Gesamth\u00f6he des Ger\u00e4ts<\/td>\n<td>117<\/td>\n<\/tr>\n<tr>\n<td>Vorderraddurchmesser<\/td>\n<td>180 mm<\/td>\n<\/tr>\n<tr>\n<td>Raddurchmesser hinten<\/td>\n<td>200 mm<\/td>\n<\/tr>\n<tr>\n<td>Antrieb<\/td>\n<td>3,5 km\/h<\/td>\n<\/tr>\n<tr>\n<td>Motortyp<\/td>\n<td>EVC 205.0<\/td>\n<\/tr>\n<tr>\n<td>Hubraum<\/td>\n<td>127 cm\u00b3<\/td>\n<\/tr>\n<tr>\n<td>Gewicht<\/td>\n<td>32 kg<\/td>\n<\/tr>\n<tr>\n<td>Garantierter Schallleistungspegel LWA<\/td>\n<td>96 dB(A)<\/td>\n<\/tr>\n<tr>\n<td>Gemessener Schalldruckpegel LpA<\/td>\n<td>82 dB(A)<\/td>\n<\/tr>\n<tr>\n<td>Unsicherheitsfaktor Schalldruckpegel KpA<\/td>\n<td>2 dB(A)<\/td>\n<\/tr>\n<tr>\n<td>Vibration F\u00fchrungsholm ahw<\/td>\n<td>4,4 m\/s\u00b2<\/td>\n<\/tr>\n<tr>\n<td>Unsicherheit Vibration K<\/td>\n<td>2,2 m\/s\u00b2<\/td>\n<\/tr>\n<tr>\n<td>CO2<\/td>\n<td>1227 g\/kWh<\/td>\n<\/tr>\n<\/tbody>\n<\/table>\n","protected":false},"excerpt":{"rendered":"<p>Robuster Rasenm\u00e4her mit 1-Gang-Radantrieb Benzin-Rasenm\u00e4her mit 46 cm Schnittbreite, 4-in-1-Funktion, Seitenauswurf, Mulchkeil und Multi-Messer f\u00fcr mittelgro\u00dfe Rasenfl\u00e4chen. Geh\u00e4use aus Stahlblech,<\/p>\n","protected":false},"featured_media":424760,"template":"","meta":{"_seopress_robots_primary_cat":"none","_seopress_titles_title":"","_seopress_titles_desc":"","_seopress_robots_index":""},"product_brand":[3554],"product_cat":[169,1656,1666],"product_tag":[3266],"class_list":{"0":"post-442984","1":"product","2":"type-product","3":"status-publish","4":"has-post-thumbnail","6":"product_brand-stihl-de","7":"product_cat-maschinen","8":"product_cat-rasenmaher-und-roboter","9":"product_cat-motor-rasenmaher","10":"product_tag-import-stihl-de","11":"sws-gruppo-macchinari-de","12":"sws-conto-ricavi-merci-rivendita-macchinari-de","13":"sws-gruppo-iva-iva81-de","15":"first","16":"instock","17":"purchasable","18":"product-type-simple"},"_links":{"self":[{"href":"https:\/\/lucacastelli.com\/de\/wp-json\/wp\/v2\/product\/442984","targetHints":{"allow":["GET"]}}],"collection":[{"href":"https:\/\/lucacastelli.com\/de\/wp-json\/wp\/v2\/product"}],"about":[{"href":"https:\/\/lucacastelli.com\/de\/wp-json\/wp\/v2\/types\/product"}],"wp:featuredmedia":[{"embeddable":true,"href":"https:\/\/lucacastelli.com\/de\/wp-json\/wp\/v2\/media\/424760"}],"wp:attachment":[{"href":"https:\/\/lucacastelli.com\/de\/wp-json\/wp\/v2\/media?parent=442984"}],"wp:term":[{"taxonomy":"product_brand","embeddable":true,"href":"https:\/\/lucacastelli.com\/de\/wp-json\/wp\/v2\/product_brand?post=442984"},{"taxonomy":"product_cat","embeddable":true,"href":"https:\/\/lucacastelli.com\/de\/wp-json\/wp\/v2\/product_cat?post=442984"},{"taxonomy":"product_tag","embeddable":true,"href":"https:\/\/lucacastelli.com\/de\/wp-json\/wp\/v2\/product_tag?post=442984"}],"curies":[{"name":"wp","href":"https:\/\/api.w.org\/{rel}","templated":true}]}}