{"id":442977,"date":"2025-05-31T21:58:50","date_gmt":"2025-05-31T19:58:50","guid":{"rendered":"https:\/\/lucacastelli.com\/?post_type=product&#038;p=442977"},"modified":"2026-03-17T18:19:52","modified_gmt":"2026-03-17T17:19:52","slug":"rm-248","status":"publish","type":"product","link":"https:\/\/lucacastelli.com\/de\/produkt\/rm-248\/","title":{"rendered":"STIHL RM 248"},"content":{"rendered":"<p>pBenzin-Rasenm\u00e4her mit 46 cm Schnittbreite, 4-in-1-Funktion, Seitenauswurf, Mulchkeil und Multimesser f\u00fcr mittelgro\u00dfe Rasenfl\u00e4chen. Stahlblechgeh\u00e4use, zentrale Schnitth\u00f6henverstellung, klappbarer Komfortlenker und in zwei Positionen h\u00f6henverstellbar. Inklusive 52 L faltbarem Grasfangsack, mit F\u00fcllstandsanzeige.\/p<br \/>\n886661889419<\/p>\n<p>Hubraum 127<br \/>\nGetriebe Getriebe<\/p>\n<p>Motortyp Motortyp<br \/>\nCO2 1227<br \/>\nGewicht 30,0<\/p>\n","protected":false},"excerpt":{"rendered":"<p>pBenzin-Rasenm\u00e4her mit 46 cm Schnittbreite, 4-in-1-Funktion, Seitenauswurf, Mulchkeil und Multimesser f\u00fcr mittelgro\u00dfe Rasenfl\u00e4chen. Stahlblechgeh\u00e4use, zentrale Schnitth\u00f6henverstellung, klappbarer Komfortlenker und in<\/p>\n","protected":false},"featured_media":424752,"template":"","meta":{"_seopress_robots_primary_cat":"","_seopress_titles_title":"","_seopress_titles_desc":"","_seopress_robots_index":""},"product_brand":[3554],"product_cat":[169,1666,1656],"product_tag":[3266],"class_list":{"0":"post-442977","1":"product","2":"type-product","3":"status-publish","4":"has-post-thumbnail","6":"product_brand-stihl-de","7":"product_cat-maschinen","8":"product_cat-motor-rasenmaher","9":"product_cat-rasenmaher-und-roboter","10":"product_tag-import-stihl-de","11":"sws-gruppo-macchinari-de","12":"sws-conto-ricavi-merci-rivendita-macchinari-de","13":"sws-gruppo-iva-iva81-de","15":"first","16":"onbackorder","17":"purchasable","18":"product-type-simple"},"_links":{"self":[{"href":"https:\/\/lucacastelli.com\/de\/wp-json\/wp\/v2\/product\/442977","targetHints":{"allow":["GET"]}}],"collection":[{"href":"https:\/\/lucacastelli.com\/de\/wp-json\/wp\/v2\/product"}],"about":[{"href":"https:\/\/lucacastelli.com\/de\/wp-json\/wp\/v2\/types\/product"}],"wp:featuredmedia":[{"embeddable":true,"href":"https:\/\/lucacastelli.com\/de\/wp-json\/wp\/v2\/media\/424752"}],"wp:attachment":[{"href":"https:\/\/lucacastelli.com\/de\/wp-json\/wp\/v2\/media?parent=442977"}],"wp:term":[{"taxonomy":"product_brand","embeddable":true,"href":"https:\/\/lucacastelli.com\/de\/wp-json\/wp\/v2\/product_brand?post=442977"},{"taxonomy":"product_cat","embeddable":true,"href":"https:\/\/lucacastelli.com\/de\/wp-json\/wp\/v2\/product_cat?post=442977"},{"taxonomy":"product_tag","embeddable":true,"href":"https:\/\/lucacastelli.com\/de\/wp-json\/wp\/v2\/product_tag?post=442977"}],"curies":[{"name":"wp","href":"https:\/\/api.w.org\/{rel}","templated":true}]}}