{"id":442950,"date":"2025-06-01T00:36:41","date_gmt":"2025-05-31T22:36:41","guid":{"rendered":"https:\/\/lucacastelli.com\/?post_type=product&#038;p=442950"},"modified":"2026-04-13T14:46:23","modified_gmt":"2026-04-13T12:46:23","slug":"fr-460-tc-efm","status":"publish","type":"product","link":"https:\/\/lucacastelli.com\/de\/produkt\/fr-460-tc-efm\/","title":{"rendered":"STIHL FR 460 TC-EFM"},"content":{"rendered":"<p>Serienm\u00e4\u00dfiger ElettroStart zum einfachen Starten des Werkzeugs auf der R\u00fcckseite per Knopfdruck. Zus\u00e4tzliche Handz\u00fcndung mit STIHL ErgoStart f\u00fcr den Start bei Temperaturen unter 0 \u00b0C, STIHL Antivibrationssystem, 2-MIX-Motor, STIHL M-Tronic, Stoppknopf, Werkzeugtasche, teilbare Stange. <\/p>\n<p>Technische Daten<\/p>\n<p>Gesamtl\u00e4nge cm 1) 280<br \/>\nFassungsverm\u00f6gen des Kraftstofftanks l 0.75<br \/>\nSchallleistungspegel dB(A) 2) 112<br \/>\nSchalldruckpegel dB(A) 2) 99<br \/>\nGewicht kg 3) 11.5<br \/>\nSchnittumfang Durchmesser mm 420<br \/>\nCO2 g\/kWh 865<br \/>\nHubraum cm\u00b3 45.6<br \/>\nLeistung kW\/PS 2.2\/3<br \/>\nVibrationswert sn\/rechts mit Metallwerkzeug m\/s\u00b2 4) 2\/2<br \/>\nVibrationswert sn\/rechts mit Sp\u00fclkopf m\/s\u00b2 4) 3.5\/3.6<br \/>\nSchneidwerkzeug AutoCut 36-2<\/p>\n","protected":false},"excerpt":{"rendered":"<p>FR 460 TC-EFM<\/p>\n","protected":false},"featured_media":430398,"template":"","meta":{"_seopress_robots_primary_cat":"none","_seopress_titles_title":"","_seopress_titles_desc":"","_seopress_robots_index":""},"product_brand":[3366],"product_cat":[29,270,280],"product_tag":[3265],"class_list":{"0":"post-442950","1":"product","2":"type-product","3":"status-publish","4":"has-post-thumbnail","6":"product_brand-stihl","7":"product_cat-macchinari","8":"product_cat-decespugliatori-e-tagliabordi","9":"product_cat-decespugliatori-e-tagliabordi-a-motore","10":"product_tag-import-stihl","11":"sws-gruppo-macchinari-de","12":"sws-conto-ricavi-merci-rivendita-macchinari-de","13":"sws-gruppo-iva-iva81-de","15":"first","16":"onbackorder","17":"purchasable","18":"product-type-simple"},"_links":{"self":[{"href":"https:\/\/lucacastelli.com\/de\/wp-json\/wp\/v2\/product\/442950","targetHints":{"allow":["GET"]}}],"collection":[{"href":"https:\/\/lucacastelli.com\/de\/wp-json\/wp\/v2\/product"}],"about":[{"href":"https:\/\/lucacastelli.com\/de\/wp-json\/wp\/v2\/types\/product"}],"wp:featuredmedia":[{"embeddable":true,"href":"https:\/\/lucacastelli.com\/de\/wp-json\/wp\/v2\/media\/430398"}],"wp:attachment":[{"href":"https:\/\/lucacastelli.com\/de\/wp-json\/wp\/v2\/media?parent=442950"}],"wp:term":[{"taxonomy":"product_brand","embeddable":true,"href":"https:\/\/lucacastelli.com\/de\/wp-json\/wp\/v2\/product_brand?post=442950"},{"taxonomy":"product_cat","embeddable":true,"href":"https:\/\/lucacastelli.com\/de\/wp-json\/wp\/v2\/product_cat?post=442950"},{"taxonomy":"product_tag","embeddable":true,"href":"https:\/\/lucacastelli.com\/de\/wp-json\/wp\/v2\/product_tag?post=442950"}],"curies":[{"name":"wp","href":"https:\/\/api.w.org\/{rel}","templated":true}]}}