{"id":442939,"date":"2025-06-01T00:36:35","date_gmt":"2025-05-31T22:36:35","guid":{"rendered":"https:\/\/lucacastelli.com\/?post_type=product&#038;p=442939"},"modified":"2026-04-15T11:24:25","modified_gmt":"2026-04-15T09:24:25","slug":"fr-460-tc-em","status":"publish","type":"product","link":"https:\/\/lucacastelli.com\/de\/produkt\/fr-460-tc-em\/","title":{"rendered":"STIHL FR 460 TC-EM"},"content":{"rendered":"<h2 class=\"product-details__title\">R\u00fcckentragbarer Freischneider 2,2 kW mit M-Tronic und teilbarem Schaft<\/h2>\n<div class=\"product-details__description richtexteditor\">R\u00fcckentragbarer Freischneider mit intelligenter Motorsteuerung M-Tronic. Teilbarer Schaft, ErgoStart und 2-MIX-Motor. Komfortabel f\u00fcr Transport und Lagerung. Ideal f\u00fcr den Einsatz in unwegsamem Gel\u00e4nde und anspruchsvolle Reinigungsarbeiten.   <\/div>\n<p>&nbsp;<\/p>\n<p>&nbsp;<\/p>\n<p><strong>Technische Daten<\/strong><\/p>\n<p>&nbsp;<\/p>\n<table data-test-id=\"pdp-spec-tech-table\">\n<tbody>\n<tr>\n<td>Hubraum<\/td>\n<td>45.6 cm\u00b3<\/td>\n<\/tr>\n<tr>\n<td>Leistung<\/td>\n<td>2,2\/3 kW\/PS<\/td>\n<\/tr>\n<tr>\n<td>Leistung<\/td>\n<td>3 bhp<\/td>\n<\/tr>\n<tr>\n<td>CO2<\/td>\n<td>865 g\/kWh<\/td>\n<\/tr>\n<tr>\n<td>Gewicht ohne Kraftstoff<\/td>\n<td>10,9 kg <sup>1<!-- -->)<\/sup><\/td>\n<\/tr>\n<tr>\n<td>Standard-Schneidwerkzeug<\/td>\n<td>M\u00e4hkopf AutoCut 36-2<\/td>\n<\/tr>\n<tr>\n<td>Schnittkreisdurchmesser<\/td>\n<td>420 mm<\/td>\n<\/tr>\n<tr>\n<td>Tankinhalt<\/td>\n<td>0,75 l<\/td>\n<\/tr>\n<tr>\n<td>Tankinhalt<\/td>\n<td>750 cm\u00b3<\/td>\n<\/tr>\n<tr>\n<td>Ger\u00e4tel\u00e4nge ohne Schneidwerkzeug<\/td>\n<td>280 cm<\/td>\n<\/tr>\n<tr>\n<td>Schalldruckpegel<\/td>\n<td>100 dB(A) <sup>2)<\/sup><\/td>\n<\/tr>\n<tr>\n<td>Schalldruckpegel<\/td>\n<td>99 dB(A) <sup>2)<\/sup><\/td>\n<\/tr>\n<tr>\n<td>Schallleistungspegel<\/td>\n<td>109 dB(A) <sup>2)<\/sup><\/td>\n<\/tr>\n<tr>\n<td>Schallleistungspegel<\/td>\n<td>110 dB(A) <sup>2)<\/sup><\/td>\n<\/tr>\n<tr>\n<td>Vibrationswert links mit der rechten Hand<\/td>\n<td>3.3 m\/s\u00b2 <sup>3)<\/sup><\/td>\n<\/tr>\n<tr>\n<td>Vibrationswert links mit rechter Hand<\/td>\n<td>3,6 m\/s\u00b2 <sup>3)<\/sup><\/td>\n<\/tr>\n<tr>\n<td>Vibrationswert rechts mit rechter Hand<\/td>\n<td>2,5 m\/s\u00b2 <sup>3)<\/sup><\/td>\n<\/tr>\n<tr>\n<td>Vibrationswert rechts mit rechter Hand<\/td>\n<td>3,3 m\/s\u00b2 <sup>3)<\/sup><\/td>\n<\/tr>\n<\/tbody>\n<\/table>\n","protected":false},"excerpt":{"rendered":"<p>FR 460 TC-EM<\/p>\n","protected":false},"featured_media":430390,"template":"","meta":{"_seopress_robots_primary_cat":"none","_seopress_titles_title":"","_seopress_titles_desc":"","_seopress_robots_index":""},"product_brand":[3366],"product_cat":[29,270,280],"product_tag":[3265],"class_list":{"0":"post-442939","1":"product","2":"type-product","3":"status-publish","4":"has-post-thumbnail","6":"product_brand-stihl","7":"product_cat-macchinari","8":"product_cat-decespugliatori-e-tagliabordi","9":"product_cat-decespugliatori-e-tagliabordi-a-motore","10":"product_tag-import-stihl","11":"sws-gruppo-macchinari-de","12":"sws-conto-ricavi-merci-rivendita-macchinari-de","13":"sws-gruppo-iva-iva81-de","15":"first","16":"instock","17":"sale","18":"purchasable","19":"product-type-simple"},"_links":{"self":[{"href":"https:\/\/lucacastelli.com\/de\/wp-json\/wp\/v2\/product\/442939","targetHints":{"allow":["GET"]}}],"collection":[{"href":"https:\/\/lucacastelli.com\/de\/wp-json\/wp\/v2\/product"}],"about":[{"href":"https:\/\/lucacastelli.com\/de\/wp-json\/wp\/v2\/types\/product"}],"wp:featuredmedia":[{"embeddable":true,"href":"https:\/\/lucacastelli.com\/de\/wp-json\/wp\/v2\/media\/430390"}],"wp:attachment":[{"href":"https:\/\/lucacastelli.com\/de\/wp-json\/wp\/v2\/media?parent=442939"}],"wp:term":[{"taxonomy":"product_brand","embeddable":true,"href":"https:\/\/lucacastelli.com\/de\/wp-json\/wp\/v2\/product_brand?post=442939"},{"taxonomy":"product_cat","embeddable":true,"href":"https:\/\/lucacastelli.com\/de\/wp-json\/wp\/v2\/product_cat?post=442939"},{"taxonomy":"product_tag","embeddable":true,"href":"https:\/\/lucacastelli.com\/de\/wp-json\/wp\/v2\/product_tag?post=442939"}],"curies":[{"name":"wp","href":"https:\/\/api.w.org\/{rel}","templated":true}]}}