{"id":442929,"date":"2026-05-08T12:59:49","date_gmt":"2026-05-08T10:59:49","guid":{"rendered":"https:\/\/lucacastelli.com\/prodotto\/fr-460-tc-e\/"},"modified":"2026-05-09T16:47:24","modified_gmt":"2026-05-09T14:47:24","slug":"fr-460-tc-e","status":"publish","type":"product","link":"https:\/\/lucacastelli.com\/de\/produkt\/fr-460-tc-e\/","title":{"rendered":"STIHL FR 460 TC-E Handgef\u00fchrter Freischneider"},"content":{"rendered":"<h3 data-start=\"431\" data-end=\"499\">02STIHL FR 460 TC-E \u2013 Professioneller r\u00fcckentragbarer Freischneider<\/h3>\n<p data-start=\"501\" data-end=\"789\">Der <strong data-start=\"504\" data-end=\"525\">STIHL FR 460 TC-E<\/strong> ist ein Rucksack-Freischneider, der selbst unter schwierigsten Bedingungen Leistung, Komfort und Praktikabilit\u00e4t bietet. Dank seines emissionsarmen <strong data-start=\"659\" data-end=\"681\">STIHL 2-MIX-Motors<\/strong> vereint er hohe Leistung mit reduziertem Verbrauch und erf\u00fcllt die EU-II-Standards. <\/p>\n<p data-start=\"791\" data-end=\"1050\">Konzipiert f\u00fcr das <strong data-start=\"806\" data-end=\"878\">M\u00e4hen von Hanglagen, unwegsamem Gel\u00e4nde und intensive R\u00e4umarbeiten<\/strong>, ist dieses Modell mit einem <strong data-start=\"907\" data-end=\"928\">teilbaren Schaft<\/strong> f\u00fcr einfachen Transport und einem <strong data-start=\"962\" data-end=\"1018\">ergonomischen Gestell mit integrierter Werkzeugtasche<\/strong> ausgestattet, was die Praktikabilit\u00e4t erh\u00f6ht.<\/p>\n<h3 data-start=\"1052\" data-end=\"1083\">Hauptmerkmale:<\/h3>\n<ul data-start=\"1084\" data-end=\"1701\">\n<li data-start=\"1084\" data-end=\"1148\">\n<p data-start=\"1086\" data-end=\"1148\"><strong data-start=\"1086\" data-end=\"1110\">STIHL ErgoStart (E):<\/strong> einfacher und m\u00fcheloser Start.<\/p>\n<\/li>\n<li data-start=\"1149\" data-end=\"1218\">\n<p data-start=\"1151\" data-end=\"1218\"><strong data-start=\"1151\" data-end=\"1168\">2-MIX-Motor:<\/strong> leistungsstark, effizient und umweltfreundlich.<\/p>\n<\/li>\n<li data-start=\"1219\" data-end=\"1278\">\n<p data-start=\"1221\" data-end=\"1278\"><strong data-start=\"1221\" data-end=\"1243\">Geteilte Welle:<\/strong> einfach zu transportieren und zu lagern.<\/p>\n<\/li>\n<li data-start=\"1279\" data-end=\"1353\">\n<p data-start=\"1281\" data-end=\"1353\"><strong data-start=\"1281\" data-end=\"1311\">Rundumgriff:<\/strong> perfekt f\u00fcr Arbeiten auf engem Raum.<\/p>\n<\/li>\n<li data-start=\"1354\" data-end=\"1436\">\n<p data-start=\"1356\" data-end=\"1436\"><strong data-start=\"1356\" data-end=\"1383\">Antivibrationssystem:<\/strong> reduziert Erm\u00fcdung auch nach stundenlangem Einsatz.<\/p>\n<\/li>\n<li data-start=\"1437\" data-end=\"1515\">\n<p data-start=\"1439\" data-end=\"1515\"><strong data-start=\"1439\" data-end=\"1474\">Gepolsterter Trageg\u00fcrtel:<\/strong> maximaler Komfort bei l\u00e4ngeren Arbeiten.<\/p>\n<\/li>\n<li data-start=\"1516\" data-end=\"1596\">\n<p data-start=\"1518\" data-end=\"1596\"><strong data-start=\"1518\" data-end=\"1549\">Langlebiger Luftfilter:<\/strong> reduzierter Wartungsaufwand und konstante Leistung.<\/p>\n<\/li>\n<li data-start=\"1597\" data-end=\"1662\">\n<p data-start=\"1599\" data-end=\"1662\"><strong data-start=\"1599\" data-end=\"1628\">Manuelle Kraftstoffpumpe:<\/strong> schneller Start nach langen Pausen.<\/p>\n<\/li>\n<li data-start=\"1663\" data-end=\"1701\">\n<p data-start=\"1665\" data-end=\"1701\"><strong data-start=\"1665\" data-end=\"1699\">Inklusive Schutzbrille.<\/strong><\/p>\n<\/li>\n<\/ul>\n<p data-start=\"1703\" data-end=\"1941\">Der <strong data-start=\"1706\" data-end=\"1756\">STIHL R\u00fccken-Freischneider FR 460 TC-E<\/strong> ist die ideale Wahl f\u00fcr alle, die <strong data-start=\"1790\" data-end=\"1830\">Zuverl\u00e4ssigkeit, Komfort und Leistung<\/strong> in einem einzigen Ger\u00e4t suchen. Perfekt f\u00fcr Gr\u00fcnpflege-Profis, Kommunen und anspruchsvolle Privatanwender. <\/p>\n<p>Technische Daten<\/p>\n<table data-test-id=\"pdp-spec-tech-table\">\n<tbody>\n<tr>\n<td>Hubraum<\/td>\n<td>45,6 cm\u00b3<\/td>\n<\/tr>\n<tr>\n<td>Macht<\/td>\n<td>2,2 kW<\/td>\n<\/tr>\n<tr>\n<td>Macht<\/td>\n<td>3 Lebenslauf<\/td>\n<\/tr>\n<tr>\n<td>CO2-Aussto\u00df<\/td>\n<td>800 g\/kWh<\/td>\n<\/tr>\n<tr>\n<td>St\u00fcckgewicht ohne Kraftstoff<\/td>\n<td>10,9 kg <sup>1<!-- -->)<\/sup><\/td>\n<\/tr>\n<tr>\n<td>Standard-Schneidwerkzeug<\/td>\n<td>M\u00e4hkopf AutoCut 36-2<\/td>\n<\/tr>\n<tr>\n<td>Schnittkreisdurchmesser<\/td>\n<td>420 mm<\/td>\n<\/tr>\n<tr>\n<td>Fassungsverm\u00f6gen des Tanks<\/td>\n<td>0,75 l<\/td>\n<\/tr>\n<tr>\n<td>Tankinhalt<\/td>\n<td>750 cm\u00b3<\/td>\n<\/tr>\n<tr>\n<td>Ger\u00e4tel\u00e4nge ohne Schneidwerkzeug<\/td>\n<td>280 cm<\/td>\n<\/tr>\n<tr>\n<td>Schalldruckpegel<\/td>\n<td>100 dB(A) <sup>2)<\/sup><\/td>\n<\/tr>\n<tr>\n<td>Schalldruckpegel<\/td>\n<td>99 dB(A) <sup>2)<\/sup><\/td>\n<\/tr>\n<tr>\n<td>Schallleistungspegel<\/td>\n<td>109 dB(A) <sup>2)<\/sup><\/td>\n<\/tr>\n<tr>\n<td>Schallleistungspegel<\/td>\n<td>110 dB(A) <sup>2)<\/sup><\/td>\n<\/tr>\n<tr>\n<td>Vibrationswert links mit rechter Hand<\/td>\n<td>3,3 m\/s\u00b2 <sup>3)<\/sup><\/td>\n<\/tr>\n<tr>\n<td>Vibrationswert links mit rechter Hand<\/td>\n<td>2,7 m\/s\u00b2 <sup>3)<\/sup><\/td>\n<\/tr>\n<tr>\n<td>Vibrationswert rechts mit rechter Hand<\/td>\n<td>2,7 m\/s\u00b2 <sup>3)<\/sup><\/td>\n<\/tr>\n<tr>\n<td>Vibrationswert rechts mit rechter Hand<\/td>\n<td>2,5 m\/s\u00b2 <sup>3)<\/sup><\/td>\n<\/tr>\n<\/tbody>\n<\/table>\n","protected":false},"excerpt":{"rendered":"<p data-start=\"178\" data-end=\"379\">R\u00fccken-Freischneider <strong data-start=\"207\" data-end=\"228\">STIHL FR 460 TC-E<\/strong>, leistungsstark und komfortabel mit 2-MIX-Motor, ErgoStart und Antivibrationssystem. Ideal f\u00fcr schwieriges Gel\u00e4nde, Hanglagen und anspruchsvolle R\u00e4umarbeiten. <\/p>\n","protected":false},"featured_media":827657,"template":"","meta":{"_seopress_robots_primary_cat":"none","_seopress_titles_title":"STIHL FR 460 TC-E Backpack Freischneider | Luca Castelli SA Schweiz","_seopress_titles_desc":"Entdecken Sie den STIHL R\u00fccken-Freischneider FR 460 TC-E: 2-MIX-Motor, ErgoStart, Antivibrationssystem und teilbarer Schaft. Ideal f\u00fcr Hanglagen und anspruchsvolle Arbeiten in der Schweiz. ","_seopress_robots_index":""},"product_brand":[3554],"product_cat":[1581,169,1610],"product_tag":[3266],"class_list":{"0":"post-442929","1":"product","2":"type-product","3":"status-publish","4":"has-post-thumbnail","6":"product_brand-stihl-de","7":"product_cat-freischneider-und-trimmer","8":"product_cat-maschinen","9":"product_cat-motorsensen-und-trimmer","10":"product_tag-import-stihl-de","11":"sws-gruppo-macchinari-de","12":"sws-conto-ricavi-merci-rivendita-macchinari-de","13":"sws-gruppo-iva-iva81-de","15":"first","16":"instock","17":"sale","18":"purchasable","19":"product-type-simple"},"_links":{"self":[{"href":"https:\/\/lucacastelli.com\/de\/wp-json\/wp\/v2\/product\/442929","targetHints":{"allow":["GET"]}}],"collection":[{"href":"https:\/\/lucacastelli.com\/de\/wp-json\/wp\/v2\/product"}],"about":[{"href":"https:\/\/lucacastelli.com\/de\/wp-json\/wp\/v2\/types\/product"}],"wp:featuredmedia":[{"embeddable":true,"href":"https:\/\/lucacastelli.com\/de\/wp-json\/wp\/v2\/media\/827657"}],"wp:attachment":[{"href":"https:\/\/lucacastelli.com\/de\/wp-json\/wp\/v2\/media?parent=442929"}],"wp:term":[{"taxonomy":"product_brand","embeddable":true,"href":"https:\/\/lucacastelli.com\/de\/wp-json\/wp\/v2\/product_brand?post=442929"},{"taxonomy":"product_cat","embeddable":true,"href":"https:\/\/lucacastelli.com\/de\/wp-json\/wp\/v2\/product_cat?post=442929"},{"taxonomy":"product_tag","embeddable":true,"href":"https:\/\/lucacastelli.com\/de\/wp-json\/wp\/v2\/product_tag?post=442929"}],"curies":[{"name":"wp","href":"https:\/\/api.w.org\/{rel}","templated":true}]}}