{"id":442920,"date":"2025-05-31T22:31:55","date_gmt":"2025-05-31T20:31:55","guid":{"rendered":"https:\/\/lucacastelli.com\/prodotto\/hla-56-ohne-akku-und-ladegeraet\/"},"modified":"2025-12-30T17:33:16","modified_gmt":"2025-12-30T16:33:16","slug":"hla-56-ohne-akku-und-ladegeraet","status":"publish","type":"product","link":"https:\/\/lucacastelli.com\/de\/produkt\/hla-56-ohne-akku-und-ladegeraet\/","title":{"rendered":"STIHL HLA 56, ohne Wechselstrom und Ladeger\u00e4t"},"content":{"rendered":"<p>Akkubetriebene, leichte, l\u00e4ngliche Heckenschere f\u00fcr den R\u00fcckschnitt von hohen Hecken und Str\u00e4uchern im heimischen Garten. Einseitig scharfe Klinge mit Tropfengeometrie, Klinge mit Schnappverstellung von -45\u00b0 bis +90\u00b0, teilbarer Schaft f\u00fcr einfachen Transport. Transportl\u00e4nge 115 cm, Gesamtl\u00e4nge 210 cm.<br \/>\n886661634460  <\/p>\n<p>Nennspannung 36<br \/>\nLeistungsaufnahme Leistungsaufnahme<\/p>\n<p>Power Power<br \/>\nEmpfohlene Batterie AK 10<br \/>\nAK Batteriesystem<\/p>\n","protected":false},"excerpt":{"rendered":"<p>HLA 56, ohne Akku und Ladeger\u00e4t<\/p>\n","protected":false},"featured_media":422538,"template":"","meta":{"_seopress_robots_primary_cat":"","_seopress_titles_title":"","_seopress_titles_desc":"","_seopress_robots_index":""},"product_brand":[3554],"product_cat":[1629,1695,169],"product_tag":[3266],"class_list":{"0":"post-442920","1":"product","2":"type-product","3":"status-publish","4":"has-post-thumbnail","6":"product_brand-stihl-de","7":"product_cat-akku-heckenscheren-und-astscheren","8":"product_cat-heckenscheren-und-astscheren","9":"product_cat-maschinen","10":"product_tag-import-stihl-de","11":"sws-gruppo-macchinari-de","12":"sws-conto-ricavi-merci-rivendita-macchinari-de","13":"sws-gruppo-iva-iva81-de","15":"first","16":"onbackorder","17":"purchasable","18":"product-type-simple"},"_links":{"self":[{"href":"https:\/\/lucacastelli.com\/de\/wp-json\/wp\/v2\/product\/442920","targetHints":{"allow":["GET"]}}],"collection":[{"href":"https:\/\/lucacastelli.com\/de\/wp-json\/wp\/v2\/product"}],"about":[{"href":"https:\/\/lucacastelli.com\/de\/wp-json\/wp\/v2\/types\/product"}],"wp:featuredmedia":[{"embeddable":true,"href":"https:\/\/lucacastelli.com\/de\/wp-json\/wp\/v2\/media\/422538"}],"wp:attachment":[{"href":"https:\/\/lucacastelli.com\/de\/wp-json\/wp\/v2\/media?parent=442920"}],"wp:term":[{"taxonomy":"product_brand","embeddable":true,"href":"https:\/\/lucacastelli.com\/de\/wp-json\/wp\/v2\/product_brand?post=442920"},{"taxonomy":"product_cat","embeddable":true,"href":"https:\/\/lucacastelli.com\/de\/wp-json\/wp\/v2\/product_cat?post=442920"},{"taxonomy":"product_tag","embeddable":true,"href":"https:\/\/lucacastelli.com\/de\/wp-json\/wp\/v2\/product_tag?post=442920"}],"curies":[{"name":"wp","href":"https:\/\/api.w.org\/{rel}","templated":true}]}}