{"id":421949,"date":"2023-06-15T19:24:55","date_gmt":"2023-06-15T17:24:55","guid":{"rendered":"https:\/\/lucacastelli.com\/prodotto\/buerstenlose-akku-handkreissaege-m18blcs66-0x\/"},"modified":"2025-06-29T08:15:34","modified_gmt":"2025-06-29T06:15:34","slug":"buerstenlose-akku-handkreissaege-m18blcs66-0x","status":"publish","type":"product","link":"https:\/\/lucacastelli.com\/de\/produkt\/buerstenlose-akku-handkreissaege-m18blcs66-0x\/","title":{"rendered":"B\u00fcrstenlose Akku-Handkreiss\u00e4ge M18BLCS66-0X"},"content":{"rendered":"<p>B\u00fcrstenlose Akku-Handkreiss\u00e4ge mit 66 mm Schnitttiefe f\u00fcr den gleichzeitigen Zuschnitt von bis zu 3 OSB-Platten (19 mm)REDLINK-Elektronik<br \/>\n\u2122: \u00dcberlastschutz von Maschine und Akku sorgt f\u00fcr eine lange Lebensdauer.<br \/>\nDer REDLITHIUM-ION-Akku\u2122 bietet ein perfekt kalibriertes Design, eine fortschrittliche Elektronik und eine verlustfreie Stromversorgung f\u00fcr eine l\u00e4ngere Lebensdauer als die Vorg\u00e4ngermodelle.<br \/>\nMetallhaken zur einfachen und sicheren Aufh\u00e4ngung des Werkzeugs<br \/>\nDer mitgelieferte Adapter passt auf alle Milwaukee Staubsauger<br \/>\nAluminium-Grundplatte f\u00fcr maximale Haltbarkeit<br \/>\nLED-Beleuchtung des Arbeitsbereichs<br \/>\n50\u00b0 S\u00e4geblattneigung bei einer Schnitttiefe von 46 mm<br \/>\nSystem 100% kompatibel mit Milwaukee\u00ae M18\u2122 Produktreihe<\/p>\n<p>Technische Daten:<\/p>\n<p>Lithium-Ionen-Akku<br \/>\nLochdurchmesser (mm) 30<br \/>\nLieferung im HD-Karton<br \/>\nGewicht mit Akku (kg) 4.0<br \/>\nLeerlaufdrehzahl (min-1) 5000<br \/>\nMax. Schnitttiefe Schnitttiefe 45\u00b0 (mm) 48<br \/>\nMax. Schnitttiefe Schnitttiefe 90\u00b0 (mm) 66<br \/>\nS\u00e4geblattdurchmesser (mm) 190<br \/>\nSpannung (V) 18 <\/p>\n<p>Lieferumfang:<\/p>\n<p>Extraktionsadapter<br \/>\nHD-Box<br \/>\nohne Batterien, ohne Ladeger\u00e4t<\/p>\n","protected":false},"excerpt":{"rendered":"<p>B\u00fcrstenlose Akku-Handkreiss\u00e4ge mit 66 mm Schnitttiefe f\u00fcr den gleichzeitigen Zuschnitt von bis zu 3 OSB-Platten (19 mm)REDLINK-Elektronik \u2122: \u00dcberlastschutz von<\/p>\n","protected":false},"featured_media":56451,"template":"","meta":{"_seopress_robots_primary_cat":"","_seopress_titles_title":"","_seopress_titles_desc":"","_seopress_robots_index":""},"product_brand":[3656],"product_cat":[169,1454,1542],"product_tag":[],"class_list":{"0":"post-421949","1":"product","2":"type-product","3":"status-publish","4":"has-post-thumbnail","6":"product_brand-milwaukee-de","7":"product_cat-maschinen","8":"product_cat-andere-gerate","9":"product_cat-holzspalter-und-kreissagen","11":"first","12":"instock","13":"shipping-taxable","14":"purchasable","15":"product-type-simple"},"_links":{"self":[{"href":"https:\/\/lucacastelli.com\/de\/wp-json\/wp\/v2\/product\/421949","targetHints":{"allow":["GET"]}}],"collection":[{"href":"https:\/\/lucacastelli.com\/de\/wp-json\/wp\/v2\/product"}],"about":[{"href":"https:\/\/lucacastelli.com\/de\/wp-json\/wp\/v2\/types\/product"}],"wp:featuredmedia":[{"embeddable":true,"href":"https:\/\/lucacastelli.com\/de\/wp-json\/wp\/v2\/media\/56451"}],"wp:attachment":[{"href":"https:\/\/lucacastelli.com\/de\/wp-json\/wp\/v2\/media?parent=421949"}],"wp:term":[{"taxonomy":"product_brand","embeddable":true,"href":"https:\/\/lucacastelli.com\/de\/wp-json\/wp\/v2\/product_brand?post=421949"},{"taxonomy":"product_cat","embeddable":true,"href":"https:\/\/lucacastelli.com\/de\/wp-json\/wp\/v2\/product_cat?post=421949"},{"taxonomy":"product_tag","embeddable":true,"href":"https:\/\/lucacastelli.com\/de\/wp-json\/wp\/v2\/product_tag?post=421949"}],"curies":[{"name":"wp","href":"https:\/\/api.w.org\/{rel}","templated":true}]}}