{"id":421948,"date":"2023-06-15T19:24:26","date_gmt":"2023-06-15T17:24:26","guid":{"rendered":"https:\/\/lucacastelli.com\/prodotto\/one-key-akku-schlagschrauber-1-2-vierkant-sprengring-m18onefhiwf12-0x\/"},"modified":"2025-11-01T14:26:48","modified_gmt":"2025-11-01T13:26:48","slug":"one-key-akku-schlagschrauber-1-2-vierkant-sprengring-m18onefhiwf12-0x","status":"publish","type":"product","link":"https:\/\/lucacastelli.com\/de\/produkt\/one-key-akku-schlagschrauber-1-2-vierkant-sprengring-m18onefhiwf12-0x\/","title":{"rendered":"ONE KEY \u2122 Akku-Schlagschrauber 1\/2&#8243; Vierkant Sprengring M18ONEFHIWF12-0X"},"content":{"rendered":"<p>Individuelle Drehzahl- und Drehmomentregelung<br \/>\nVollst\u00e4ndige Anpassung der Werkzeugeinstellungen \u00fcber die ONE-KEY-App\u2122, um das Werkzeug genau an Ihre Bed\u00fcrfnisse anzupassen<br \/>\nMit DRIVE CONTROL\u2122 k\u00f6nnen Sie schnell zwischen 4 G\u00e4ngen mit unterschiedlichen Drehzahl- und Drehmomenteinstellungen wechseln<br \/>\nLevel 4 &#8211; f\u00fcr einen optimalen Mix aus Kraft und Pr\u00e4zision beim L\u00f6sen von Schrauben<br \/>\n1\/2 \u030b<br \/>\nSprengringbefestigung Kraftvolles Drehmoment von 1.356 Nm in kompakter Bauweise &#8211; nur 213 mm lang<br \/>\n100% kompatibel mit der Milwaukee\u00ae M18<br \/>\nProduktreihe ONE-KEY\u2122 Tool Tracker &amp; Security bietet auch die M\u00f6glichkeit, die letzte bekannte Position des Werkzeugs anzuzeigen,  unter anderem.<br \/>\nTechnische Daten:<br \/>\nAkku: Lithium-Ionen<br \/>\nGewicht mit Akku 3,3 kg<br \/>\nLeerlaufdrehzahl (min-1): 0-550\/0-1400\/0-1750\/0-1750<br \/>\nMax. Drehmoment Drehmoment [Nm] : 130\/400\/1356\/1356<br \/>\nMaximales L\u00f6semoment [Nm] : 130\/400\/1356\/1356 L\u00f6semoment [Nm] : 1898<br \/>\nMaximaler Schraubendurchmesser Schraubendurchmesser : M33<br \/>\nSchlagdrehzahl (min-1) : 0-950\/0-1750\/0-2100\/0-2100<br \/>\nSpannung: 18 V<br \/>\nLieferumfang:<br \/>\n1 x HD-Box<br \/>\n1 x Akku-Schlagschrauber M18 ONEFHIWF12-0X<br \/>\nohne Akkus, ohne Ladeger\u00e4t <\/p>\n","protected":false},"excerpt":{"rendered":"<p>Individuelle Drehzahl- und Drehmomentregelung Vollst\u00e4ndige Anpassung der Werkzeugeinstellungen \u00fcber die ONE-KEY-App\u2122, um das Werkzeug genau an Ihre Bed\u00fcrfnisse anzupassen Mit<\/p>\n","protected":false},"featured_media":56446,"template":"","meta":{"_seopress_robots_primary_cat":"","_seopress_titles_title":"","_seopress_titles_desc":"","_seopress_robots_index":""},"product_brand":[3656],"product_cat":[1454,1553,169,1554],"product_tag":[],"class_list":{"0":"post-421948","1":"product","2":"type-product","3":"status-publish","4":"has-post-thumbnail","6":"product_brand-milwaukee-de","7":"product_cat-andere-gerate","8":"product_cat-bohrer-und-schraubendreher","9":"product_cat-maschinen","10":"product_cat-zubehor-fur-bohrmaschinen-und-schraubendreher","11":"sws-gruppo-macchinari-de","12":"sws-conto-ricavi-merci-rivendita-macchinari-de","13":"sws-gruppo-iva-iva81-de","15":"first","16":"instock","17":"shipping-taxable","18":"purchasable","19":"product-type-simple"},"_links":{"self":[{"href":"https:\/\/lucacastelli.com\/de\/wp-json\/wp\/v2\/product\/421948","targetHints":{"allow":["GET"]}}],"collection":[{"href":"https:\/\/lucacastelli.com\/de\/wp-json\/wp\/v2\/product"}],"about":[{"href":"https:\/\/lucacastelli.com\/de\/wp-json\/wp\/v2\/types\/product"}],"wp:featuredmedia":[{"embeddable":true,"href":"https:\/\/lucacastelli.com\/de\/wp-json\/wp\/v2\/media\/56446"}],"wp:attachment":[{"href":"https:\/\/lucacastelli.com\/de\/wp-json\/wp\/v2\/media?parent=421948"}],"wp:term":[{"taxonomy":"product_brand","embeddable":true,"href":"https:\/\/lucacastelli.com\/de\/wp-json\/wp\/v2\/product_brand?post=421948"},{"taxonomy":"product_cat","embeddable":true,"href":"https:\/\/lucacastelli.com\/de\/wp-json\/wp\/v2\/product_cat?post=421948"},{"taxonomy":"product_tag","embeddable":true,"href":"https:\/\/lucacastelli.com\/de\/wp-json\/wp\/v2\/product_tag?post=421948"}],"curies":[{"name":"wp","href":"https:\/\/api.w.org\/{rel}","templated":true}]}}