{"id":421946,"date":"2023-06-17T10:50:26","date_gmt":"2023-06-17T08:50:26","guid":{"rendered":"https:\/\/lucacastelli.com\/prodotto\/75-x-4-mm-t144d-stichsaegeblatt-holz-schnelle-schnitte\/"},"modified":"2025-06-29T08:16:20","modified_gmt":"2025-06-29T06:16:20","slug":"75-x-4-mm-t144d-stichsaegeblatt-holz-schnelle-schnitte","status":"publish","type":"product","link":"https:\/\/lucacastelli.com\/de\/produkt\/75-x-4-mm-t144d-stichsaegeblatt-holz-schnelle-schnitte\/","title":{"rendered":"75 x 4 mm T144D Stichs\u00e4geblatt Holz schnelle Schnitte"},"content":{"rendered":"<p>Milwaukee B\u00fcgels\u00e4gebl\u00e4tter sind f\u00fcr die meisten Marken<br \/>\ngeeignet Aggressive Schnittzahngeometrie ist ideal f\u00fcr schnelles<br \/>\nSchneiden Klingenl\u00e4nge 75 mm<br \/>\nMaterial HCS<br \/>\nMenge pro Packung 5 St\u00fcck<\/p>\n","protected":false},"excerpt":{"rendered":"<p>Milwaukee B\u00fcgels\u00e4gebl\u00e4tter sind f\u00fcr die meisten Marken geeignet Aggressive Schnittzahngeometrie ist ideal f\u00fcr schnelles Schneiden Klingenl\u00e4nge 75 mm Material HCS<\/p>\n","protected":false},"featured_media":485827,"template":"","meta":{"_seopress_robots_primary_cat":"","_seopress_titles_title":"","_seopress_titles_desc":"","_seopress_robots_index":""},"product_brand":[3656],"product_cat":[1454,1553,169,1554],"product_tag":[6837],"class_list":{"0":"post-421946","1":"product","2":"type-product","3":"status-publish","4":"has-post-thumbnail","6":"product_brand-milwaukee-de","7":"product_cat-andere-gerate","8":"product_cat-bohrer-und-schraubendreher","9":"product_cat-maschinen","10":"product_cat-zubehor-fur-bohrmaschinen-und-schraubendreher","11":"product_tag-imp-26-mw_update","13":"first","14":"instock","15":"shipping-taxable","16":"purchasable","17":"product-type-simple"},"_links":{"self":[{"href":"https:\/\/lucacastelli.com\/de\/wp-json\/wp\/v2\/product\/421946","targetHints":{"allow":["GET"]}}],"collection":[{"href":"https:\/\/lucacastelli.com\/de\/wp-json\/wp\/v2\/product"}],"about":[{"href":"https:\/\/lucacastelli.com\/de\/wp-json\/wp\/v2\/types\/product"}],"wp:featuredmedia":[{"embeddable":true,"href":"https:\/\/lucacastelli.com\/de\/wp-json\/wp\/v2\/media\/485827"}],"wp:attachment":[{"href":"https:\/\/lucacastelli.com\/de\/wp-json\/wp\/v2\/media?parent=421946"}],"wp:term":[{"taxonomy":"product_brand","embeddable":true,"href":"https:\/\/lucacastelli.com\/de\/wp-json\/wp\/v2\/product_brand?post=421946"},{"taxonomy":"product_cat","embeddable":true,"href":"https:\/\/lucacastelli.com\/de\/wp-json\/wp\/v2\/product_cat?post=421946"},{"taxonomy":"product_tag","embeddable":true,"href":"https:\/\/lucacastelli.com\/de\/wp-json\/wp\/v2\/product_tag?post=421946"}],"curies":[{"name":"wp","href":"https:\/\/api.w.org\/{rel}","templated":true}]}}