{"id":421944,"date":"2023-06-17T10:51:17","date_gmt":"2023-06-17T08:51:17","guid":{"rendered":"https:\/\/lucacastelli.com\/prodotto\/75x-3-mm-t127d-stichsaegeblatt-metall-fuer-schnitte-in-aluminium\/"},"modified":"2025-06-29T08:16:25","modified_gmt":"2025-06-29T06:16:25","slug":"75x-3-mm-t127d-stichsaegeblatt-metall-fuer-schnitte-in-aluminium","status":"publish","type":"product","link":"https:\/\/lucacastelli.com\/de\/produkt\/75x-3-mm-t127d-stichsaegeblatt-metall-fuer-schnitte-in-aluminium\/","title":{"rendered":"75x 3 mm T127D Stichs\u00e4geblatt Metall f\u00fcr Schnitte in Aluminium"},"content":{"rendered":"<p>Die B\u00fcgels\u00e4gebl\u00e4tter von Milwaukee sind f\u00fcr die meisten Marken<br \/>\ngeeignet Aggressive Schneidkanten-Zahngeometrie ist ideal f\u00fcr schnelles<br \/>\nSchneiden Die meisten herk\u00f6mmlichen S\u00e4gebl\u00e4tter sind in der Lage, Aluminium zu durchtrennen, aber diese Klingen profitieren von einer breiteren Zahnteilung und breiteren Halsausschnitten, die einen besseren Materialabtrag und einen au\u00dfergew\u00f6hnlichen Vorteil beim Schneiden von Aluminium bieten.<br \/>\nKlingenl\u00e4nge 75mm<br \/>\nMaterial HCS<br \/>\nMenge pro Packung 5 St\u00fcck<\/p>\n","protected":false},"excerpt":{"rendered":"<p>Die B\u00fcgels\u00e4gebl\u00e4tter von Milwaukee sind f\u00fcr die meisten Marken geeignet Aggressive Schneidkanten-Zahngeometrie ist ideal f\u00fcr schnelles Schneiden Die meisten herk\u00f6mmlichen<\/p>\n","protected":false},"featured_media":91933,"template":"","meta":{"_seopress_robots_primary_cat":"","_seopress_titles_title":"","_seopress_titles_desc":"","_seopress_robots_index":""},"product_brand":[3407],"product_cat":[1103],"product_tag":[],"class_list":{"0":"post-421944","1":"product","2":"type-product","3":"status-publish","4":"has-post-thumbnail","6":"product_brand-milwaukee","7":"product_cat-shops","9":"first","10":"instock","11":"shipping-taxable","12":"purchasable","13":"product-type-simple"},"_links":{"self":[{"href":"https:\/\/lucacastelli.com\/de\/wp-json\/wp\/v2\/product\/421944","targetHints":{"allow":["GET"]}}],"collection":[{"href":"https:\/\/lucacastelli.com\/de\/wp-json\/wp\/v2\/product"}],"about":[{"href":"https:\/\/lucacastelli.com\/de\/wp-json\/wp\/v2\/types\/product"}],"wp:featuredmedia":[{"embeddable":true,"href":"https:\/\/lucacastelli.com\/de\/wp-json\/wp\/v2\/media\/91933"}],"wp:attachment":[{"href":"https:\/\/lucacastelli.com\/de\/wp-json\/wp\/v2\/media?parent=421944"}],"wp:term":[{"taxonomy":"product_brand","embeddable":true,"href":"https:\/\/lucacastelli.com\/de\/wp-json\/wp\/v2\/product_brand?post=421944"},{"taxonomy":"product_cat","embeddable":true,"href":"https:\/\/lucacastelli.com\/de\/wp-json\/wp\/v2\/product_cat?post=421944"},{"taxonomy":"product_tag","embeddable":true,"href":"https:\/\/lucacastelli.com\/de\/wp-json\/wp\/v2\/product_tag?post=421944"}],"curies":[{"name":"wp","href":"https:\/\/api.w.org\/{rel}","templated":true}]}}