{"id":421941,"date":"2023-06-16T09:59:43","date_gmt":"2023-06-16T07:59:43","guid":{"rendered":"https:\/\/lucacastelli.com\/prodotto\/18v-anlasserset-m18hnrg-802\/"},"modified":"2025-06-29T08:16:01","modified_gmt":"2025-06-29T06:16:01","slug":"18v-anlasserset-m18hnrg-802","status":"publish","type":"product","link":"https:\/\/lucacastelli.com\/de\/produkt\/18v-anlasserset-m18hnrg-802\/","title":{"rendered":"18V Anlasserset M18HNRG-802"},"content":{"rendered":"<p>Technische Daten:<\/p>\n<p>Lithium-Ionen-Akku<br \/>\nBatteriekapazit\u00e4t (Ah) 8,0<br \/>\nAnzahl mitgelieferte Akkus 2<br \/>\nLieferumfang &#8211;<br \/>\n Ladeger\u00e4t (Ladezeit) &#8211;<br \/>\n Ladeger\u00e4t (Spezial) M12-18 FC<br \/>\nSpannung (V) 18<br \/>\nM18<br \/>\nSystem Lieferumfang:<\/p>\n<p>1 x Milwaukee M12-18 FC<br \/>\nSchnellladeger\u00e4t 2 x Milwaukee M18 HB8 18V \/ 8,0Ah Akkus<\/p>\n","protected":false},"excerpt":{"rendered":"<p>Technische Daten: Lithium-Ionen-Akku Batteriekapazit\u00e4t (Ah) 8,0 Anzahl mitgelieferte Akkus 2 Lieferumfang &#8211; Ladeger\u00e4t (Ladezeit) &#8211; Ladeger\u00e4t (Spezial) M12-18 FC Spannung<\/p>\n","protected":false},"featured_media":56524,"template":"","meta":{"_seopress_robots_primary_cat":"","_seopress_titles_title":"","_seopress_titles_desc":"","_seopress_robots_index":""},"product_brand":[3656],"product_cat":[1454,1553,169,1554],"product_tag":[],"class_list":{"0":"post-421941","1":"product","2":"type-product","3":"status-publish","4":"has-post-thumbnail","6":"product_brand-milwaukee-de","7":"product_cat-andere-gerate","8":"product_cat-bohrer-und-schraubendreher","9":"product_cat-maschinen","10":"product_cat-zubehor-fur-bohrmaschinen-und-schraubendreher","12":"first","13":"instock","14":"shipping-taxable","15":"purchasable","16":"product-type-simple"},"_links":{"self":[{"href":"https:\/\/lucacastelli.com\/de\/wp-json\/wp\/v2\/product\/421941","targetHints":{"allow":["GET"]}}],"collection":[{"href":"https:\/\/lucacastelli.com\/de\/wp-json\/wp\/v2\/product"}],"about":[{"href":"https:\/\/lucacastelli.com\/de\/wp-json\/wp\/v2\/types\/product"}],"wp:featuredmedia":[{"embeddable":true,"href":"https:\/\/lucacastelli.com\/de\/wp-json\/wp\/v2\/media\/56524"}],"wp:attachment":[{"href":"https:\/\/lucacastelli.com\/de\/wp-json\/wp\/v2\/media?parent=421941"}],"wp:term":[{"taxonomy":"product_brand","embeddable":true,"href":"https:\/\/lucacastelli.com\/de\/wp-json\/wp\/v2\/product_brand?post=421941"},{"taxonomy":"product_cat","embeddable":true,"href":"https:\/\/lucacastelli.com\/de\/wp-json\/wp\/v2\/product_cat?post=421941"},{"taxonomy":"product_tag","embeddable":true,"href":"https:\/\/lucacastelli.com\/de\/wp-json\/wp\/v2\/product_tag?post=421941"}],"curies":[{"name":"wp","href":"https:\/\/api.w.org\/{rel}","templated":true}]}}