{"id":421931,"date":"2025-05-26T11:32:47","date_gmt":"2025-05-26T09:32:47","guid":{"rendered":"https:\/\/lucacastelli.com\/prodotto\/ochsenkopf-handhacke\/"},"modified":"2025-05-26T11:32:47","modified_gmt":"2025-05-26T09:32:47","slug":"ochsenkopf-handhacke","status":"publish","type":"product","link":"https:\/\/lucacastelli.com\/de\/produkt\/ochsenkopf-handhacke\/","title":{"rendered":"Ochsenkopf Handhacke"},"content":{"rendered":"<p>Zum Bewegen und Heben von kleinen St\u00e4mmen, Brennholz und Holzst\u00fccken. Es erm\u00f6glicht Ihnen, ergonomisch und ohne Belastung Ihres R\u00fcckens zu arbeiten. <\/p>\n<p>L\u00e4nge: 38 cm<br \/>\nGewicht: 500 g<\/p>\n","protected":false},"excerpt":{"rendered":"<p>Zum Bewegen und Heben von kleinen St\u00e4mmen, Brennholz und Holzst\u00fccken. Es erm\u00f6glicht Ihnen, ergonomisch und ohne Belastung Ihres R\u00fcckens zu<\/p>\n","protected":false},"featured_media":421929,"template":"","meta":{"_seopress_robots_primary_cat":"","_seopress_titles_title":"","_seopress_titles_desc":"","_seopress_robots_index":""},"product_brand":[4727],"product_cat":[1396,150,1494],"product_tag":[],"class_list":{"0":"post-421931","1":"product","2":"type-product","3":"status-publish","4":"has-post-thumbnail","6":"product_brand-ochsenkopf-de","7":"product_cat-arbeitsausrustung","8":"product_cat-ausrustung","9":"product_cat-sonstige-arbeitsausrustung","10":"sws-gruppo-attrezz","11":"sws-conto-ricavi-merci-rivendita-macchinari","12":"sws-gruppo-iva-iva81","14":"first","15":"instock","16":"shipping-taxable","17":"purchasable","18":"product-type-simple"},"_links":{"self":[{"href":"https:\/\/lucacastelli.com\/de\/wp-json\/wp\/v2\/product\/421931","targetHints":{"allow":["GET"]}}],"collection":[{"href":"https:\/\/lucacastelli.com\/de\/wp-json\/wp\/v2\/product"}],"about":[{"href":"https:\/\/lucacastelli.com\/de\/wp-json\/wp\/v2\/types\/product"}],"wp:featuredmedia":[{"embeddable":true,"href":"https:\/\/lucacastelli.com\/de\/wp-json\/wp\/v2\/media\/421929"}],"wp:attachment":[{"href":"https:\/\/lucacastelli.com\/de\/wp-json\/wp\/v2\/media?parent=421931"}],"wp:term":[{"taxonomy":"product_brand","embeddable":true,"href":"https:\/\/lucacastelli.com\/de\/wp-json\/wp\/v2\/product_brand?post=421931"},{"taxonomy":"product_cat","embeddable":true,"href":"https:\/\/lucacastelli.com\/de\/wp-json\/wp\/v2\/product_cat?post=421931"},{"taxonomy":"product_tag","embeddable":true,"href":"https:\/\/lucacastelli.com\/de\/wp-json\/wp\/v2\/product_tag?post=421931"}],"curies":[{"name":"wp","href":"https:\/\/api.w.org\/{rel}","templated":true}]}}