{"id":421856,"date":"2025-05-23T18:04:26","date_gmt":"2025-05-23T16:04:26","guid":{"rendered":"https:\/\/lucacastelli.com\/prodotto\/ortovox-rock-n-wool-lange-hose-w\/"},"modified":"2026-02-22T21:26:40","modified_gmt":"2026-02-22T20:26:40","slug":"ortovox-rock-n-wool-lange-hose-w","status":"publish","type":"product","link":"https:\/\/lucacastelli.com\/de\/produkt\/ortovox-rock-n-wool-lange-hose-w\/","title":{"rendered":"ORTOVOX ROCK&#8217;N&#8217;WOOL LANGE HOSE W"},"content":{"rendered":"<h2 id=\"toc-entry-target-1\" class=\"js-toc__title pds__detail-headline\" tabindex=\"-1\">Der Winter nimmt Farbe an<\/h2>\n<h3>Vielseitige und bequeme Hose aus reiner Merinowolle f\u00fcr Ihre Winterausfl\u00fcge<\/h3>\n<p>&nbsp;<\/p>\n<ul class=\"additional-info__list\">\n<li>Besondere Weichheit durch den Durchmesser der Wollfaser von 19 Mikron<\/li>\n<li>Feuchtigkeits- und temperaturregulierende Wirkung<\/li>\n<li>Geruchsneutralisierende Wirkung<\/li>\n<\/ul>\n<p>&nbsp;<\/p>\n<p>Die feinste Merinowolle unserer 185 ROCK&#8217;N&#8217;WOOL LONG PANTS f\u00fcr Damen ist besonders weich und h\u00e4lt dich bei jedem Freeride-Abenteuer warm, auch bei eisigen und m\u00fcden Bedingungen.<\/p>\n<p>Freeriden beginnt bereits in der ersten Schicht, denn die Funktionalit\u00e4t ist entscheidend. Die lange Hose besteht aus 100% Merinowolle mit einer Breite von 19 Mikrometern, die angenehm auf der Haut liegt und dank ihrer F\u00e4higkeit, Temperatur und Luftfeuchtigkeit zu regulieren, f\u00fcr eine optimale K\u00f6rpertemperatur sorgen. <\/p>\n<p>Und jetzt gibt es unseren Klassiker im brandneuen Design: Die zweiteilige Optik, die frischen Farben des gezwirnten Garns und das trendige Armband spiegeln die ganze Lebendigkeit Ihrer Winterabenteuer wider. Die 185 ROCK&#8217;N&#8217;WOOL LONG PANTS f\u00fcr Damen darf beim Freeride nie fehlen! <\/p>\n<p>&nbsp;<\/p>\n<div id=\"pds__accordion-material-properties-heading\" class=\"mb-4 mb-md-35\">\n<h3 class=\"pds__accordion-headline p-relative cursor-pointer p-0 m-0\"><span class=\"d-block p-0 accordion js-accordion-custom-toggle js-accordion-custom-toggle--hide-on-collapse\" tabindex=\"0\" role=\"button\" data-collapse=\"false\" data-target=\"#pds__accordion-material-properties-wrapper\" data-multitarget-disabled-mobile=\"\" aria-expanded=\"true\" aria-controls=\"pds__accordion-material-properties-wrapper\"><span class=\"d-flex justify-content-between align-items-center\"><span class=\"word-break-word\">Materialeigenschaften<\/span><i class=\"accordion__icon pds__accordion-icon icon\"><\/i><\/span><\/span><\/h3>\n<\/div>\n<div class=\"pds__accordion-wrapper\">\n<div id=\"pds__accordion-material-properties-wrapper\" class=\"pds__accordion-material-properties-multi-target collapse show\" data-partial-multi-target=\"true\" data-parent=\"#pds__accordion-material-properties\">\n<div class=\"pb-4\">\n<div class=\"overflow-hidden\">\n<div class=\"wysiwyg\">\n<ul>\n<li>Feine Merinowolle: 185 g\/m\u00b2<\/li>\n<li>19 Mikron Faserdurchmesser<\/li>\n<li>Komfort, der die Haut nicht reizt<\/li>\n<li>Nachwachsender Rohstoff: Unsere Schafe werden einmal im Jahr geschoren<\/li>\n<\/ul>\n<\/div>\n<p>Unsere nachhaltige MERINOWOLLE stammt aus kontrollierten Farmen, in denen Tiere ein gl\u00fcckliches Dasein f\u00fchren. Es handelt sich um eine angenehm weiche und pflegeleichte Wolle, die dank der optimalen Regulierung von Temperatur und Luftfeuchtigkeit einen hohen Tragekomfort bietet. <\/p>\n<\/div>\n<\/div>\n<\/div>\n<\/div>\n","protected":false},"excerpt":{"rendered":"<p>Der Winter nimmt Farbe an Vielseitige und bequeme Hose aus reiner Merinowolle f\u00fcr Ihre Winterausfl\u00fcge &nbsp; Besondere Weichheit durch den<\/p>\n","protected":false},"featured_media":421805,"template":"","meta":{"_seopress_robots_primary_cat":"","_seopress_titles_title":"","_seopress_titles_desc":"","_seopress_robots_index":""},"product_brand":[3280],"product_cat":[21,189,190],"product_tag":[],"class_list":{"0":"post-421856","1":"product","2":"type-product","3":"status-publish","4":"has-post-thumbnail","6":"product_brand-ortovox","7":"product_cat-abbigliamento","8":"product_cat-abbigliamento-per-il-tempo-libero","9":"product_cat-abbigliamento-da-uomo","10":"sws-gruppo-abb-libero-de","11":"sws-conto-ricavi-merci-rivendita-abbigliamento-de","12":"sws-gruppo-iva-iva81-de","14":"first","15":"instock","16":"sale","17":"shipping-taxable","18":"purchasable","19":"product-type-variable"},"_links":{"self":[{"href":"https:\/\/lucacastelli.com\/de\/wp-json\/wp\/v2\/product\/421856","targetHints":{"allow":["GET"]}}],"collection":[{"href":"https:\/\/lucacastelli.com\/de\/wp-json\/wp\/v2\/product"}],"about":[{"href":"https:\/\/lucacastelli.com\/de\/wp-json\/wp\/v2\/types\/product"}],"wp:featuredmedia":[{"embeddable":true,"href":"https:\/\/lucacastelli.com\/de\/wp-json\/wp\/v2\/media\/421805"}],"wp:attachment":[{"href":"https:\/\/lucacastelli.com\/de\/wp-json\/wp\/v2\/media?parent=421856"}],"wp:term":[{"taxonomy":"product_brand","embeddable":true,"href":"https:\/\/lucacastelli.com\/de\/wp-json\/wp\/v2\/product_brand?post=421856"},{"taxonomy":"product_cat","embeddable":true,"href":"https:\/\/lucacastelli.com\/de\/wp-json\/wp\/v2\/product_cat?post=421856"},{"taxonomy":"product_tag","embeddable":true,"href":"https:\/\/lucacastelli.com\/de\/wp-json\/wp\/v2\/product_tag?post=421856"}],"curies":[{"name":"wp","href":"https:\/\/api.w.org\/{rel}","templated":true}]}}