{"id":421841,"date":"2025-05-23T18:25:12","date_gmt":"2025-05-23T16:25:12","guid":{"rendered":"https:\/\/lucacastelli.com\/prodotto\/la-sportiva-trango-alp-evo-gtx\/"},"modified":"2026-04-14T03:10:57","modified_gmt":"2026-04-14T01:10:57","slug":"la-sportiva-trango-alp-evo-gtx","status":"publish","type":"product","link":"https:\/\/lucacastelli.com\/de\/produkt\/la-sportiva-trango-alp-evo-gtx\/","title":{"rendered":"LA SPORTIVA Trango Alp Evo GTX"},"content":{"rendered":"<p>Trango Alp Evo Gore-Tex ist der robuste und komfortable Bergschuh f\u00fcr alpines Wandern und anspruchsvolles Trekking auch mit schweren Lasten.<\/p>\n<p>Klare \u00e4sthetische Details, reduzierte Volumen f\u00fcr maximale Beweglichkeit und globalen Komfort des Schuhs sind die herausragenden St\u00e4rken eines Crossover-Produkts zwischen Mountaineering und Backpacking. Der minimalistische Look wird durch die interne Injektionstechnologie SubSkin Injection\u2122 erreicht, die eine strukturelle subkutane Verst\u00e4rkung bildet und unn\u00f6tige N\u00e4hte vermeidet \u2013 eine L\u00f6sung f\u00fcr h\u00f6chsten Komfort und umfassende Wasserabweisung. Das Futter aus Gore-Tex Performance Comfort garantiert zudem Wasserdichtigkeit und Atmungsaktivit\u00e4t. Die Sohle mit unterschiedlich dicken Stollen arbeitet in Synergie mit der Zwischensohle aus Polyurethan und weichem EVA f\u00fcr eine optimale Gesamtd\u00e4mpfung. Trango Alp Evo GTX ist eine ausgezeichnete Wahl f\u00fcr alle, die ein langlebiges, bedingt steigeisentaugliches Produkt suchen.<\/p>\n<p>Obermaterial:<br \/>\nWasserabweisendes Idro-Perwanger\u00ae-Leder 2,2 mm + SubSkin Injection\u2122<\/p>\n<p>Futter:<br \/>\nGore-Tex\u00ae Performance Comfort.<\/p>\n<p>Einlegesohle:<br \/>\nNylon 7 mm mit verst\u00e4rkter Dicke im hinteren Torsionsbereich.<\/p>\n<p>Sohle:<br \/>\nLa Sportiva &#8220;Cube&#8221; by Vibram mit Impact Brake System-Stollen an der Ferse und Climbing-Zone im Zehenbereich<\/p>\n<p>Gr\u00f6\u00dfen: 36 &#8211; 48 (inkl. halbe Gr\u00f6\u00dfen)<\/p>\n<p>Gewicht: 1.450 g (pro Paar, Gr\u00f6\u00dfe 42)<\/p>\n","protected":false},"excerpt":{"rendered":"<p>Trango Alp Evo Gore-Tex ist der robuste und komfortable Bergschuh f\u00fcr alpines Wandern und anspruchsvolles Trekking auch mit schweren Lasten.<\/p>\n","protected":false},"featured_media":421815,"template":"","meta":{"_seopress_robots_primary_cat":"none","_seopress_titles_title":"","_seopress_titles_desc":"","_seopress_robots_index":""},"product_brand":[3649],"product_cat":[1419,1431,175],"product_tag":[],"class_list":{"0":"post-421841","1":"product","2":"type-product","3":"status-publish","4":"has-post-thumbnail","6":"product_brand-la-sportiva-de","7":"product_cat-freizeitschuhe","8":"product_cat-herrenschuhe","9":"product_cat-schuhe","10":"sws-gruppo-abb-libero-de","11":"sws-conto-ricavi-merci-rivendita-calzature-de","12":"sws-gruppo-iva-iva81-de","14":"first","15":"instock","16":"sale","17":"shipping-taxable","18":"purchasable","19":"product-type-variable"},"_links":{"self":[{"href":"https:\/\/lucacastelli.com\/de\/wp-json\/wp\/v2\/product\/421841","targetHints":{"allow":["GET"]}}],"collection":[{"href":"https:\/\/lucacastelli.com\/de\/wp-json\/wp\/v2\/product"}],"about":[{"href":"https:\/\/lucacastelli.com\/de\/wp-json\/wp\/v2\/types\/product"}],"wp:featuredmedia":[{"embeddable":true,"href":"https:\/\/lucacastelli.com\/de\/wp-json\/wp\/v2\/media\/421815"}],"wp:attachment":[{"href":"https:\/\/lucacastelli.com\/de\/wp-json\/wp\/v2\/media?parent=421841"}],"wp:term":[{"taxonomy":"product_brand","embeddable":true,"href":"https:\/\/lucacastelli.com\/de\/wp-json\/wp\/v2\/product_brand?post=421841"},{"taxonomy":"product_cat","embeddable":true,"href":"https:\/\/lucacastelli.com\/de\/wp-json\/wp\/v2\/product_cat?post=421841"},{"taxonomy":"product_tag","embeddable":true,"href":"https:\/\/lucacastelli.com\/de\/wp-json\/wp\/v2\/product_tag?post=421841"}],"curies":[{"name":"wp","href":"https:\/\/api.w.org\/{rel}","templated":true}]}}