{"id":421743,"date":"2025-05-23T16:22:24","date_gmt":"2025-05-23T14:22:24","guid":{"rendered":"https:\/\/lucacastelli.com\/prodotto\/ortovox-fleece-gp-classic-strick-hoody-w-3\/"},"modified":"2026-02-22T19:29:12","modified_gmt":"2026-02-22T18:29:12","slug":"ortovox-fleece-gp-classic-strick-hoody-w-3","status":"publish","type":"product","link":"https:\/\/lucacastelli.com\/de\/produkt\/ortovox-fleece-gp-classic-strick-hoody-w-3\/","title":{"rendered":"ORTOVOX FLEECE GP CLASSIC STRICK HOODY W"},"content":{"rendered":"<h2 id=\"toc-entry-target-1\" class=\"js-toc__title pds__detail-headline\" tabindex=\"-1\">EIN KLASSIKER IM MODERNEN LOOK<\/h2>\n<h3>Sehr warmes Fleece-Sweatshirt mit gestrickten Wolleins\u00e4tzen f\u00fcr kalte Freeride-Tage<\/h3>\n<p>\u2022 Wollstrickeins\u00e4tze vorne: traditionell und fein gestrickt<br \/>\n\u2022 Sehr warm, aber atmungsaktiv<br \/>\n\u2022 Hoher Tragekomfort durch Merinowolle auf der Haut<\/p>\n<p>&nbsp;<\/p>\n<p>Warm, atmungsaktiv und robust: Wenn du an steilen Nordw\u00e4nden, schmalen H\u00e4ngen und offenen W\u00e4ldern Freeriden treibst, wirst du vor allem an k\u00e4lteren Tagen nicht mehr auf den FLEECE GP CLASSIC KNIT HOODY f\u00fcr Damen verzichten k\u00f6nnen.<\/p>\n<p>Die besonders warmen und atmungsaktiven Wollstrickeins\u00e4tze sch\u00fctzen Freerider bei knieharten Abfahrten zuverl\u00e4ssig vor Wind und K\u00e4lte. Sie verleihen diesem strapazierf\u00e4higen Hoodie auch einen einzigartigen Look, der klassisch und dennoch modern ist. <\/p>\n<p>An den B\u00fcgeln kam das hochfunktionelle MERINO FLEECE GRID PLUS zum Einsatz. Seine Gitterstruktur garantiert eine hervorragende Bel\u00fcftung in den anstrengendsten Passagen und h\u00e4lt Sie trotz seines geringen Gewichts auch bei eisigen Temperaturen warm. Das Innenfutter aus Merinowolle ist angenehm und weich auf der Haut und reguliert Temperatur und Luftfeuchtigkeit.  <\/p>\n<p>In den beiden Seitentaschen k\u00f6nnen Sie kleine wichtige Gegenst\u00e4nde verstauen, w\u00e4hrend Sie in der kontrastierenden Brusttasche Ihr Telefon, Ihre Schl\u00fcssel und Ihr Geld sicher verstauen k\u00f6nnen. Die eng anliegende Kapuze und die elastischen B\u00fcndchen halten dich innen warm und au\u00dfen kalt. Selbstverst\u00e4ndlich wird der FLEECE GP CLASSIC KNIT HOODY f\u00fcr Damen klimaneutral in Europa hergestellt. Der Klassiker des l\u00e4ssigen Freeride-Styles mit modernem Twist: dein neues Lieblings-Winterkleidungsst\u00fcck!   <\/p>\n<p>&nbsp;<\/p>\n<div id=\"pds__accordion-features-heading\" class=\"mb-4 mb-md-35\">\n<h3 class=\"pds__accordion-headline p-relative cursor-pointer p-0 m-0\"><span class=\"d-block p-0 accordion js-accordion-custom-toggle js-accordion-custom-toggle--hide-on-collapse\" tabindex=\"0\" role=\"button\" data-collapse=\"false\" data-target=\"#pds__accordion-features-wrapper\" data-multitarget-disabled-mobile=\"\" aria-expanded=\"true\" aria-controls=\"pds__accordion-features-wrapper\"><span class=\"d-flex justify-content-between align-items-center\"><span class=\"word-break-word\">Funktionen<\/span><i class=\"accordion__icon pds__accordion-icon icon\"><\/i><\/span><\/span><\/h3>\n<\/div>\n<div class=\"pds__accordion-wrapper\">\n<div id=\"pds__accordion-features-wrapper\" class=\"pds__accordion-features-multi-target collapse show\" data-partial-multi-target=\"true\" data-parent=\"#pds__accordion-features\">\n<div class=\"pb-4\">\n<div class=\"overflow-hidden\">\n<div class=\"wysiwyg\">\n<ul>\n<li>Haube<\/li>\n<li>1 Brusttasche<\/li>\n<li>2 Seitentaschen<\/li>\n<li>Elastischer \u00c4rmelrand<\/li>\n<li>Spielpassung<\/li>\n<\/ul>\n<\/div>\n<div id=\"pds__accordion-material-properties-heading\" class=\"mb-4 mb-md-35\">\n<h3 class=\"pds__accordion-headline p-relative cursor-pointer p-0 m-0\"><span class=\"d-block p-0 accordion js-accordion-custom-toggle js-accordion-custom-toggle--hide-on-collapse\" tabindex=\"0\" role=\"button\" data-collapse=\"false\" data-target=\"#pds__accordion-material-properties-wrapper\" data-multitarget-disabled-mobile=\"\" aria-expanded=\"true\" aria-controls=\"pds__accordion-material-properties-wrapper\"><span class=\"d-flex justify-content-between align-items-center\"><span class=\"word-break-word\">Materialeigenschaften<\/span><i class=\"accordion__icon pds__accordion-icon icon\"><\/i><\/span><\/span><\/h3>\n<\/div>\n<div class=\"pds__accordion-wrapper\">\n<div id=\"pds__accordion-material-properties-wrapper\" class=\"pds__accordion-material-properties-multi-target collapse show\" data-partial-multi-target=\"true\" data-parent=\"#pds__accordion-material-properties\">\n<div class=\"pb-4\">\n<div class=\"overflow-hidden\">\n<div class=\"wysiwyg\">\n<ul>\n<li>MERINO FLEECE GRID PLUS: Merinowolle auf der Haut, hohe Atmungsaktivit\u00e4t, hohe Elastizit\u00e4t, Strapazierf\u00e4higkeit, Tragekomfort, ideales Gewichts-Isolations-Verh\u00e4ltnis<\/li>\n<\/ul>\n<p>&nbsp;<\/p>\n<\/div>\n<p>HAUPTMATERIAL: 58% Polyester + 37% Schurwolle (Merino) + 5% Elasthan EINS\u00c4TZE I: 100% Schurwolle INNENFUTTER: 72% Polyester + 28% Schurwolle (MERINO) EINS\u00c4TZE II: 100% Polyamid<\/p>\n<\/div>\n<\/div>\n<\/div>\n<\/div>\n<\/div>\n<\/div>\n<\/div>\n<\/div>\n","protected":false},"excerpt":{"rendered":"<p>EIN KLASSIKER IM MODERNEN LOOK Sehr warmes Fleece-Sweatshirt mit gestrickten Wolleins\u00e4tzen f\u00fcr kalte Freeride-Tage \u2022 Wollstrickeins\u00e4tze vorne: traditionell und fein<\/p>\n","protected":false},"featured_media":421633,"template":"","meta":{"_seopress_robots_primary_cat":"","_seopress_titles_title":"","_seopress_titles_desc":"","_seopress_robots_index":""},"product_brand":[3280],"product_cat":[21,189,200],"product_tag":[],"class_list":{"0":"post-421743","1":"product","2":"type-product","3":"status-publish","4":"has-post-thumbnail","6":"product_brand-ortovox","7":"product_cat-abbigliamento","8":"product_cat-abbigliamento-per-il-tempo-libero","9":"product_cat-abbigliamento-da-donna","10":"sws-gruppo-abb-libero-de","11":"sws-conto-ricavi-merci-rivendita-abbigliamento-de","12":"sws-gruppo-iva-iva81-de","14":"first","15":"instock","16":"sale","17":"shipping-taxable","18":"purchasable","19":"product-type-variable"},"_links":{"self":[{"href":"https:\/\/lucacastelli.com\/de\/wp-json\/wp\/v2\/product\/421743","targetHints":{"allow":["GET"]}}],"collection":[{"href":"https:\/\/lucacastelli.com\/de\/wp-json\/wp\/v2\/product"}],"about":[{"href":"https:\/\/lucacastelli.com\/de\/wp-json\/wp\/v2\/types\/product"}],"wp:featuredmedia":[{"embeddable":true,"href":"https:\/\/lucacastelli.com\/de\/wp-json\/wp\/v2\/media\/421633"}],"wp:attachment":[{"href":"https:\/\/lucacastelli.com\/de\/wp-json\/wp\/v2\/media?parent=421743"}],"wp:term":[{"taxonomy":"product_brand","embeddable":true,"href":"https:\/\/lucacastelli.com\/de\/wp-json\/wp\/v2\/product_brand?post=421743"},{"taxonomy":"product_cat","embeddable":true,"href":"https:\/\/lucacastelli.com\/de\/wp-json\/wp\/v2\/product_cat?post=421743"},{"taxonomy":"product_tag","embeddable":true,"href":"https:\/\/lucacastelli.com\/de\/wp-json\/wp\/v2\/product_tag?post=421743"}],"curies":[{"name":"wp","href":"https:\/\/api.w.org\/{rel}","templated":true}]}}