{"id":421741,"date":"2025-05-23T17:10:12","date_gmt":"2025-05-23T15:10:12","guid":{"rendered":"https:\/\/lucacastelli.com\/prodotto\/ortovox-fleece-gp-classic-strick-hoody-m\/"},"modified":"2026-04-16T00:51:32","modified_gmt":"2026-04-15T22:51:32","slug":"ortovox-fleece-gp-classic-strick-hoody-m","status":"publish","type":"product","link":"https:\/\/lucacastelli.com\/de\/produkt\/ortovox-fleece-gp-classic-strick-hoody-m\/","title":{"rendered":"ORTOVOX FLEECE GP CLASSIC KNIT HOODY M"},"content":{"rendered":"<h2 id=\"toc-entry-target-1\" class=\"js-toc__title pds__detail-headline\">EIN KLASSIKER IM MODERNEN LOOK<\/h2>\n<h3>Sehr warmer Fleece-Hoodie mit Strickwolleins\u00e4tzen, entwickelt f\u00fcr Freeride-Touren an k\u00e4ltesten Tagen<\/h3>\n<p>\u2022 Strickwolleins\u00e4tze im Frontbereich: traditionell und fein verarbeitet<br \/>\n\u2022 Sehr warm und dennoch atmungsaktiv<br \/>\n\u2022 Hoher Tragekomfort dank Merinowolle auf der Haut<\/p>\n<p>&nbsp;<\/p>\n<p>Warm, atmungsaktiv und robust: Wenn Sie Freeride-Touren an steilen Nordw\u00e4nden, in engen Rinnen oder lichten W\u00e4ldern unternehmen, ist der FLEECE GP CLASSIC KNIT HOODY f\u00fcr Herren an kalten Tagen unverzichtbar.<\/p>\n<p>Die besonders warmen und atmungsaktiven Strickwolleins\u00e4tze sch\u00fctzen Freerider zuverl\u00e4ssig vor Wind und K\u00e4lte bei rasanten Abfahrten. Zudem verleihen sie diesem strapazierf\u00e4higen Hoodie einen einzigartigen, klassisch-modernen Look. <\/p>\n<p>An den Armen kommt das hochfunktionelle MERINO FLEECE GRID PLUS zum Einsatz. Seine Waffelstruktur sorgt f\u00fcr optimale Bel\u00fcftung bei anstrengenden Passagen und h\u00e4lt Sie trotz des geringen Gewichts auch bei eisigen Temperaturen warm. Die Innenseite aus Merinowolle liegt angenehm weich auf der Haut und wirkt temperatur- sowie feuchtigkeitsregulierend.  <\/p>\n<p>In den zwei Seitentaschen lassen sich wichtige Kleinigkeiten verstauen, w\u00e4hrend die kontrastierende Brusttasche Platz f\u00fcr Handy, Schl\u00fcssel und Geld bietet. Die eng anliegende Kapuze und elastische \u00c4rmelabschl\u00fcsse halten die W\u00e4rme am K\u00f6rper und die K\u00e4lte drau\u00dfen. Selbstverst\u00e4ndlich wird der FLEECE GP CLASSIC KNIT HOODY f\u00fcr Herren klimaneutral in Europa produziert. Der Klassiker des l\u00e4ssigen Freeride-Styles modern interpretiert: Ihr neues Lieblingsteil f\u00fcr den Winter!   <\/p>\n<div id=\"pds__accordion-features-heading\" class=\"mb-4 mb-md-35\">\n<h3 class=\"pds__accordion-headline p-relative cursor-pointer p-0 m-0\"><span class=\"d-block p-0 accordion js-accordion-custom-toggle js-accordion-custom-toggle--hide-on-collapse\" role=\"button\" data-collapse=\"false\" data-target=\"#pds__accordion-features-wrapper\" data-multitarget-disabled-mobile=\"\" aria-expanded=\"true\" aria-controls=\"pds__accordion-features-wrapper\"><span class=\"d-flex justify-content-between align-items-center\"><span class=\"word-break-word\">Eigenschaften<\/span><i class=\"accordion__icon pds__accordion-icon icon\"><\/i><\/span><\/span><\/h3>\n<\/div>\n<div class=\"pds__accordion-wrapper\">\n<div id=\"pds__accordion-features-wrapper\" class=\"pds__accordion-features-multi-target collapse show\" data-partial-multi-target=\"true\" data-parent=\"#pds__accordion-features\">\n<div class=\"pb-4\">\n<div class=\"overflow-hidden\">\n<div class=\"wysiwyg\">\n<ul>\n<li>Kapuze<\/li>\n<li>1 Brusttasche<\/li>\n<li>2 Seitentaschen<\/li>\n<li>Elastischer \u00c4rmelabschluss<\/li>\n<li>Lockere Passform<\/li>\n<\/ul>\n<div id=\"pds__accordion-material-properties-heading\" class=\"mb-4 mb-md-35\">\n<h3 class=\"pds__accordion-headline p-relative cursor-pointer p-0 m-0\"><span class=\"d-block p-0 accordion js-accordion-custom-toggle js-accordion-custom-toggle--hide-on-collapse\" role=\"button\" data-collapse=\"false\" data-target=\"#pds__accordion-material-properties-wrapper\" data-multitarget-disabled-mobile=\"\" aria-expanded=\"true\" aria-controls=\"pds__accordion-material-properties-wrapper\"><span class=\"d-flex justify-content-between align-items-center\"><span class=\"word-break-word\">Materialeigenschaften<\/span><i class=\"accordion__icon pds__accordion-icon icon\"><\/i><\/span><\/span><\/h3>\n<\/div>\n<div class=\"pds__accordion-wrapper\">\n<div id=\"pds__accordion-material-properties-wrapper\" class=\"pds__accordion-material-properties-multi-target collapse show\" data-partial-multi-target=\"true\" data-parent=\"#pds__accordion-material-properties\">\n<div class=\"pb-4\">\n<div class=\"overflow-hidden\">\n<div class=\"wysiwyg\">\n<ul>\n<li>MERINO FLEECE GRID PLUS: Merinowolle auf der Haut, hohe Atmungsaktivit\u00e4t, hohe Elastizit\u00e4t, Widerstandsf\u00e4higkeit, hoher Tragekomfort, ideales Gewichts-Isolations-Verh\u00e4ltnis<\/li>\n<\/ul>\n<p>HAUPTMATERIAL: 58 % Polyester + 37 % Schurwolle (Merino) + 5 % Elasthan EINS\u00c4TZE I: 100 % Schurwolle INNENSEITE: 72 % Polyester + 28 % Schurwolle (MERINO) EINS\u00c4TZE II: 100 % Polyamid<\/p>\n<\/div>\n<\/div>\n<\/div>\n<\/div>\n<\/div>\n<\/div>\n<\/div>\n<\/div>\n<\/div>\n<\/div>\n","protected":false},"excerpt":{"rendered":"<p>EIN KLASSIKER IM MODERNEN LOOK Sehr warmer Fleece-Hoodie mit Strickwolleins\u00e4tzen, entwickelt f\u00fcr Freeride-Touren an k\u00e4ltesten Tagen \u2022 Strickwolleins\u00e4tze im Frontbereich:<\/p>\n","protected":false},"featured_media":421668,"template":"","meta":{"_seopress_robots_primary_cat":"none","_seopress_titles_title":"","_seopress_titles_desc":"","_seopress_robots_index":""},"product_brand":[3663],"product_cat":[82,974,975],"product_tag":[],"class_list":{"0":"post-421741","1":"product","2":"type-product","3":"status-publish","4":"has-post-thumbnail","6":"product_brand-ortovox-de","7":"product_cat-kleidung","8":"product_cat-freizeitkleidung","9":"product_cat-herrenbekleidung","10":"sws-gruppo-abb-libero-de","11":"sws-conto-ricavi-merci-rivendita-abbigliamento-de","12":"sws-gruppo-iva-iva81-de","14":"first","15":"instock","16":"sale","17":"shipping-taxable","18":"purchasable","19":"product-type-variable"},"_links":{"self":[{"href":"https:\/\/lucacastelli.com\/de\/wp-json\/wp\/v2\/product\/421741","targetHints":{"allow":["GET"]}}],"collection":[{"href":"https:\/\/lucacastelli.com\/de\/wp-json\/wp\/v2\/product"}],"about":[{"href":"https:\/\/lucacastelli.com\/de\/wp-json\/wp\/v2\/types\/product"}],"wp:featuredmedia":[{"embeddable":true,"href":"https:\/\/lucacastelli.com\/de\/wp-json\/wp\/v2\/media\/421668"}],"wp:attachment":[{"href":"https:\/\/lucacastelli.com\/de\/wp-json\/wp\/v2\/media?parent=421741"}],"wp:term":[{"taxonomy":"product_brand","embeddable":true,"href":"https:\/\/lucacastelli.com\/de\/wp-json\/wp\/v2\/product_brand?post=421741"},{"taxonomy":"product_cat","embeddable":true,"href":"https:\/\/lucacastelli.com\/de\/wp-json\/wp\/v2\/product_cat?post=421741"},{"taxonomy":"product_tag","embeddable":true,"href":"https:\/\/lucacastelli.com\/de\/wp-json\/wp\/v2\/product_tag?post=421741"}],"curies":[{"name":"wp","href":"https:\/\/api.w.org\/{rel}","templated":true}]}}