{"id":421708,"date":"2025-05-23T16:07:30","date_gmt":"2025-05-23T14:07:30","guid":{"rendered":"https:\/\/lucacastelli.com\/prodotto\/ortovox-swisswool-piz-duan-weste-m\/"},"modified":"2026-02-23T00:17:01","modified_gmt":"2026-02-22T23:17:01","slug":"ortovox-swisswool-piz-duan-weste-m","status":"publish","type":"product","link":"https:\/\/lucacastelli.com\/de\/produkt\/ortovox-swisswool-piz-duan-weste-m\/","title":{"rendered":"ORTOVOX SWISSWOOL PIZ DUAN WESTE M"},"content":{"rendered":"<h2 id=\"toc-entry-target-1\" class=\"js-toc__title pds__detail-headline\" tabindex=\"-1\">Eine leichte Weste f\u00fcr jeden Anlass<\/h2>\n<h3>Mehrfach isolierende, ultraleichte Weste aus Swisswool und f\u00fcr jeden Bergausflug geeignet<\/h3>\n<p>&nbsp;<\/p>\n<ul class=\"additional-info__list\">\n<li>Optimaler Schutz mit einem sehr guten Verh\u00e4ltnis von Isolierung zu Gewicht<\/li>\n<li>Maximale Bewegungsfreiheit<\/li>\n<li>Faltbar und im Taschenformat mit G\u00fcrtelbefestigung<\/li>\n<\/ul>\n<p>&nbsp;<\/p>\n<p>Wenn die K\u00e4lte anf\u00e4ngt zu bei\u00dfen und die M\u00fcdigkeit mit dem Aufstieg zunimmt, ist unsere Swisswool PIZ DUAN VEST f\u00fcr Herren das ideale Kleidungsst\u00fcck.<\/p>\n<p>Die leichte, isolierende Weste, ideal zum Bergsteigen, garantiert optimalen Schutz und hohe Isolierung bei gleichzeitig sehr geringem Gewicht. Das Au\u00dfenmaterial der Weste besteht aus atmungsaktivem, winddichtem und wasserabweisendem TEC STRETCH, w\u00e4hrend die 70 g\/m2 Swisswool Wattierung als Isolationsschicht fungiert. Durch die bequemen Armausschnitte macht die Swisswool PIZ DUAN VEST f\u00fcr Herren jede Bewegung mit. Die isolierende und leichte Weste kann auch komplett in der Innentasche der Jacke verstaut werden und l\u00e4sst sich dank der speziellen Schlaufe einfach am G\u00fcrtel befestigen. So bleibt er auch auf den h\u00e4rtesten Passagen immer in Reichweite.    <\/p>\n<p>Das unschlagbare Gewichts-Isolations-Verh\u00e4ltnis macht die Swisswool PIZ DUAN VEST f\u00fcr Herren zum besten Accessoire f\u00fcr Hochtouren, egal ob bei Wanderungen im Sommer oder bei Skitouren im Winter.<\/p>\n<p>&nbsp;<\/p>\n<div id=\"pds__accordion-features-heading\" class=\"mb-4 mb-md-35\">\n<h3 class=\"pds__accordion-headline p-relative cursor-pointer p-0 m-0\"><span class=\"d-block p-0 accordion js-accordion-custom-toggle js-accordion-custom-toggle--hide-on-collapse\" tabindex=\"0\" role=\"button\" data-collapse=\"false\" data-target=\"#pds__accordion-features-wrapper\" data-multitarget-disabled-mobile=\"\" aria-expanded=\"true\" aria-controls=\"pds__accordion-features-wrapper\"><span class=\"d-flex justify-content-between align-items-center\"><span class=\"word-break-word\">Funktionen<\/span><i class=\"accordion__icon pds__accordion-icon icon\"><\/i><\/span><\/span><\/h3>\n<\/div>\n<div class=\"pds__accordion-wrapper\">\n<div id=\"pds__accordion-features-wrapper\" class=\"pds__accordion-features-multi-target collapse show\" data-partial-multi-target=\"true\" data-parent=\"#pds__accordion-features\">\n<div class=\"pb-4\">\n<div class=\"overflow-hidden\">\n<div class=\"wysiwyg\">\n<ul>\n<li>Kapuze mit elastischem Besatz<\/li>\n<li>Elastischer Saum<\/li>\n<li>1 Aufbewahrungstasche<\/li>\n<li>Athletische Passform<\/li>\n<\/ul>\n<\/div>\n<\/div>\n<div id=\"pds__accordion-material-properties-heading\" class=\"mb-4 mb-md-35\">\n<h3 class=\"pds__accordion-headline p-relative cursor-pointer p-0 m-0\"><span class=\"d-block p-0 accordion js-accordion-custom-toggle js-accordion-custom-toggle--hide-on-collapse\" tabindex=\"0\" role=\"button\" data-collapse=\"false\" data-target=\"#pds__accordion-material-properties-wrapper\" data-multitarget-disabled-mobile=\"\" aria-expanded=\"true\" aria-controls=\"pds__accordion-material-properties-wrapper\"><span class=\"d-flex justify-content-between align-items-center\"><span class=\"word-break-word\">Materialeigenschaften<\/span><i class=\"accordion__icon pds__accordion-icon icon\"><\/i><\/span><\/span><\/h3>\n<\/div>\n<div class=\"pds__accordion-wrapper\">\n<div id=\"pds__accordion-material-properties-wrapper\" class=\"pds__accordion-material-properties-multi-target collapse show\" data-partial-multi-target=\"true\" data-parent=\"#pds__accordion-material-properties\">\n<div class=\"pb-4\">\n<div class=\"overflow-hidden\">\n<div class=\"wysiwyg\">\n<ul>\n<li>SWISSWOOL: nachhaltig produziert, feuchtigkeitsregulierend (heizt auch im nassen Zustand), ideales Gewichts-Isolations-Verh\u00e4ltnis (70 g\/m\u00b2), kompakte Abmessungen<\/li>\n<li>TEC-STRETCH AUSSENMATERIAL: elastisch, abriebfest, wasserabweisend und winddicht<\/li>\n<li>PFC-frei: Wasser und Schmutz gleiten ab<\/li>\n<\/ul>\n<\/div>\n<p>HAUPTMATERIAL: 100 % Polyamid F\u00dcLLUNG: 70 % Schurwolle (Swisswool)\/ 30 % Polylactid FUTTER: 100 % Polyamid<\/p>\n<\/div>\n<\/div>\n<\/div>\n<\/div>\n<\/div>\n<\/div>\n<\/div>\n","protected":false},"excerpt":{"rendered":"<p>Eine leichte Weste f\u00fcr jeden Anlass Mehrfach isolierende, ultraleichte Weste aus Swisswool und f\u00fcr jeden Bergausflug geeignet &nbsp; Optimaler Schutz<\/p>\n","protected":false},"featured_media":421607,"template":"","meta":{"_seopress_robots_primary_cat":"","_seopress_titles_title":"","_seopress_titles_desc":"","_seopress_robots_index":""},"product_brand":[3280],"product_cat":[21,189,190],"product_tag":[],"class_list":{"0":"post-421708","1":"product","2":"type-product","3":"status-publish","4":"has-post-thumbnail","6":"product_brand-ortovox","7":"product_cat-abbigliamento","8":"product_cat-abbigliamento-per-il-tempo-libero","9":"product_cat-abbigliamento-da-uomo","10":"sws-gruppo-abb-libero-de","11":"sws-conto-ricavi-merci-rivendita-abbigliamento-de","12":"sws-gruppo-iva-iva81-de","14":"first","15":"instock","16":"sale","17":"shipping-taxable","18":"purchasable","19":"product-type-variable"},"_links":{"self":[{"href":"https:\/\/lucacastelli.com\/de\/wp-json\/wp\/v2\/product\/421708","targetHints":{"allow":["GET"]}}],"collection":[{"href":"https:\/\/lucacastelli.com\/de\/wp-json\/wp\/v2\/product"}],"about":[{"href":"https:\/\/lucacastelli.com\/de\/wp-json\/wp\/v2\/types\/product"}],"wp:featuredmedia":[{"embeddable":true,"href":"https:\/\/lucacastelli.com\/de\/wp-json\/wp\/v2\/media\/421607"}],"wp:attachment":[{"href":"https:\/\/lucacastelli.com\/de\/wp-json\/wp\/v2\/media?parent=421708"}],"wp:term":[{"taxonomy":"product_brand","embeddable":true,"href":"https:\/\/lucacastelli.com\/de\/wp-json\/wp\/v2\/product_brand?post=421708"},{"taxonomy":"product_cat","embeddable":true,"href":"https:\/\/lucacastelli.com\/de\/wp-json\/wp\/v2\/product_cat?post=421708"},{"taxonomy":"product_tag","embeddable":true,"href":"https:\/\/lucacastelli.com\/de\/wp-json\/wp\/v2\/product_tag?post=421708"}],"curies":[{"name":"wp","href":"https:\/\/api.w.org\/{rel}","templated":true}]}}