{"id":421573,"date":"2025-05-23T15:45:02","date_gmt":"2025-05-23T13:45:02","guid":{"rendered":"https:\/\/lucacastelli.com\/prodotto\/ortovox-brenta-hose-m-2\/"},"modified":"2026-04-16T00:53:08","modified_gmt":"2026-04-15T22:53:08","slug":"ortovox-brenta-hose-m-2","status":"publish","type":"product","link":"https:\/\/lucacastelli.com\/de\/produkt\/ortovox-brenta-hose-m-2\/","title":{"rendered":"ORTOVOX BRENTA PANTS M"},"content":{"rendered":"","protected":false},"excerpt":{"rendered":"<h3>Robuste und atmungsaktive Hose mit G\u00fcrtel f\u00fcr anspruchsvolle Touren<\/h3>\n<p>Entwickelt f\u00fcr alpine Abenteuer: Die leichte BRENTA PANTS f\u00fcr Herren scheut keinen Felskontakt und macht jede Bewegung mit.<\/p>\n<p>Das strapazierf\u00e4hige SHIELD LIGHT Material besteht den Martindale-Test mit \u00fcber 80.000 Scheuerzyklen und z\u00e4hlt zu den robustesten Stoffen von ORTOVOX. Das 4-Wege-Stretch-Material sorgt f\u00fcr maximale Bewegungsfreiheit am Berg, ist atmungsaktiv sowie wasserabweisend und trocknet schnell. <\/p>\n<p>Dank der neuen lockeren Passform bietet diese Hose einen bequemen und modernen Sitz. Ein Haken erm\u00f6glicht das Fixieren des integrierten G\u00fcrtels mit einem Handgriff, sodass er beim An- und Ausziehen der Hose nicht mehr gel\u00f6st werden muss. <\/p>\n<p>Zwei ger\u00e4umige Reissverschluss-Fronttaschen bieten ausreichend Platz f\u00fcr Schl\u00fcssel, Geld und Handy, w\u00e4hrend die Oberschenkeltasche mit verdecktem Reissverschluss und getaptem Saum zus\u00e4tzlichen Stauraum bei schlichtem Look bietet. Merino-Mesh-Eins\u00e4tze im Bund und an den Taschen sorgen f\u00fcr zus\u00e4tzlichen Komfort. <\/p>\n<p>Die BRENTA PANTS f\u00fcr Herren ist PFC-frei und klimaneutral.<\/p>\n<p>&nbsp;<\/p>\n<div id=\"pds__accordion-features-heading\" class=\"mb-4 mb-md-35\">\n<h3 class=\"pds__accordion-headline p-relative cursor-pointer p-0 m-0\"><span class=\"d-block p-0 accordion js-accordion-custom-toggle js-accordion-custom-toggle--hide-on-collapse\" role=\"button\" data-collapse=\"false\" data-target=\"#pds__accordion-features-wrapper\" data-multitarget-disabled-mobile=\"\" aria-expanded=\"true\" aria-controls=\"pds__accordion-features-wrapper\"><span class=\"d-flex justify-content-between align-items-center\"><span class=\"word-break-word\">Eigenschaften<\/span><i class=\"accordion__icon pds__accordion-icon icon\"><\/i><\/span><\/span><\/h3>\n<\/div>\n<div class=\"pds__accordion-wrapper\">\n<div id=\"pds__accordion-features-wrapper\" class=\"pds__accordion-features-multi-target collapse show\" data-partial-multi-target=\"true\" data-parent=\"#pds__accordion-features\">\n<div class=\"pb-4\">\n<div class=\"overflow-hidden\">\n<div class=\"wysiwyg\">\n<ul>\n<li>Verstellbarer Saum<\/li>\n<li>2 Reissverschluss-Fronttaschen<\/li>\n<li>1 Reissverschluss-Oberschenkeltasche<\/li>\n<li>Merino-Mesh-Eins\u00e4tze innen<\/li>\n<li>Regulierbarer Beinabschluss<\/li>\n<li>Regular Fit<\/li>\n<\/ul>\n<\/div>\n<div id=\"pds__accordion-material-properties-heading\" class=\"mb-4 mb-md-35\">\n<h3 class=\"pds__accordion-headline p-relative cursor-pointer p-0 m-0\"><span class=\"d-block p-0 accordion js-accordion-custom-toggle js-accordion-custom-toggle--hide-on-collapse\" role=\"button\" data-collapse=\"false\" data-target=\"#pds__accordion-material-properties-wrapper\" data-multitarget-disabled-mobile=\"\" aria-expanded=\"true\" aria-controls=\"pds__accordion-material-properties-wrapper\"><span class=\"d-flex justify-content-between align-items-center\"><span class=\"word-break-word\">Materialeigenschaften<\/span><i class=\"accordion__icon pds__accordion-icon icon\"><\/i><\/span><\/span><\/h3>\n<\/div>\n<div class=\"pds__accordion-wrapper\">\n<div id=\"pds__accordion-material-properties-wrapper\" class=\"pds__accordion-material-properties-multi-target collapse show\" data-partial-multi-target=\"true\" data-parent=\"#pds__accordion-material-properties\">\n<div class=\"pb-4\">\n<div class=\"overflow-hidden\">\n<div class=\"wysiwyg\">\n<ul>\n<li>SHIELD LIGHT: Strapazierf\u00e4hig (&gt; 80.000 Scheuerzyklen im Martindale-Test), maximale Bewegungsfreiheit, atmungsaktiv, schnell trocknend, wasserabweisend durch PFC-freie DWR-Behandlung, 4-Wege-Stretch-Material<\/li>\n<\/ul>\n<\/div>\n<\/div>\n<p>HAUPTMATERIAL: 91 % Polyamid + 9 % Elasthan INNENFUTTER: 72 % Polyester + 28 % Schurwolle (MERINO)<\/p>\n<\/div>\n<\/div>\n<\/div>\n<\/div>\n<\/div>\n<\/div>\n<\/div>\n","protected":false},"featured_media":421563,"template":"","meta":{"_seopress_robots_primary_cat":"none","_seopress_titles_title":"","_seopress_titles_desc":"","_seopress_robots_index":""},"product_brand":[3280],"product_cat":[21,189,190],"product_tag":[],"class_list":{"0":"post-421573","1":"product","2":"type-product","3":"status-publish","4":"has-post-thumbnail","6":"product_brand-ortovox","7":"product_cat-abbigliamento","8":"product_cat-abbigliamento-per-il-tempo-libero","9":"product_cat-abbigliamento-da-uomo","10":"sws-gruppo-abb-libero-de","11":"sws-conto-ricavi-merci-rivendita-abbigliamento-de","12":"sws-gruppo-iva-iva81-de","14":"first","15":"instock","16":"sale","17":"shipping-taxable","18":"purchasable","19":"product-type-variable"},"_links":{"self":[{"href":"https:\/\/lucacastelli.com\/de\/wp-json\/wp\/v2\/product\/421573","targetHints":{"allow":["GET"]}}],"collection":[{"href":"https:\/\/lucacastelli.com\/de\/wp-json\/wp\/v2\/product"}],"about":[{"href":"https:\/\/lucacastelli.com\/de\/wp-json\/wp\/v2\/types\/product"}],"wp:featuredmedia":[{"embeddable":true,"href":"https:\/\/lucacastelli.com\/de\/wp-json\/wp\/v2\/media\/421563"}],"wp:attachment":[{"href":"https:\/\/lucacastelli.com\/de\/wp-json\/wp\/v2\/media?parent=421573"}],"wp:term":[{"taxonomy":"product_brand","embeddable":true,"href":"https:\/\/lucacastelli.com\/de\/wp-json\/wp\/v2\/product_brand?post=421573"},{"taxonomy":"product_cat","embeddable":true,"href":"https:\/\/lucacastelli.com\/de\/wp-json\/wp\/v2\/product_cat?post=421573"},{"taxonomy":"product_tag","embeddable":true,"href":"https:\/\/lucacastelli.com\/de\/wp-json\/wp\/v2\/product_tag?post=421573"}],"curies":[{"name":"wp","href":"https:\/\/api.w.org\/{rel}","templated":true}]}}