{"id":421523,"date":"2025-05-23T12:06:19","date_gmt":"2025-05-23T10:06:19","guid":{"rendered":"https:\/\/lucacastelli.com\/prodotto\/ortovox-fleece-hoody-m-2\/"},"modified":"2025-11-22T21:03:05","modified_gmt":"2025-11-22T20:03:05","slug":"ortovox-fleece-hoody-m-2","status":"publish","type":"product","link":"https:\/\/lucacastelli.com\/de\/produkt\/ortovox-fleece-hoody-m-2\/","title":{"rendered":"ORTOVOX FLEECE HOODY M"},"content":{"rendered":"<h3>Warmes Fleece, recyceltes Polyester und Merino-Hoodies f\u00fcr kalte und trockene Tage<\/h3>\n<p>&nbsp;<\/p>\n<p>Der FLEECE HOODY f\u00fcr Herren ist ein Must-Have-Kleidungsst\u00fcck, das all die Funktionalit\u00e4t, Bewegungsfreiheit und den nat\u00fcrlichen W\u00e4rmekomfort gew\u00e4hrleistet, die in den Bergen an kalten Wintertagen unerl\u00e4sslich sind.<\/p>\n<p>Die spezielle Strickung des bew\u00e4hrten Kapuzenfleeces verleiht ihm eine matte Oberfl\u00e4che, die seinen dezenten, sportlichen Look unterstreicht. Die hochwertigen Verarbeitungsmaterialien sind zudem komplett nachhaltig. Die au\u00dfergew\u00f6hnliche Kombination aus der weichen Innenseite aus Merinowolle und der Au\u00dfenseite aus recyceltem Polyester macht es zu einem extrem strapazierf\u00e4higen und atmungsaktiven Kleidungsst\u00fcck.  <\/p>\n<p>Da MERINO FLEECE sehr elastisch ist, passt sich der FLEECE HOODY f\u00fcr Herren optimal an den K\u00f6rper an und bietet maximale Bewegungsfreiheit. Die weiche, von Natur aus feuchtigkeits- und temperaturregulierende Merinowolle sorgt f\u00fcr ein optimales K\u00f6rperklima und f\u00fchlt sich angenehm auf der Haut an. <\/p>\n<p>Die beiden Seitentaschen mit traditionellem Loden von STEINER halten die H\u00e4nde warm und bieten Platz f\u00fcr kleine wichtige Gegenst\u00e4nde, die immer griffbereit sein m\u00fcssen. Dank der speziellen Verarbeitungstechnologie schlie\u00dfen die Daumenschlaufen optimal und verhindern so W\u00e4rmeverluste. So ist unser FLEECE HOODY f\u00fcr Herren bereit f\u00fcr all deine Winteraktivit\u00e4ten sowohl in den Bergen als auch im Tal.  <\/p>\n<div id=\"pds__accordion-features-heading\" class=\"mb-4 mb-md-35\">\n<h3 class=\"pds__accordion-headline p-relative cursor-pointer p-0 m-0\"><span class=\"d-block p-0 accordion js-accordion-custom-toggle js-accordion-custom-toggle--hide-on-collapse\" tabindex=\"0\" role=\"button\" data-collapse=\"false\" data-target=\"#pds__accordion-features-wrapper\" data-multitarget-disabled-mobile=\"\" aria-expanded=\"true\" aria-controls=\"pds__accordion-features-wrapper\"><span class=\"d-flex justify-content-between align-items-center\"><span class=\"word-break-word\">Funktionen<\/span><i class=\"accordion__icon pds__accordion-icon icon\"><\/i><\/span><\/span><\/h3>\n<\/div>\n<div class=\"pds__accordion-wrapper\">\n<div id=\"pds__accordion-features-wrapper\" class=\"pds__accordion-features-multi-target collapse show\" data-partial-multi-target=\"true\" data-parent=\"#pds__accordion-features\">\n<div class=\"pb-4\">\n<div class=\"overflow-hidden\">\n<div class=\"wysiwyg\">\n<ul>\n<li>M\u00fctze<\/li>\n<li>2 Fronttaschen<\/li>\n<li>Daumen-Schlaufen<\/li>\n<li>Regul\u00e4re Passform<\/li>\n<\/ul>\n<p>&nbsp;<\/p>\n<\/div>\n<\/div>\n<\/div>\n<\/div>\n<\/div>\n<div id=\"pds__accordion-material-properties-heading\" class=\"mb-4 mb-md-35\">\n<h3 class=\"pds__accordion-headline p-relative cursor-pointer p-0 m-0\"><span class=\"d-block p-0 accordion js-accordion-custom-toggle js-accordion-custom-toggle--hide-on-collapse\" tabindex=\"0\" role=\"button\" data-collapse=\"false\" data-target=\"#pds__accordion-material-properties-wrapper\" data-multitarget-disabled-mobile=\"\" aria-expanded=\"true\" aria-controls=\"pds__accordion-material-properties-wrapper\"><span class=\"d-flex justify-content-between align-items-center\"><span class=\"word-break-word\">Materialeigenschaften<\/span><i class=\"accordion__icon pds__accordion-icon icon\"><\/i><\/span><\/span><\/h3>\n<\/div>\n<div class=\"pds__accordion-wrapper\">\n<div id=\"pds__accordion-material-properties-wrapper\" class=\"pds__accordion-material-properties-multi-target collapse show\" data-partial-multi-target=\"true\" data-parent=\"#pds__accordion-material-properties\">\n<div class=\"pb-4\">\n<div class=\"overflow-hidden\">\n<div class=\"wysiwyg\">\n<ul>\n<li>Merinowolle auf der Haut<\/li>\n<li>Hohe Atmungsaktivit\u00e4t<\/li>\n<li>Elastischer<\/li>\n<li>Haltbarkeit und Widerstandsf\u00e4higkeit<\/li>\n<li>Trocknet schnell<\/li>\n<li>Hoher Bedienkomfort<\/li>\n<\/ul>\n<p>HAUPTMATERIAL: 64% Polyester (recycelt) + 30% Schurwolle (OWP-Merino) + 6% Elasthan EINS\u00c4TZE: 100% Schurwolle (OWP-MERINO)<\/p>\n<\/div>\n<\/div>\n<\/div>\n<\/div>\n<\/div>\n","protected":false},"excerpt":{"rendered":"<p>Warmes Fleece, recyceltes Polyester und Merino-Hoodies f\u00fcr kalte und trockene Tage &nbsp; Der FLEECE HOODY f\u00fcr Herren ist ein Must-Have-Kleidungsst\u00fcck,<\/p>\n","protected":false},"featured_media":421493,"template":"","meta":{"_seopress_robots_primary_cat":"","_seopress_titles_title":"","_seopress_titles_desc":"","_seopress_robots_index":""},"product_brand":[3663],"product_cat":[82,974,975],"product_tag":[],"class_list":{"0":"post-421523","1":"product","2":"type-product","3":"status-publish","4":"has-post-thumbnail","6":"product_brand-ortovox-de","7":"product_cat-kleidung","8":"product_cat-freizeitkleidung","9":"product_cat-herrenbekleidung","10":"sws-gruppo-abb-libero-de","11":"sws-conto-ricavi-merci-rivendita-abbigliamento-de","12":"sws-gruppo-iva-iva81-de","14":"first","15":"instock","16":"sale","17":"shipping-taxable","18":"purchasable","19":"product-type-variable"},"_links":{"self":[{"href":"https:\/\/lucacastelli.com\/de\/wp-json\/wp\/v2\/product\/421523","targetHints":{"allow":["GET"]}}],"collection":[{"href":"https:\/\/lucacastelli.com\/de\/wp-json\/wp\/v2\/product"}],"about":[{"href":"https:\/\/lucacastelli.com\/de\/wp-json\/wp\/v2\/types\/product"}],"wp:featuredmedia":[{"embeddable":true,"href":"https:\/\/lucacastelli.com\/de\/wp-json\/wp\/v2\/media\/421493"}],"wp:attachment":[{"href":"https:\/\/lucacastelli.com\/de\/wp-json\/wp\/v2\/media?parent=421523"}],"wp:term":[{"taxonomy":"product_brand","embeddable":true,"href":"https:\/\/lucacastelli.com\/de\/wp-json\/wp\/v2\/product_brand?post=421523"},{"taxonomy":"product_cat","embeddable":true,"href":"https:\/\/lucacastelli.com\/de\/wp-json\/wp\/v2\/product_cat?post=421523"},{"taxonomy":"product_tag","embeddable":true,"href":"https:\/\/lucacastelli.com\/de\/wp-json\/wp\/v2\/product_tag?post=421523"}],"curies":[{"name":"wp","href":"https:\/\/api.w.org\/{rel}","templated":true}]}}