{"id":421468,"date":"2025-05-23T11:11:22","date_gmt":"2025-05-23T09:11:22","guid":{"rendered":"https:\/\/lucacastelli.com\/prodotto\/ortovox-ravine-28-schwarzer-rabe\/"},"modified":"2026-04-17T10:54:00","modified_gmt":"2026-04-17T08:54:00","slug":"ortovox-ravine-28-schwarzer-rabe","status":"publish","type":"product","link":"https:\/\/lucacastelli.com\/de\/produkt\/ortovox-ravine-28-schwarzer-rabe\/","title":{"rendered":"ORTOVOX RAVINE 28 black raven"},"content":{"rendered":"<div class=\"wysiwyg wysiwyg--no-first-child-correction mb-4\">\n<h3>Ultraleichter und technischer Rucksack f\u00fcr Aufstiege beim Freeriden<\/h3>\n<\/div>\n<div id=\"pds__accordion-additional-info-inner\" class=\" accordion pds__accordion\">\n<div class=\"position-relative\">\n<div class=\"pds__accordion-wrapper border-0\">\n<div id=\"pds__accordion-additional-info-inner-wrapper\" class=\"collapse seo-collapse disable-collapse-md\" data-parent=\"#pds__accordion-additional-info-inner\">\n<div class=\"pb-4\">\n<div class=\"border border-grey p-20 mb-4\">\n<p>Der neue RAVINE ist ein LEICHTER und TECHNISCHER Freeride-Rucksack f\u00fcr anspruchsvolle Freerider, die auf dem Weg zur n\u00e4chsten steilen Abfahrt keine Zeit verlieren wollen. Die Besonderheit: Alle wichtigen Gegenst\u00e4nde k\u00f6nnen verstaut und entnommen werden, ohne den Rucksack abzunehmen. <\/p>\n<p>Dank der parallelen Schnellbefestigung f\u00fcr Ski mit Karabiner lassen sich auch die breitesten Freeride-Ski mit einer einfachen Bewegung am Rucksack befestigen. Im praktischen Zusatzfach am Boden des Rucksacks ist Platz f\u00fcr Harscheisen und Steigeisen, um sie immer griffbereit zu haben, ohne den Rucksack abzunehmen. Das separate Sicherheitsfach erm\u00f6glicht schnellen Zugriff auf die gesamte Notfallausr\u00fcstung und einen leichten Eispickel, w\u00e4hrend alle Gegenst\u00e4nde im Hauptfach von oben oder seitlich zug\u00e4nglich sind. Der RAVINE 28 verf\u00fcgt zudem \u00fcber die klassischen Befestigungsm\u00f6glichkeiten f\u00fcr Ski, St\u00f6cke, Seil, Helm und Eisschrauben sowie ein Kartenfach und die Vorbereitung f\u00fcr ein Trinksystem.   <\/p>\n<p>Dank des ERGONOMISCHEN FULL CONTACT LIGHT BACK SYSTEMS verteilt der Rucksack die Last optimal auf dem R\u00fccken und liegt eng an der Wirbels\u00e4ule an, ohne zu verrutschen. F\u00fcr zus\u00e4tzlichen Wirbels\u00e4ulenschutz kann der RAVINE 28 innen mit dem CLASP SPINE PROTECTOR ausgestattet werden. Das Wirbels\u00e4ulenschutzsystem ist nach Motorradstandards zertifiziert, separat erh\u00e4ltlich und l\u00e4sst sich bequem in ein separates Innenfach einsetzen.  <\/p>\n<p>Neben seiner hohen Sicherheit und Funktionalit\u00e4t ist der RAVINE 28 ein umweltfreundlich hergestelltes Produkt: Dieser Freeride-Rucksack ist vollst\u00e4ndig PFC-frei und wird klimaneutral aus recyceltem Polyamid hergestellt.<\/p>\n<p>&nbsp;<\/p>\n<\/div>\n<div id=\"pds__accordion-features-heading\" class=\"mb-4 mb-md-35\">\n<h3 class=\"pds__accordion-headline p-relative cursor-pointer p-0 m-0\"><span class=\"d-block p-0 accordion js-accordion-custom-toggle js-accordion-custom-toggle--hide-on-collapse\" role=\"button\" data-collapse=\"false\" data-target=\"#pds__accordion-features-wrapper\" data-multitarget-disabled-mobile=\"\" aria-expanded=\"true\" aria-controls=\"pds__accordion-features-wrapper\"><span class=\"d-flex justify-content-between align-items-center\"><span class=\"word-break-word\">Eigenschaften<\/span><i class=\"accordion__icon pds__accordion-icon icon\"><\/i><\/span><\/span><\/h3>\n<\/div>\n<div class=\"pds__accordion-wrapper\">\n<div id=\"pds__accordion-features-wrapper\" class=\"pds__accordion-features-multi-target collapse show\" data-partial-multi-target=\"true\" data-parent=\"#pds__accordion-features\">\n<div class=\"pb-4\">\n<div class=\"overflow-hidden\">\n<div class=\"wysiwyg\">\n<ul>\n<li>Zugang zum Hauptfach: Frontal<\/li>\n<li>Zugang zum Hauptfach: von oben<\/li>\n<li>Separates Sicherheitsfach<\/li>\n<li>Kartenfach<\/li>\n<li>Parallele Ski-Schnellbefestigung mit Karabiner<\/li>\n<li>A-Skifix<\/li>\n<li>D-Skifix (diagonal) mit einer maximalen Mittelbreite von 150 mm<\/li>\n<li>Halterung f\u00fcr Sicherheitsausr\u00fcstung<\/li>\n<li>Eispickelbefestigung<\/li>\n<li>Seilbefestigung<\/li>\n<li>Materialschlaufen<\/li>\n<li>Helmhalterung<\/li>\n<li>Kompressionsriemen<\/li>\n<li>Tasche f\u00fcr CLASP-Protektor<\/li>\n<li>Trinksystemvorbereitung<\/li>\n<li>Brustgurt mit Notfallpfeife<\/li>\n<li>Wertsachenfach mit Schl\u00fcsselhalter<\/li>\n<li>Notfallkarte<\/li>\n<\/ul>\n<p>&nbsp;<\/p>\n<\/div>\n<p>MATERIAL: Polyamid 420 D Cordura + Polyamid 100 D: 100% recycelt<\/p>\n<div id=\"pds__accordion-additional-info-toggle\" class=\"gradient-before d-none d-md-block\">\n<div class=\"mb-0 d-flex justify-content-center\"><\/div>\n<\/div>\n<\/div>\n<\/div>\n<\/div>\n<\/div>\n<\/div>\n<\/div>\n<\/div>\n<\/div>\n<\/div>\n","protected":false},"excerpt":{"rendered":"<p>Ultraleichter und technischer Rucksack f\u00fcr Aufstiege beim Freeriden Der neue RAVINE ist ein LEICHTER und TECHNISCHER Freeride-Rucksack f\u00fcr anspruchsvolle Freerider,<\/p>\n","protected":false},"featured_media":421463,"template":"","meta":{"_seopress_robots_primary_cat":"none","_seopress_titles_title":"","_seopress_titles_desc":"","_seopress_robots_index":""},"product_brand":[3663],"product_cat":[150,1409,1703],"product_tag":[],"class_list":{"0":"post-421468","1":"product","2":"type-product","3":"status-publish","4":"has-post-thumbnail","6":"product_brand-ortovox-de","7":"product_cat-ausrustung","8":"product_cat-freizeitausrustung","9":"product_cat-sonstiges","10":"sws-gruppo-abb-libero-de","11":"sws-conto-ricavi-merci-rivendita-abbigliamento-de","12":"sws-gruppo-iva-iva81-de","14":"first","15":"instock","16":"sale","17":"shipping-taxable","18":"purchasable","19":"product-type-simple"},"_links":{"self":[{"href":"https:\/\/lucacastelli.com\/de\/wp-json\/wp\/v2\/product\/421468","targetHints":{"allow":["GET"]}}],"collection":[{"href":"https:\/\/lucacastelli.com\/de\/wp-json\/wp\/v2\/product"}],"about":[{"href":"https:\/\/lucacastelli.com\/de\/wp-json\/wp\/v2\/types\/product"}],"wp:featuredmedia":[{"embeddable":true,"href":"https:\/\/lucacastelli.com\/de\/wp-json\/wp\/v2\/media\/421463"}],"wp:attachment":[{"href":"https:\/\/lucacastelli.com\/de\/wp-json\/wp\/v2\/media?parent=421468"}],"wp:term":[{"taxonomy":"product_brand","embeddable":true,"href":"https:\/\/lucacastelli.com\/de\/wp-json\/wp\/v2\/product_brand?post=421468"},{"taxonomy":"product_cat","embeddable":true,"href":"https:\/\/lucacastelli.com\/de\/wp-json\/wp\/v2\/product_cat?post=421468"},{"taxonomy":"product_tag","embeddable":true,"href":"https:\/\/lucacastelli.com\/de\/wp-json\/wp\/v2\/product_tag?post=421468"}],"curies":[{"name":"wp","href":"https:\/\/api.w.org\/{rel}","templated":true}]}}