{"id":421378,"date":"2025-05-22T18:13:16","date_gmt":"2025-05-22T16:13:16","guid":{"rendered":"https:\/\/lucacastelli.com\/prodotto\/ortovox-185-rock-n-wool-lange-hose-m\/"},"modified":"2026-04-16T00:52:51","modified_gmt":"2026-04-15T22:52:51","slug":"ortovox-185-rock-n-wool-lange-hose-m","status":"publish","type":"product","link":"https:\/\/lucacastelli.com\/de\/produkt\/ortovox-185-rock-n-wool-lange-hose-m\/","title":{"rendered":"ORTOVOX 185 ROCK&#8217;N&#8217;WOOL LONG PANT M"},"content":{"rendered":"<p>Die 185 ROCK&#8217;N&#8217;WOOL LONG PANT f\u00fcr Herren ist dank hochwertiger Merinowolle besonders weich und h\u00e4lt bei jedem Freeride-Abenteuer trotz K\u00e4lte und Anstrengung warm. Freeriden beginnt bereits bei der ersten Schicht, da diese entscheidend f\u00fcr die Funktionalit\u00e4t ist. Diese lange Unterhose besteht zu 100 % aus reiner Merinowolle mit einem Feinheitsgrad von 19 Mikron, was sich angenehm auf der Haut anf\u00fchlt und dank temperatur- und feuchtigkeitsregulierender Eigenschaften f\u00fcr ein optimales Klima sorgt. Der Klassiker pr\u00e4sentiert sich in einem komplett neuen Design: Die zweigeteilte Optik, frische Farben mit mehrfarbigem Zwirngarn und der modische Bund spiegeln die Vielseitigkeit Ihrer Winterabenteuer wider. Die 185 ROCK&#8217;N&#8217;WOOL LONG PANT f\u00fcr Herren sollte daher in keinem Kleiderschrank eines Freeriders fehlen!    <\/p>\n","protected":false},"excerpt":{"rendered":"<p>Die 185 ROCK&#8217;N&#8217;WOOL LONG PANT f\u00fcr Herren ist dank hochwertiger Merinowolle besonders weich und h\u00e4lt bei jedem Freeride-Abenteuer trotz K\u00e4lte<\/p>\n","protected":false},"featured_media":421370,"template":"","meta":{"_seopress_robots_primary_cat":"none","_seopress_titles_title":"","_seopress_titles_desc":"","_seopress_robots_index":""},"product_brand":[3663],"product_cat":[82,974,975],"product_tag":[],"class_list":{"0":"post-421378","1":"product","2":"type-product","3":"status-publish","4":"has-post-thumbnail","6":"product_brand-ortovox-de","7":"product_cat-kleidung","8":"product_cat-freizeitkleidung","9":"product_cat-herrenbekleidung","10":"sws-gruppo-abb-libero-de","11":"sws-conto-ricavi-merci-rivendita-abbigliamento-de","12":"sws-gruppo-iva-iva81-de","14":"first","15":"instock","16":"sale","17":"shipping-taxable","18":"purchasable","19":"product-type-variable"},"_links":{"self":[{"href":"https:\/\/lucacastelli.com\/de\/wp-json\/wp\/v2\/product\/421378","targetHints":{"allow":["GET"]}}],"collection":[{"href":"https:\/\/lucacastelli.com\/de\/wp-json\/wp\/v2\/product"}],"about":[{"href":"https:\/\/lucacastelli.com\/de\/wp-json\/wp\/v2\/types\/product"}],"wp:featuredmedia":[{"embeddable":true,"href":"https:\/\/lucacastelli.com\/de\/wp-json\/wp\/v2\/media\/421370"}],"wp:attachment":[{"href":"https:\/\/lucacastelli.com\/de\/wp-json\/wp\/v2\/media?parent=421378"}],"wp:term":[{"taxonomy":"product_brand","embeddable":true,"href":"https:\/\/lucacastelli.com\/de\/wp-json\/wp\/v2\/product_brand?post=421378"},{"taxonomy":"product_cat","embeddable":true,"href":"https:\/\/lucacastelli.com\/de\/wp-json\/wp\/v2\/product_cat?post=421378"},{"taxonomy":"product_tag","embeddable":true,"href":"https:\/\/lucacastelli.com\/de\/wp-json\/wp\/v2\/product_tag?post=421378"}],"curies":[{"name":"wp","href":"https:\/\/api.w.org\/{rel}","templated":true}]}}