{"id":421324,"date":"2025-05-19T17:11:29","date_gmt":"2025-05-19T15:11:29","guid":{"rendered":"https:\/\/lucacastelli.com\/prodotto\/echo-2-5ah-xseries-echo-56v-lithium-batterie\/"},"modified":"2026-03-14T21:45:34","modified_gmt":"2026-03-14T20:45:34","slug":"echo-2-5ah-xseries-echo-56v-lithium-batterie","status":"publish","type":"product","link":"https:\/\/lucacastelli.com\/de\/produkt\/echo-2-5ah-xseries-echo-56v-lithium-batterie\/","title":{"rendered":"ECHO 2.5Ah Xseries Echo 56V Lithium Batterie"},"content":{"rendered":"<h2><strong>Echo LBP-560-150 \u2013 56V 2,5 Ah Lithium-Batterie | Leistung, Zuverl\u00e4ssigkeit und Leistung ohne Kompromisse<\/strong><\/h2>\n<p>Entdecke die <strong>n\u00e4chste Grenze der tragbaren Stromversorgung<\/strong> mit dem <strong>Echo LBP-560-150 2,5-Ah-Akku<\/strong>, der Teil der prestigetr\u00e4chtigen <strong>X-Serie<\/strong> von ECHO ist. Dieser <strong>113-Wh-Lithium-Ionen-Akku<\/strong> wurde entwickelt<strong>, um maximale Leistung, au\u00dfergew\u00f6hnliche Haltbarkeit und absolute Kompatibilit\u00e4t<\/strong> mit allen kabellosen Gartenger\u00e4ten der X-SERIE zu bieten, und ist das <strong>schlagende Herz<\/strong> Ihrer Gartenger\u00e4te. Mit einer Nennspannung von <strong>56 Volt<\/strong> bietet er <strong>eine hohe Leistung<\/strong> und herausragende Autonomie, sodass Sie ohne Unterbrechung und <strong>mit erh\u00f6hter Produktivit\u00e4t<\/strong> arbeiten k\u00f6nnen.  <\/p>\n<h4>\ud83d\udd0b <strong>Intelligente Leistung und \u00fcberlegene Leistung<\/strong><\/h4>\n<p>Dank <strong>der neuesten Generation der Lithium-Ionen-Technologie<\/strong> liefert der Echo LBP-560-150 <strong>eine konstante und zuverl\u00e4ssige Leistung<\/strong>, ohne pl\u00f6tzliche Abf\u00e4lle w\u00e4hrend des Gebrauchs. Das bedeutet, dass Sie bis zur letzten Sekunde der Aufladung immer <strong>die maximale Leistung<\/strong> zur Verf\u00fcgung haben. Perfekt f\u00fcr alle, die <strong>Effizienz und professionelle Leistung<\/strong> auch bei den anspruchsvollsten Gartenarbeiten verlangen.  <\/p>\n<h4>\u2699\ufe0f <strong>Vollst\u00e4ndige Kompatibilit\u00e4t mit der X-SERIES-Reihe<\/strong><\/h4>\n<p>Eines der beliebtesten Merkmale dieses Akkus ist seine <strong>au\u00dfergew\u00f6hnliche Vielseitigkeit<\/strong>. Der LBP-560-150 ist <strong>voll kompatibel mit allen Akku-Gartenmaschinen der ECHO X SERIE<\/strong>, einschlie\u00dflich Heckenscheren, Freischneidern, Gebl\u00e4sen, Kettens\u00e4gen und vielem mehr. Dies erm\u00f6glicht <strong>einen modularen und intelligenten<\/strong> Einsatz, senkt die Kosten und vereinfacht das Flottenmanagement.  <\/p>\n<h4>\ud83c\udfc6 <strong>Kompaktes, leichtes und robustes Design<\/strong><\/h4>\n<p>Nicht nur Leistung: Der Echo LBP-560-150 ist <strong>ergonomisch, leicht und leicht zu transportieren<\/strong>. Sein kompaktes Design macht ihn <strong>ideal f\u00fcr den l\u00e4ngeren Einsatz<\/strong>, ohne den Bediener zu erm\u00fcden. Dar\u00fcber hinaus sorgt die sto\u00df- und witterungsbest\u00e4ndige Konstruktion f\u00fcr <strong>eine \u00fcberragende Haltbarkeit<\/strong>, selbst unter rauen Arbeitsbedingungen.  <\/p>\n<h4>\u23f1\ufe0f <strong>Optimierte Ladezeiten<\/strong><\/h4>\n<p>In Kombination mit den ECHO-Schnellladeger\u00e4ten <strong>sind die Ladezeiten \u00fcberraschend kurz<\/strong>, sodass Sie im Handumdrehen wieder an die Arbeit gehen k\u00f6nnen. Ein voll aufgeladener Akku erm\u00f6glicht es Ihnen, die t\u00e4glichen Herausforderungen der Gartenarbeit mit <strong>kontinuierlicher,<\/strong> ununterbrochener Energie zu meistern. Das intelligente Energiemanagementsystem sch\u00fctzt die Batterie vor \u00dcberladung, \u00dcberhitzung und Tiefentladung und verl\u00e4ngert so ihre <strong>Lebensdauer im Laufe der Zeit<\/strong>.  <\/p>\n<h4>\ud83c\udf3f <strong>\u00d6kologische Nachhaltigkeit und Stille<\/strong><\/h4>\n<p>Im Vergleich zu herk\u00f6mmlichen Verbrennungsmotoren sorgt diese Batterie f\u00fcr einen <strong>leisen und umweltfreundlichen<\/strong> Betrieb und minimiert so den CO\u2082-Aussto\u00df und die L\u00e4rmbelastung. Es ist die ideale Wahl f\u00fcr alle, die nachhaltig, effizient und umweltfreundlich <strong>g\u00e4rtnern<\/strong> m\u00f6chten, ohne auf Leistung zu verzichten. <\/p>\n<h4>\ud83d\udcbc <strong>Perfekt f\u00fcr anspruchsvolle Profis und Hobbyisten<\/strong><\/h4>\n<p>Egal, ob Sie ein <strong>Landschaftsbauprofi<\/strong> oder ein Gartenliebhaber sind, der LBP-560-150 Echo-Akku bietet Ihnen ein <strong>H\u00f6chstma\u00df an Qualit\u00e4t, Zuverl\u00e4ssigkeit und Komfort<\/strong>. Dank seiner <strong>fortschrittlichen Technologie<\/strong> ist es m\u00f6glich, auch gro\u00dfe Arbeiten mit der Gewissheit zu bew\u00e4ltigen, immer eine <strong>solide und sichere Energiequelle<\/strong> zur Hand zu haben. <\/p>\n<h3><strong>Technische Hauptmerkmale:<\/strong><\/h3>\n<ul>\n<li><strong>Modell:<\/strong> Echo LBP-560-150<\/li>\n<li><strong>Nennkapazit\u00e4t:<\/strong> 2,5 Ah<\/li>\n<li><strong>Spannung:<\/strong> 56 Volt<\/li>\n<li><strong>Leistung:<\/strong> 113 Wh<\/li>\n<li><strong>Batterietyp:<\/strong> Lithium-Ionen (Li-Ion)<\/li>\n<li><strong>Kompatibilit\u00e4t:<\/strong> Alle batteriebetriebenen Ger\u00e4te der Echo X SERIES<\/li>\n<li><strong>Geringes Gewicht:<\/strong> F\u00fcr optimalen Komfort w\u00e4hrend des Gebrauchs<\/li>\n<li><strong>Integrierte Schutztechnik:<\/strong> gegen \u00dcberlastung und \u00dcberhitzung<\/li>\n<\/ul>\n","protected":false},"excerpt":{"rendered":"<p>Echo LBP-560-150 \u2013 56V 2,5 Ah Lithium-Batterie | Leistung, Zuverl\u00e4ssigkeit und Leistung ohne Kompromisse Entdecke die n\u00e4chste Grenze der tragbaren<\/p>\n","protected":false},"featured_media":421318,"template":"","meta":{"_seopress_robots_primary_cat":"","_seopress_titles_title":"","_seopress_titles_desc":"","_seopress_robots_index":""},"product_brand":[3416],"product_cat":[29,491],"product_tag":[],"class_list":{"0":"post-421324","1":"product","2":"type-product","3":"status-publish","4":"has-post-thumbnail","6":"product_brand-echo","7":"product_cat-macchinari","8":"product_cat-accessori-sistemi-a-batteria","9":"sws-gruppo-macchinari-de","10":"sws-conto-ricavi-merci-rivendita-macchinari-de","11":"sws-gruppo-iva-iva81-de","13":"first","14":"outofstock","15":"sale","16":"shipping-taxable","17":"purchasable","18":"product-type-simple"},"_links":{"self":[{"href":"https:\/\/lucacastelli.com\/de\/wp-json\/wp\/v2\/product\/421324","targetHints":{"allow":["GET"]}}],"collection":[{"href":"https:\/\/lucacastelli.com\/de\/wp-json\/wp\/v2\/product"}],"about":[{"href":"https:\/\/lucacastelli.com\/de\/wp-json\/wp\/v2\/types\/product"}],"wp:featuredmedia":[{"embeddable":true,"href":"https:\/\/lucacastelli.com\/de\/wp-json\/wp\/v2\/media\/421318"}],"wp:attachment":[{"href":"https:\/\/lucacastelli.com\/de\/wp-json\/wp\/v2\/media?parent=421324"}],"wp:term":[{"taxonomy":"product_brand","embeddable":true,"href":"https:\/\/lucacastelli.com\/de\/wp-json\/wp\/v2\/product_brand?post=421324"},{"taxonomy":"product_cat","embeddable":true,"href":"https:\/\/lucacastelli.com\/de\/wp-json\/wp\/v2\/product_cat?post=421324"},{"taxonomy":"product_tag","embeddable":true,"href":"https:\/\/lucacastelli.com\/de\/wp-json\/wp\/v2\/product_tag?post=421324"}],"curies":[{"name":"wp","href":"https:\/\/api.w.org\/{rel}","templated":true}]}}