{"id":421320,"date":"2025-05-19T17:05:08","date_gmt":"2025-05-19T15:05:08","guid":{"rendered":"https:\/\/lucacastelli.com\/prodotto\/kettensaege-echo-cs-362tes\/"},"modified":"2026-03-14T21:45:57","modified_gmt":"2026-03-14T20:45:57","slug":"kettensaege-echo-cs-362tes","status":"publish","type":"product","link":"https:\/\/lucacastelli.com\/de\/produkt\/kettensaege-echo-cs-362tes\/","title":{"rendered":"Kettens\u00e4ge ECHO CS-362TES"},"content":{"rendered":"<p>Die <strong>Benzin-Kettens\u00e4ge<\/strong> CS-362TES wurde entwickelt, um maximale Leistung und Mobilit\u00e4t zu bieten, dank des ausgewogenen Designs, das eine perfekte Kontrolle garantiert, f\u00fcr schnelle und saubere Schnitte von kleinen \u00c4sten oder B\u00e4umen. Sein geringes Gewicht und seine hohe Leistung machen ihn ideal f\u00fcr Baumpfleger und Wartungsarbeiter. <\/p>\n<table>\n<tbody>\n<tr>\n<td>Hubraum (cc)<\/td>\n<td>35,8<\/td>\n<p> kg<br \/>\n<\/tr>\n<tr>\n<td>Leistung (Kw (PS))<\/td>\n<td>1,50 (2,04)<\/td>\n<\/tr>\n<tr>\n<td>Trockengewicht (kg)*1<\/td>\n<td>3,6<\/td>\n<p> kg<br \/>\n<\/tr>\n<tr>\n<td>Kettenteilung (Zoll)<\/td>\n<td>3\/8 b.p.<\/td>\n<\/tr>\n<tr>\n<td>Kettenglieder<\/td>\n<td>53<\/td>\n<\/tr>\n<tr>\n<td>Angewendete Stangenl\u00e4nge (Zoll)*<\/td>\n<td>14<\/td>\n<\/tr>\n<tr>\n<td>Stangenkanal (mm\/Zoll)<\/td>\n<td>1,30\/0,050<\/td>\n<\/tr>\n<\/tbody>\n<\/table>\n","protected":false},"excerpt":{"rendered":"<p>Die Benzin-Kettens\u00e4ge CS-362TES wurde entwickelt, um maximale Leistung und Mobilit\u00e4t zu bieten, dank des ausgewogenen Designs, das eine perfekte Kontrolle<\/p>\n","protected":false},"featured_media":663789,"template":"","meta":{"_seopress_robots_primary_cat":"","_seopress_titles_title":"","_seopress_titles_desc":"","_seopress_robots_index":""},"product_brand":[3622],"product_cat":[1612,169,1616],"product_tag":[],"class_list":{"0":"post-421320","1":"product","2":"type-product","3":"status-publish","4":"has-post-thumbnail","6":"product_brand-echo-de","7":"product_cat-kettensagen","8":"product_cat-maschinen","9":"product_cat-motor-kettensagen","10":"sws-gruppo-macchinari-de","11":"sws-conto-ricavi-merci-rivendita-macchinari-de","12":"sws-gruppo-iva-iva81-de","14":"first","15":"outofstock","16":"sale","17":"shipping-taxable","18":"purchasable","19":"product-type-simple"},"_links":{"self":[{"href":"https:\/\/lucacastelli.com\/de\/wp-json\/wp\/v2\/product\/421320","targetHints":{"allow":["GET"]}}],"collection":[{"href":"https:\/\/lucacastelli.com\/de\/wp-json\/wp\/v2\/product"}],"about":[{"href":"https:\/\/lucacastelli.com\/de\/wp-json\/wp\/v2\/types\/product"}],"wp:featuredmedia":[{"embeddable":true,"href":"https:\/\/lucacastelli.com\/de\/wp-json\/wp\/v2\/media\/663789"}],"wp:attachment":[{"href":"https:\/\/lucacastelli.com\/de\/wp-json\/wp\/v2\/media?parent=421320"}],"wp:term":[{"taxonomy":"product_brand","embeddable":true,"href":"https:\/\/lucacastelli.com\/de\/wp-json\/wp\/v2\/product_brand?post=421320"},{"taxonomy":"product_cat","embeddable":true,"href":"https:\/\/lucacastelli.com\/de\/wp-json\/wp\/v2\/product_cat?post=421320"},{"taxonomy":"product_tag","embeddable":true,"href":"https:\/\/lucacastelli.com\/de\/wp-json\/wp\/v2\/product_tag?post=421320"}],"curies":[{"name":"wp","href":"https:\/\/api.w.org\/{rel}","templated":true}]}}