{"id":421267,"date":"2025-05-18T18:53:43","date_gmt":"2025-05-18T16:53:43","guid":{"rendered":"https:\/\/lucacastelli.com\/prodotto\/echo-pb-8010-ruecken-geblaese\/"},"modified":"2026-03-14T21:47:16","modified_gmt":"2026-03-14T20:47:16","slug":"echo-pb-8010-ruecken-geblaese","status":"publish","type":"product","link":"https:\/\/lucacastelli.com\/de\/produkt\/echo-pb-8010-ruecken-geblaese\/","title":{"rendered":"ECHO PB 8010 R\u00fccken-Gebl\u00e4se"},"content":{"rendered":"<div id=\"shopify-section-template--24273964532098__details\" class=\"shopify-section cc-product-details product-details section\">\n<div class=\"product-details__block\"><\/div>\n<\/div>\n<section id=\"shopify-section-template--24273964532098__recommendations\" class=\"shopify-section cc-product-recommendations cc-product-card-grid\">\n<div class=\"container mb-heading\">\n<p>Das leistungsst\u00e4rkste R\u00fcckengebl\u00e4se der Welt mit un\u00fcbertroffenen Blaseigenschaften dank seines leistungsstarken 79,9 cm\u00b3-Motors, der eine Blaskraft von 44 N erzeugt. Unglaublich geringes Gewicht dank der speziellen Kohlefaserschale, die maximalen Nutzungskomfort garantiert. Er verf\u00fcgt au\u00dferdem \u00fcber einen Tempomat, gepolsterte Schultergurte, eine bel\u00fcftete R\u00fcckenlehne und einen werkzeuglosen Zugang zum Luftfilter.  <\/p>\n<\/div>\n<\/section>\n<p><strong>Funktionen:<\/strong><\/p>\n<p>&nbsp;<\/p>\n<ul>\n<li>Volumen: 79,9 cm3<\/li>\n<li>Leistung 5,70 PS<\/li>\n<li>Beh\u00e4lter 2.56 L<\/li>\n<li>Gewicht 11,9 kg<\/li>\n<li>Luftmenge 1819m3\/h<\/li>\n<li>Luftgeschwindigkeit 94,5 m\/sec<\/li>\n<\/ul>\n","protected":false},"excerpt":{"rendered":"<p>Das leistungsst\u00e4rkste R\u00fcckengebl\u00e4se der Welt mit un\u00fcbertroffenen Blaseigenschaften dank seines leistungsstarken 79,9 cm\u00b3-Motors, der eine Blaskraft von 44 N erzeugt.<\/p>\n","protected":false},"featured_media":421261,"template":"","meta":{"_seopress_robots_primary_cat":"","_seopress_titles_title":"","_seopress_titles_desc":"","_seopress_robots_index":""},"product_brand":[3622],"product_cat":[169,1641,1655],"product_tag":[],"class_list":{"0":"post-421267","1":"product","2":"type-product","3":"status-publish","4":"has-post-thumbnail","6":"product_brand-echo-de","7":"product_cat-maschinen","8":"product_cat-geblase-und-staubsauger","9":"product_cat-motorbetriebene-geblase","10":"sws-gruppo-macchinari-de","11":"sws-conto-ricavi-merci-rivendita-macchinari-de","12":"sws-gruppo-iva-iva81-de","14":"first","15":"instock","16":"sale","17":"shipping-taxable","18":"purchasable","19":"product-type-simple"},"_links":{"self":[{"href":"https:\/\/lucacastelli.com\/de\/wp-json\/wp\/v2\/product\/421267","targetHints":{"allow":["GET"]}}],"collection":[{"href":"https:\/\/lucacastelli.com\/de\/wp-json\/wp\/v2\/product"}],"about":[{"href":"https:\/\/lucacastelli.com\/de\/wp-json\/wp\/v2\/types\/product"}],"wp:featuredmedia":[{"embeddable":true,"href":"https:\/\/lucacastelli.com\/de\/wp-json\/wp\/v2\/media\/421261"}],"wp:attachment":[{"href":"https:\/\/lucacastelli.com\/de\/wp-json\/wp\/v2\/media?parent=421267"}],"wp:term":[{"taxonomy":"product_brand","embeddable":true,"href":"https:\/\/lucacastelli.com\/de\/wp-json\/wp\/v2\/product_brand?post=421267"},{"taxonomy":"product_cat","embeddable":true,"href":"https:\/\/lucacastelli.com\/de\/wp-json\/wp\/v2\/product_cat?post=421267"},{"taxonomy":"product_tag","embeddable":true,"href":"https:\/\/lucacastelli.com\/de\/wp-json\/wp\/v2\/product_tag?post=421267"}],"curies":[{"name":"wp","href":"https:\/\/api.w.org\/{rel}","templated":true}]}}