{"id":421211,"date":"2025-05-17T15:42:50","date_gmt":"2025-05-17T13:42:50","guid":{"rendered":"https:\/\/lucacastelli.com\/prodotto\/echo-cs-2511tes\/"},"modified":"2026-03-14T21:47:44","modified_gmt":"2026-03-14T20:47:44","slug":"echo-cs-2511tes","status":"publish","type":"product","link":"https:\/\/lucacastelli.com\/de\/produkt\/echo-cs-2511tes\/","title":{"rendered":"ECHO CS-2511TES"},"content":{"rendered":"<p class=\"\" data-start=\"189\" data-end=\"936\">Die Asts\u00e4ge ECHO CS-2511TES ist eine der leichtesten und leistungsst\u00e4rksten Kettens\u00e4gen ihrer Klasse. Dank ihrer kompakten und ultraleichten Bauweise garantiert diese Kettens\u00e4ge eine au\u00dfergew\u00f6hnliche Balance und das beste Leistungsgewicht f\u00fcr einen m\u00fchelosen Betrieb. Mit einem Hubraum von 25 cm\u00b3 und einer Leistung von 1,1 kW (1,51 PS) eignet er sich perfekt f\u00fcr pr\u00e4zise Schnittarbeiten, auch an schwer zug\u00e4nglichen \u00c4sten. Mit einem Gewicht von nur 2,3 kg ist er einfach zu handhaben und reduziert die Erm\u00fcdung bei l\u00e4ngerem Gebrauch. Dar\u00fcber hinaus erm\u00f6glicht die 25 cm lange Stange einen schnellen und pr\u00e4zisen Schnitt. Optional ist ein Schmutzsieb erh\u00e4ltlich, um maximalen Schutz bei der Arbeit zu gew\u00e4hrleisten.     <\/p>\n<p data-start=\"189\" data-end=\"936\">\n<section id=\"shopify-section-template--24273964532098__recommendations\" class=\"shopify-section cc-product-recommendations cc-product-card-grid\">\n<div class=\"container mb-heading\">\n<p data-start=\"943\" data-end=\"980\"><strong data-start=\"947\" data-end=\"980\">Funktionen:<\/strong><\/p>\n<ul>\n<li data-start=\"984\" data-end=\"1067\">Easy Start: System, mit dem Sie die Kettens\u00e4ge mit wenig Aufwand starten k\u00f6nnen.<\/li>\n<li data-start=\"1070\" data-end=\"1144\">25 cm Schwert: Ideal f\u00fcr pr\u00e4zise und schnelle Schnitte an \u00c4sten und Str\u00e4uchern.<\/li>\n<li data-start=\"1147\" data-end=\"1209\">Hubraum: 25 cm\u00b3 f\u00fcr kompakte und effiziente Leistung.<\/li>\n<li data-start=\"1212\" data-end=\"1291\">Leistung: 1,1 kW (1,51 PS), perfekt f\u00fcr leichte und mittlere Schnittarbeiten.<\/li>\n<li data-start=\"1294\" data-end=\"1373\">Gewicht: Nur 2,3 kg, f\u00fcr \u00fcberlegenes Handling und reduzierte Erm\u00fcdung.<\/li>\n<li data-start=\"1376\" data-end=\"1457\">Schmutzsieb (optional): F\u00fcr zus\u00e4tzlichen Schutz bei der Arbeit.<\/li>\n<\/ul>\n<\/div>\n<\/section>\n<p data-start=\"189\" data-end=\"936\">\n","protected":false},"excerpt":{"rendered":"<p>Die Asts\u00e4ge ECHO CS-2511TES ist eine der leichtesten und leistungsst\u00e4rksten Kettens\u00e4gen ihrer Klasse. Dank ihrer kompakten und ultraleichten Bauweise garantiert<\/p>\n","protected":false},"featured_media":663781,"template":"","meta":{"_seopress_robots_primary_cat":"","_seopress_titles_title":"","_seopress_titles_desc":"","_seopress_robots_index":""},"product_brand":[3416],"product_cat":[29,268,494],"product_tag":[],"class_list":{"0":"post-421211","1":"product","2":"type-product","3":"status-publish","4":"has-post-thumbnail","6":"product_brand-echo","7":"product_cat-macchinari","8":"product_cat-motoseghe","9":"product_cat-motoseghe-a-motore","10":"sws-gruppo-macchinari-de","11":"sws-conto-ricavi-merci-rivendita-macchinari-de","12":"sws-gruppo-iva-iva81-de","14":"first","15":"outofstock","16":"sale","17":"shipping-taxable","18":"purchasable","19":"product-type-simple"},"_links":{"self":[{"href":"https:\/\/lucacastelli.com\/de\/wp-json\/wp\/v2\/product\/421211","targetHints":{"allow":["GET"]}}],"collection":[{"href":"https:\/\/lucacastelli.com\/de\/wp-json\/wp\/v2\/product"}],"about":[{"href":"https:\/\/lucacastelli.com\/de\/wp-json\/wp\/v2\/types\/product"}],"wp:featuredmedia":[{"embeddable":true,"href":"https:\/\/lucacastelli.com\/de\/wp-json\/wp\/v2\/media\/663781"}],"wp:attachment":[{"href":"https:\/\/lucacastelli.com\/de\/wp-json\/wp\/v2\/media?parent=421211"}],"wp:term":[{"taxonomy":"product_brand","embeddable":true,"href":"https:\/\/lucacastelli.com\/de\/wp-json\/wp\/v2\/product_brand?post=421211"},{"taxonomy":"product_cat","embeddable":true,"href":"https:\/\/lucacastelli.com\/de\/wp-json\/wp\/v2\/product_cat?post=421211"},{"taxonomy":"product_tag","embeddable":true,"href":"https:\/\/lucacastelli.com\/de\/wp-json\/wp\/v2\/product_tag?post=421211"}],"curies":[{"name":"wp","href":"https:\/\/api.w.org\/{rel}","templated":true}]}}