{"id":420618,"date":"2025-05-14T11:24:37","date_gmt":"2025-05-14T09:24:37","guid":{"rendered":"https:\/\/lucacastelli.com\/prodotto\/oregon-maehdraht-duoline-30-mm-x-120-m\/"},"modified":"2025-05-14T12:07:22","modified_gmt":"2025-05-14T10:07:22","slug":"oregon-maehdraht-duoline-30-mm-x-120-m","status":"publish","type":"product","link":"https:\/\/lucacastelli.com\/de\/produkt\/oregon-maehdraht-duoline-30-mm-x-120-m\/","title":{"rendered":"Oregon M\u00e4hdraht Duoline 3,0 mm x 120 m"},"content":{"rendered":"<p>HOHE FESTIGKEIT \u2022 Hergestellt aus 2 verschiedenen Materialien f\u00fcr optimale Flexibilit\u00e4t und Widerstandsf\u00e4higkeit.<\/p>\n<p>Durchmesser: 3 mm<br \/>\nL\u00e4nge: 120 ml<br \/>\nFarbe: Transparent<br \/>\nSchnitt: Rund<br \/>\nGewicht: 1,26 kg<\/p>\n","protected":false},"excerpt":{"rendered":"<p>HOHE FESTIGKEIT \u2022 Hergestellt aus 2 verschiedenen Materialien f\u00fcr optimale Flexibilit\u00e4t und Widerstandsf\u00e4higkeit. Durchmesser: 3 mm L\u00e4nge: 120 ml Farbe:<\/p>\n","protected":false},"featured_media":420575,"template":"","meta":{"_seopress_robots_primary_cat":"","_seopress_titles_title":"","_seopress_titles_desc":"","_seopress_robots_index":""},"product_brand":[3409],"product_cat":[29,270,271],"product_tag":[],"class_list":{"0":"post-420618","1":"product","2":"type-product","3":"status-publish","4":"has-post-thumbnail","6":"product_brand-oregon","7":"product_cat-macchinari","8":"product_cat-decespugliatori-e-tagliabordi","9":"product_cat-accessori-e-materiale-di-consumo-decespugliatori-e-tagliabordi","10":"sws-gruppo-macchinari","11":"sws-conto-ricavi-merci-rivendita-macchinari","12":"sws-gruppo-iva-iva81","14":"first","15":"instock","16":"shipping-taxable","17":"purchasable","18":"product-type-simple"},"_links":{"self":[{"href":"https:\/\/lucacastelli.com\/de\/wp-json\/wp\/v2\/product\/420618","targetHints":{"allow":["GET"]}}],"collection":[{"href":"https:\/\/lucacastelli.com\/de\/wp-json\/wp\/v2\/product"}],"about":[{"href":"https:\/\/lucacastelli.com\/de\/wp-json\/wp\/v2\/types\/product"}],"wp:featuredmedia":[{"embeddable":true,"href":"https:\/\/lucacastelli.com\/de\/wp-json\/wp\/v2\/media\/420575"}],"wp:attachment":[{"href":"https:\/\/lucacastelli.com\/de\/wp-json\/wp\/v2\/media?parent=420618"}],"wp:term":[{"taxonomy":"product_brand","embeddable":true,"href":"https:\/\/lucacastelli.com\/de\/wp-json\/wp\/v2\/product_brand?post=420618"},{"taxonomy":"product_cat","embeddable":true,"href":"https:\/\/lucacastelli.com\/de\/wp-json\/wp\/v2\/product_cat?post=420618"},{"taxonomy":"product_tag","embeddable":true,"href":"https:\/\/lucacastelli.com\/de\/wp-json\/wp\/v2\/product_tag?post=420618"}],"curies":[{"name":"wp","href":"https:\/\/api.w.org\/{rel}","templated":true}]}}