{"id":420312,"date":"2023-12-02T09:07:55","date_gmt":"2023-12-02T08:07:55","guid":{"rendered":"https:\/\/lucacastelli.com\/prodotto\/pfanner-primaloft-gold-strickmuetze\/"},"modified":"2025-09-03T08:10:57","modified_gmt":"2025-09-03T06:10:57","slug":"pfanner-primaloft-gold-strickmuetze","status":"publish","type":"product","link":"https:\/\/lucacastelli.com\/de\/produkt\/pfanner-primaloft-gold-strickmuetze\/","title":{"rendered":"PFANNER PrimaLoft Gold Strickm\u00fctze"},"content":{"rendered":"<p>Die klassische Winterm\u00fctze mit Primaloft Gold Innenfutter ist perfekt f\u00fcr kalte Tage. Das Futter ist wasserabweisend und bietet dennoch uneingeschr\u00e4nkte Atmungsaktivit\u00e4t. Dar\u00fcber hinaus w\u00e4rmt das Primaloft-Futter den Kopf bei minimalem Gewicht. Dank ihrer Verarbeitung ist die M\u00fctze hochelastisch und bietet eine optimale Passform. So garantiert die Kopfbedeckung perfekten Komfort.<br \/>\n-PrimaLoft\u00ae Gold Innenfutter<br \/>\n-Wasserabweisend<br \/>\n-Extrem atmungsaktiv<br \/>\n-Elastisch<br \/>\n-Leicht<br \/>\n-Windstopper im Stirn- und Ohrenbereich    <\/p>\n<p>Material:<br \/>\nAu\u00dfenmaterial: 100% Acryl<br \/>\nFutter: 100% Primaloft<\/p>\n","protected":false},"excerpt":{"rendered":"<p>Die klassische Winterm\u00fctze mit Primaloft Gold Innenfutter ist perfekt f\u00fcr kalte Tage. Das Futter ist wasserabweisend und bietet dennoch uneingeschr\u00e4nkte<\/p>\n","protected":false},"featured_media":513051,"template":"","meta":{"_seopress_robots_primary_cat":"none","_seopress_titles_title":"","_seopress_titles_desc":"","_seopress_robots_index":""},"product_brand":[3670],"product_cat":[82,1391],"product_tag":[],"class_list":{"0":"post-420312","1":"product","2":"type-product","3":"status-publish","4":"has-post-thumbnail","6":"product_brand-pfanner-de","7":"product_cat-kleidung","8":"product_cat-bekleidungs-accessoires","9":"sws-gruppo-no-gruppo","10":"sws-categoria-sito","11":"sws-sottocategoria-altro","12":"sws-conto-ricavi-merci-rivendita-abbigliamento","13":"sws-gruppo-iva-iva81","15":"first","16":"instock","17":"shipping-taxable","18":"purchasable","19":"product-type-variable"},"_links":{"self":[{"href":"https:\/\/lucacastelli.com\/de\/wp-json\/wp\/v2\/product\/420312","targetHints":{"allow":["GET"]}}],"collection":[{"href":"https:\/\/lucacastelli.com\/de\/wp-json\/wp\/v2\/product"}],"about":[{"href":"https:\/\/lucacastelli.com\/de\/wp-json\/wp\/v2\/types\/product"}],"wp:featuredmedia":[{"embeddable":true,"href":"https:\/\/lucacastelli.com\/de\/wp-json\/wp\/v2\/media\/513051"}],"wp:attachment":[{"href":"https:\/\/lucacastelli.com\/de\/wp-json\/wp\/v2\/media?parent=420312"}],"wp:term":[{"taxonomy":"product_brand","embeddable":true,"href":"https:\/\/lucacastelli.com\/de\/wp-json\/wp\/v2\/product_brand?post=420312"},{"taxonomy":"product_cat","embeddable":true,"href":"https:\/\/lucacastelli.com\/de\/wp-json\/wp\/v2\/product_cat?post=420312"},{"taxonomy":"product_tag","embeddable":true,"href":"https:\/\/lucacastelli.com\/de\/wp-json\/wp\/v2\/product_tag?post=420312"}],"curies":[{"name":"wp","href":"https:\/\/api.w.org\/{rel}","templated":true}]}}