{"id":420307,"date":"2023-12-04T12:05:18","date_gmt":"2023-12-04T11:05:18","guid":{"rendered":"https:\/\/lucacastelli.com\/prodotto\/pfanner-polartec-jacke-damen\/"},"modified":"2025-09-04T00:06:10","modified_gmt":"2025-09-03T22:06:10","slug":"pfanner-polartec-jacke-damen","status":"publish","type":"product","link":"https:\/\/lucacastelli.com\/de\/produkt\/pfanner-polartec-jacke-damen\/","title":{"rendered":"PFANNER PolarTec Jacke Damen"},"content":{"rendered":"<p>Polartec Jacke Diese bequeme Jacke ist aus Polartec Power Stretch gefertigt und hat eine tolle Passform und viel Bewegungsfreiheit. Gleichzeitig bietet das hochwertige Fleece einen hohen W\u00e4rmer\u00fcckhalt und eine einfache Pflege &#8211; ideal f\u00fcr kalte Temperaturen. <\/p>\n<p>&#8211; Bequem und warm<br \/>\n&#8211; Angenehm zu tragen<br \/>\n&#8211; Hochwertiges<br \/>\n Polartec-Fleece- Gute Isolationswerte<br \/>\n&#8211; Gro\u00dfe Bewegungsfreiheit dank elastischem Fleece<\/p>\n<p>Material: 50% Polyester, 40% Nylon, 10% Elasthan<\/p>\n","protected":false},"excerpt":{"rendered":"<p>Polartec Jacke Diese bequeme Jacke ist aus Polartec Power Stretch gefertigt und hat eine tolle Passform und viel Bewegungsfreiheit. Gleichzeitig<\/p>\n","protected":false},"featured_media":98965,"template":"","meta":{"_seopress_robots_primary_cat":"none","_seopress_titles_title":"","_seopress_titles_desc":"","_seopress_robots_index":""},"product_brand":[3670],"product_cat":[1388,974,82],"product_tag":[],"class_list":{"0":"post-420307","1":"product","2":"type-product","3":"status-publish","4":"has-post-thumbnail","6":"product_brand-pfanner-de","7":"product_cat-damenbekleidung","8":"product_cat-freizeitkleidung","9":"product_cat-kleidung","10":"sws-gruppo-no-gruppo-de","11":"sws-categoria-sito-de","12":"sws-sottocategoria-altro-de","13":"sws-conto-ricavi-merci-rivendita-abbigliamento-de","14":"sws-gruppo-iva-iva81-de","16":"first","17":"instock","18":"shipping-taxable","19":"purchasable","20":"product-type-variable","21":"has-default-attributes"},"_links":{"self":[{"href":"https:\/\/lucacastelli.com\/de\/wp-json\/wp\/v2\/product\/420307","targetHints":{"allow":["GET"]}}],"collection":[{"href":"https:\/\/lucacastelli.com\/de\/wp-json\/wp\/v2\/product"}],"about":[{"href":"https:\/\/lucacastelli.com\/de\/wp-json\/wp\/v2\/types\/product"}],"wp:featuredmedia":[{"embeddable":true,"href":"https:\/\/lucacastelli.com\/de\/wp-json\/wp\/v2\/media\/98965"}],"wp:attachment":[{"href":"https:\/\/lucacastelli.com\/de\/wp-json\/wp\/v2\/media?parent=420307"}],"wp:term":[{"taxonomy":"product_brand","embeddable":true,"href":"https:\/\/lucacastelli.com\/de\/wp-json\/wp\/v2\/product_brand?post=420307"},{"taxonomy":"product_cat","embeddable":true,"href":"https:\/\/lucacastelli.com\/de\/wp-json\/wp\/v2\/product_cat?post=420307"},{"taxonomy":"product_tag","embeddable":true,"href":"https:\/\/lucacastelli.com\/de\/wp-json\/wp\/v2\/product_tag?post=420307"}],"curies":[{"name":"wp","href":"https:\/\/api.w.org\/{rel}","templated":true}]}}