{"id":420180,"date":"2024-04-30T14:26:28","date_gmt":"2024-04-30T12:26:28","guid":{"rendered":"https:\/\/lucacastelli.com\/prodotto\/pfanner-waldleuchte-weste\/"},"modified":"2025-10-27T12:20:30","modified_gmt":"2025-10-27T11:20:30","slug":"pfanner-waldleuchte-weste","status":"publish","type":"product","link":"https:\/\/lucacastelli.com\/de\/produkt\/pfanner-waldleuchte-weste\/","title":{"rendered":"PFANNER WALDLEUCHTE WESTE"},"content":{"rendered":"<p>Die Pfanner Forest Light Weste ist eine leichte, aber robuste Weste und besticht durch ihre StretchAir\u00ae-Technologie. Sie eignet sich besonders f\u00fcr die w\u00e4rmere Jahreszeit.<br \/>\nDas spezielle 4-Wege-Stretch-Obermaterial bietet maximale Bewegungsfreiheit und die Weste ist extrem widerstandsf\u00e4hig gegen \u00c4ste und Dornen. Vier Taschen bieten ausreichend Platz f\u00fcr Notizblock, Handy, Stift, etc.<br \/>\nDie Sicherheit wird durch hohe Sichtbarkeit dank durchgehender Reflexstreifen und den bew\u00e4hrten 3CON\u00ae-Logos erh\u00f6ht.  <\/p>\n<p>StretchAir-Technologie<br \/>\n, dehnbares, wasser- und schmutzabweisendes<br \/>\nMaterial Kragen mit hohem Verschluss<br \/>\n2 Brusttaschen mit 2Zip-Rei\u00dfverschluss, 2 Seitentaschen<br \/>\n3CON\u00ae reflektierende Logos und reflektierende Streifen auf Brust und R\u00fccken f\u00fcr bessere Sichtbarkeit und Sicherheit<br \/>\nwasserdichte Verst\u00e4rkung an den Schultern<\/p>\n<p>&nbsp;<\/p>\n<p>&nbsp;<\/p>\n<p>Material:<br \/>\nRotes Au\u00dfenmaterial: 90% Polyamid, 10% Elastan<br \/>\nNeongelbes Au\u00dfenmaterial: 90% Polyester, 10% Elastan<\/p>\n","protected":false},"excerpt":{"rendered":"<p>Die Pfanner Forest Light Weste ist eine leichte, aber robuste Weste und besticht durch ihre StretchAir\u00ae-Technologie. Sie eignet sich besonders<\/p>\n","protected":false},"featured_media":513375,"template":"","meta":{"_seopress_robots_primary_cat":"none","_seopress_titles_title":"","_seopress_titles_desc":"","_seopress_robots_index":""},"product_brand":[3670],"product_cat":[1382,82],"product_tag":[],"class_list":{"0":"post-420180","1":"product","2":"type-product","3":"status-publish","4":"has-post-thumbnail","6":"product_brand-pfanner-de","7":"product_cat-arbeitskleidung","8":"product_cat-kleidung","9":"sws-gruppo-no-gruppo","10":"sws-categoria-sito","11":"sws-sottocategoria-altro","12":"sws-conto-ricavi-merci-rivendita-abbigliamento","13":"sws-gruppo-iva-iva81","15":"first","16":"instock","17":"shipping-taxable","18":"purchasable","19":"product-type-variable"},"_links":{"self":[{"href":"https:\/\/lucacastelli.com\/de\/wp-json\/wp\/v2\/product\/420180","targetHints":{"allow":["GET"]}}],"collection":[{"href":"https:\/\/lucacastelli.com\/de\/wp-json\/wp\/v2\/product"}],"about":[{"href":"https:\/\/lucacastelli.com\/de\/wp-json\/wp\/v2\/types\/product"}],"wp:featuredmedia":[{"embeddable":true,"href":"https:\/\/lucacastelli.com\/de\/wp-json\/wp\/v2\/media\/513375"}],"wp:attachment":[{"href":"https:\/\/lucacastelli.com\/de\/wp-json\/wp\/v2\/media?parent=420180"}],"wp:term":[{"taxonomy":"product_brand","embeddable":true,"href":"https:\/\/lucacastelli.com\/de\/wp-json\/wp\/v2\/product_brand?post=420180"},{"taxonomy":"product_cat","embeddable":true,"href":"https:\/\/lucacastelli.com\/de\/wp-json\/wp\/v2\/product_cat?post=420180"},{"taxonomy":"product_tag","embeddable":true,"href":"https:\/\/lucacastelli.com\/de\/wp-json\/wp\/v2\/product_tag?post=420180"}],"curies":[{"name":"wp","href":"https:\/\/api.w.org\/{rel}","templated":true}]}}