{"id":420151,"date":"2023-06-16T09:58:27","date_gmt":"2023-06-16T07:58:27","guid":{"rendered":"https:\/\/lucacastelli.com\/prodotto\/akku-high-output-8-0-ah-m18hb8\/"},"modified":"2025-06-29T08:15:48","modified_gmt":"2025-06-29T06:15:48","slug":"akku-high-output-8-0-ah-m18hb8","status":"publish","type":"product","link":"https:\/\/lucacastelli.com\/de\/produkt\/akku-high-output-8-0-ah-m18hb8\/","title":{"rendered":"Akku High Output 8.0 Ah M18HB8"},"content":{"rendered":"<p>Die neue HIGH OUTPUT-Batterietechnologie bietet bis zu 50 % mehr Leistung im gesamten M18-System als andere Milwaukee REDLITHIUM-ION-Technologien.<br \/>\nDas patentierte REDLINK\u2122 INTELLLIGENCE SYSTEM sch\u00fctzt die Batterie in h\u00e4rtesten Anwendungen und sorgt f\u00fcr eine optimale Leistungsentfaltung.<br \/>\nEr arbeitet bis zu 50 % k\u00fchler als andere Milwaukee\u2122 REDLITHIUM-Technologien\u2122 in den h\u00e4rtesten Anwendungen.<br \/>\nNeuer HIGH OUTPUT-Akku\u2122 macht den Wechsel von kabelgebundenen<br \/>\nWerkzeugen noch einfacher Robuster Metallrahmen mit sto\u00dfd\u00e4mpfendem Abstandshalter sch\u00fctzt vor starken<br \/>\nVibrationen und St\u00fcrzen Eingebaute Ladezustandsanzeige und -system 100% kompatibel mit der Milwaukee M18-Produktreihe<br \/>\nEinzelzellen\u00fcberwachung sorgt f\u00fcr optimales Laden und Entladen f\u00fcr eine lange<br \/>\n AkkulaufzeitIm Vergleich zu anderen Lithium-Ionen-Technologien und\/oder der bisherigen Milwaukee. Das Ergebnis h\u00e4ngt von der Spannung, dem Werkzeug und der Anwendung ab. <\/p>\n<p>Technische Daten:<\/p>\n<p>Lithium-Ionen-Akku<br \/>\nBatteriekapazit\u00e4t (Ah) 8,0<br \/>\nGewicht (kg) &#8211;<br \/>\nSpannung (V) 18<br \/>\nM18 System<\/p>\n<p>Lieferumfang:<\/p>\n<p>1 x 18V\/8,0Ah Roter Lithium-Ionen-Akku (M18 HB8)<\/p>\n","protected":false},"excerpt":{"rendered":"<p>Die neue HIGH OUTPUT-Batterietechnologie bietet bis zu 50 % mehr Leistung im gesamten M18-System als andere Milwaukee REDLITHIUM-ION-Technologien. Das patentierte<\/p>\n","protected":false},"featured_media":56514,"template":"","meta":{"_seopress_robots_primary_cat":"","_seopress_titles_title":"","_seopress_titles_desc":"","_seopress_robots_index":""},"product_brand":[3656],"product_cat":[1454,1553,169,1455],"product_tag":[],"class_list":{"0":"post-420151","1":"product","2":"type-product","3":"status-publish","4":"has-post-thumbnail","6":"product_brand-milwaukee-de","7":"product_cat-andere-gerate","8":"product_cat-bohrer-und-schraubendreher","9":"product_cat-maschinen","10":"product_cat-zubehor-und-verbrauchsmaterial-de","12":"first","13":"instock","14":"shipping-taxable","15":"purchasable","16":"product-type-simple"},"_links":{"self":[{"href":"https:\/\/lucacastelli.com\/de\/wp-json\/wp\/v2\/product\/420151","targetHints":{"allow":["GET"]}}],"collection":[{"href":"https:\/\/lucacastelli.com\/de\/wp-json\/wp\/v2\/product"}],"about":[{"href":"https:\/\/lucacastelli.com\/de\/wp-json\/wp\/v2\/types\/product"}],"wp:featuredmedia":[{"embeddable":true,"href":"https:\/\/lucacastelli.com\/de\/wp-json\/wp\/v2\/media\/56514"}],"wp:attachment":[{"href":"https:\/\/lucacastelli.com\/de\/wp-json\/wp\/v2\/media?parent=420151"}],"wp:term":[{"taxonomy":"product_brand","embeddable":true,"href":"https:\/\/lucacastelli.com\/de\/wp-json\/wp\/v2\/product_brand?post=420151"},{"taxonomy":"product_cat","embeddable":true,"href":"https:\/\/lucacastelli.com\/de\/wp-json\/wp\/v2\/product_cat?post=420151"},{"taxonomy":"product_tag","embeddable":true,"href":"https:\/\/lucacastelli.com\/de\/wp-json\/wp\/v2\/product_tag?post=420151"}],"curies":[{"name":"wp","href":"https:\/\/api.w.org\/{rel}","templated":true}]}}